{"id":63336,"date":"2024-01-23T19:37:48","date_gmt":"2024-09-16T13:09:24","guid":{"rendered":"https:\/\/staging.nbg.eu\/product\/iosso-firearms-parts-cleaner-degreaser-37l\/"},"modified":"2024-09-16T13:10:07","modified_gmt":"2024-09-16T13:10:07","slug":"iosso-cistic-dilu-strelnych-zbrani-odmastovac-37l","status":"publish","type":"product","link":"https:\/\/staging.nbg.eu\/cs\/produkt\/iosso-cistic-dilu-strelnych-zbrani-odmastovac-37l\/","title":{"rendered":"Iosso \u010disti\u010d d\u00edl\u016f st\u0159eln\u00fdch zbran\u00ed (odma\u0161\u0165ova\u010d, 3,7L)"},"content":{"rendered":"<p>\n\u010cisti\u010d sou\u010d\u00e1st\u00ed st\u0159eln\u00fdch zbran\u00ed Iosso: \u00da\u010dinn\u00fd odma\u0161\u0165ova\u010d pro st\u0159eln\u00e9 zbran\u011b. Tento biologicky rozlo\u017eiteln\u00fd \u010disti\u010d na rostlinn\u00e9 b\u00e1zi odstra\u0148uje zne\u010di\u0161t\u011bn\u00ed, uhl\u00edk, mastnotu a zbytky. Je bezpe\u010dn\u00fd pro pou\u017eit\u00ed v ultrazvukov\u00fdch \u010disti\u010dk\u00e1ch, m\u00e1 n\u00edzk\u00fd obsah t\u011bkav\u00fdch organick\u00fdch l\u00e1tek a je vyroben z p\u0159\u00edrodn\u00edch rostlinn\u00fdch extrakt\u016f. Lze aplikovat sprejem, nam\u00e1\u010den\u00edm nebo ot\u00edr\u00e1n\u00edm pro \u010di\u0161t\u011bn\u00ed, kter\u00e9 je bezpe\u010dn\u00e9 pro u\u017eivatele i \u017eivotn\u00ed prost\u0159ed\u00ed.<\/p>\n","protected":false},"excerpt":{"rendered":"<p>Ekologick\u00fd, \u00fa\u010dinn\u00fd odma\u0161\u0165ova\u010d pro d\u016fkladn\u00e9 \u010di\u0161t\u011bn\u00ed sou\u010d\u00e1stek zbran\u00ed.<\/p>\n","protected":false},"featured_media":102519,"template":"","meta":{"_acf_changed":false},"product_brand":[11469],"product_cat":[12690,12704],"product_tag":[],"class_list":{"0":"post-63336","1":"product","2":"type-product","3":"status-publish","4":"has-post-thumbnail","6":"product_brand-iosso","7":"product_cat-cisteni-zbrani","8":"product_cat-cistici-prostredky","10":"first","11":"instock","12":"taxable","13":"shipping-taxable","14":"purchasable","15":"product-type-simple"},"acf":[],"_links":{"self":[{"href":"https:\/\/staging.nbg.eu\/cs\/wp-json\/wp\/v2\/product\/63336","targetHints":{"allow":["GET"]}}],"collection":[{"href":"https:\/\/staging.nbg.eu\/cs\/wp-json\/wp\/v2\/product"}],"about":[{"href":"https:\/\/staging.nbg.eu\/cs\/wp-json\/wp\/v2\/types\/product"}],"wp:featuredmedia":[{"embeddable":true,"href":"https:\/\/staging.nbg.eu\/cs\/wp-json\/wp\/v2\/media\/102519"}],"wp:attachment":[{"href":"https:\/\/staging.nbg.eu\/cs\/wp-json\/wp\/v2\/media?parent=63336"}],"wp:term":[{"taxonomy":"product_brand","embeddable":true,"href":"https:\/\/staging.nbg.eu\/cs\/wp-json\/wp\/v2\/product_brand?post=63336"},{"taxonomy":"product_cat","embeddable":true,"href":"https:\/\/staging.nbg.eu\/cs\/wp-json\/wp\/v2\/product_cat?post=63336"},{"taxonomy":"product_tag","embeddable":true,"href":"https:\/\/staging.nbg.eu\/cs\/wp-json\/wp\/v2\/product_tag?post=63336"}],"curies":[{"name":"wp","href":"https:\/\/api.w.org\/{rel}","templated":true}]}}