{"id":63274,"date":"2024-01-23T19:46:33","date_gmt":"2024-09-16T13:04:24","guid":{"rendered":"https:\/\/staging.nbg.eu\/product\/iosso-gunbrite\/"},"modified":"2024-09-16T13:05:08","modified_gmt":"2024-09-16T13:05:08","slug":"iosso-gunbrite","status":"publish","type":"product","link":"https:\/\/staging.nbg.eu\/cs\/produkt\/iosso-gunbrite\/","title":{"rendered":"Iosso GunBrite"},"content":{"rendered":"<p>\nIosso GunBrite: Prost\u0159edek na \u010di\u0161t\u011bn\u00ed zbran\u00ed<\/p>\n<ul>\n<li>Bezpe\u010dn\u00fd pro v\u0161echny povrchov\u00e9 \u00fapravy zbran\u00ed<\/li>\n<li>Odstra\u0148uje zne\u010di\u0161t\u011bn\u00ed, rez, skvrny a zm\u011bny barvy<\/li>\n<li>\u010cist\u00ed odoln\u00e9 krou\u017eky na v\u00e1lci<\/li>\n<li>Zanech\u00e1v\u00e1 ochrann\u00fd, neolejov\u00fd povlak<\/li>\n<li>Odol\u00e1v\u00e1 otisk\u016fm prst\u016f a vlhkosti<\/li>\n<\/ul>\n<p>Udr\u017eujte sv\u00e9 st\u0159eln\u00e9 zbran\u011b \u010dist\u00e9 s Iosso GunBrite.<\/p>\n","protected":false},"excerpt":{"rendered":"<p>Iosso GunBrite: Bezpe\u010dn\u011b \u010dist\u00ed, le\u0161t\u00ed a chr\u00e1n\u00ed st\u0159eln\u00e9 zbran\u011b.<\/p>\n","protected":false},"featured_media":102596,"template":"","meta":{"_acf_changed":false},"product_brand":[11469],"product_cat":[12690,12704],"product_tag":[],"class_list":{"0":"post-63274","1":"product","2":"type-product","3":"status-publish","4":"has-post-thumbnail","6":"product_brand-iosso","7":"product_cat-cisteni-zbrani","8":"product_cat-cistici-prostredky","10":"first","11":"instock","12":"taxable","13":"shipping-taxable","14":"purchasable","15":"product-type-variable","16":"wvs-archive-product-wrapper"},"acf":[],"_links":{"self":[{"href":"https:\/\/staging.nbg.eu\/cs\/wp-json\/wp\/v2\/product\/63274","targetHints":{"allow":["GET"]}}],"collection":[{"href":"https:\/\/staging.nbg.eu\/cs\/wp-json\/wp\/v2\/product"}],"about":[{"href":"https:\/\/staging.nbg.eu\/cs\/wp-json\/wp\/v2\/types\/product"}],"wp:featuredmedia":[{"embeddable":true,"href":"https:\/\/staging.nbg.eu\/cs\/wp-json\/wp\/v2\/media\/102596"}],"wp:attachment":[{"href":"https:\/\/staging.nbg.eu\/cs\/wp-json\/wp\/v2\/media?parent=63274"}],"wp:term":[{"taxonomy":"product_brand","embeddable":true,"href":"https:\/\/staging.nbg.eu\/cs\/wp-json\/wp\/v2\/product_brand?post=63274"},{"taxonomy":"product_cat","embeddable":true,"href":"https:\/\/staging.nbg.eu\/cs\/wp-json\/wp\/v2\/product_cat?post=63274"},{"taxonomy":"product_tag","embeddable":true,"href":"https:\/\/staging.nbg.eu\/cs\/wp-json\/wp\/v2\/product_tag?post=63274"}],"curies":[{"name":"wp","href":"https:\/\/api.w.org\/{rel}","templated":true}]}}