{"id":63210,"date":"2024-01-23T19:51:36","date_gmt":"2024-09-16T13:02:52","guid":{"rendered":"https:\/\/staging.nbg.eu\/product\/iosso-sizing-lubricant-and-cleaner\/"},"modified":"2024-09-16T13:03:38","modified_gmt":"2024-09-16T13:03:38","slug":"iosso-mazaci-a-cistici-pripravek-na-kalibrovani","status":"publish","type":"product","link":"https:\/\/staging.nbg.eu\/cs\/produkt\/iosso-mazaci-a-cistici-pripravek-na-kalibrovani\/","title":{"rendered":"Iosso mazac\u00ed a \u010distic\u00ed p\u0159\u00edpravek na kalibrov\u00e1n\u00ed"},"content":{"rendered":"<p>\nIosso mazivo a \u010disti\u010d pro kalibraci: Roztok na biologick\u00e9 b\u00e1zi pro kalibraci n\u00e1bojnic. Tento 4 uncov\u00fd produkt \u010dist\u00ed a ma\u017ee, zabra\u0148uje uv\u00edznut\u00ed n\u00e1bojnic a prodlu\u017euje \u017eivotnost matric. Snadn\u00e9 pou\u017eit\u00ed bez zbytk\u016f nebo z\u00e1pachu. Rozpustn\u00fd ve vod\u011b, biologicky odbourateln\u00fd a neho\u0159lav\u00fd. Br\u00e1n\u00ed korozi a rzi. Jednodu\u0161e pokryjte n\u00e1bojnice, kalibrujte, pot\u00e9 ot\u0159ete nebo opl\u00e1chn\u011bte p\u0159ed p\u0159eb\u00edjen\u00edm.<\/p>\n","protected":false},"excerpt":{"rendered":"<p>\u010cisti\u010d a mazivo na biologick\u00e9 b\u00e1zi pro hlad\u0161\u00ed kalibraci a del\u0161\u00ed \u017eivotnost matric.<\/p>\n","protected":false},"featured_media":107653,"template":"","meta":{"_acf_changed":false},"product_brand":[11469],"product_cat":[12704,12705],"product_tag":[],"class_list":{"0":"post-63210","1":"product","2":"type-product","3":"status-publish","4":"has-post-thumbnail","6":"product_brand-iosso","7":"product_cat-cistici-prostredky","8":"product_cat-prebijeni","10":"first","11":"instock","12":"taxable","13":"shipping-taxable","14":"purchasable","15":"product-type-variable","16":"wvs-archive-product-wrapper"},"acf":[],"_links":{"self":[{"href":"https:\/\/staging.nbg.eu\/cs\/wp-json\/wp\/v2\/product\/63210","targetHints":{"allow":["GET"]}}],"collection":[{"href":"https:\/\/staging.nbg.eu\/cs\/wp-json\/wp\/v2\/product"}],"about":[{"href":"https:\/\/staging.nbg.eu\/cs\/wp-json\/wp\/v2\/types\/product"}],"wp:featuredmedia":[{"embeddable":true,"href":"https:\/\/staging.nbg.eu\/cs\/wp-json\/wp\/v2\/media\/107653"}],"wp:attachment":[{"href":"https:\/\/staging.nbg.eu\/cs\/wp-json\/wp\/v2\/media?parent=63210"}],"wp:term":[{"taxonomy":"product_brand","embeddable":true,"href":"https:\/\/staging.nbg.eu\/cs\/wp-json\/wp\/v2\/product_brand?post=63210"},{"taxonomy":"product_cat","embeddable":true,"href":"https:\/\/staging.nbg.eu\/cs\/wp-json\/wp\/v2\/product_cat?post=63210"},{"taxonomy":"product_tag","embeddable":true,"href":"https:\/\/staging.nbg.eu\/cs\/wp-json\/wp\/v2\/product_tag?post=63210"}],"curies":[{"name":"wp","href":"https:\/\/api.w.org\/{rel}","templated":true}]}}