{"id":63126,"date":"2024-01-24T09:44:05","date_gmt":"2024-09-16T13:00:27","guid":{"rendered":"https:\/\/staging.nbg.eu\/product\/iosso-triple-action-oil-solution\/"},"modified":"2024-09-16T13:01:11","modified_gmt":"2024-09-16T13:01:11","slug":"iosso-trojity-akcni-olejovy-roztok","status":"publish","type":"product","link":"https:\/\/staging.nbg.eu\/cs\/produkt\/iosso-trojity-akcni-olejovy-roztok\/","title":{"rendered":"Iosso trojit\u00fd ak\u010dn\u00ed olejov\u00fd roztok"},"content":{"rendered":"<p>\nIosso Triple Action Oil Solution: \u010cist\u00ed, ma\u017ee a chr\u00e1n\u00ed zbran\u011b pomoc\u00ed biologicky odbourateln\u00e9 receptury na rostlinn\u00e9 b\u00e1zi. Pronik\u00e1 a uvol\u0148uje prach, uhl\u00edk a plastov\u00e9 ucp\u00e1vky. Slou\u017e\u00ed jako mazivo pro sou\u010d\u00e1stky a inhibitor koroze. Funguje v extr\u00e9mn\u00edch teplot\u00e1ch a\u017e do -65\u00b0C. Vhodn\u00e9 pro \u010di\u0161t\u011bn\u00ed hlavn\u011b a \u00fadr\u017ebu zbran\u00ed.<\/p>\n","protected":false},"excerpt":{"rendered":"<p>Ekologicky \u0161etrn\u00fd olej \u00fa\u010dinn\u011b \u010dist\u00ed, ma\u017ee a chr\u00e1n\u00ed st\u0159eln\u00e9 zbran\u011b.<\/p>\n","protected":false},"featured_media":107607,"template":"","meta":{"_acf_changed":false},"product_brand":[11469],"product_cat":[12690,12704,12678],"product_tag":[],"class_list":{"0":"post-63126","1":"product","2":"type-product","3":"status-publish","4":"has-post-thumbnail","6":"product_brand-iosso","7":"product_cat-cisteni-zbrani","8":"product_cat-cistici-prostredky","9":"product_cat-maziva","11":"first","12":"instock","13":"taxable","14":"shipping-taxable","15":"purchasable","16":"product-type-variable","17":"wvs-archive-product-wrapper"},"acf":[],"_links":{"self":[{"href":"https:\/\/staging.nbg.eu\/cs\/wp-json\/wp\/v2\/product\/63126","targetHints":{"allow":["GET"]}}],"collection":[{"href":"https:\/\/staging.nbg.eu\/cs\/wp-json\/wp\/v2\/product"}],"about":[{"href":"https:\/\/staging.nbg.eu\/cs\/wp-json\/wp\/v2\/types\/product"}],"wp:featuredmedia":[{"embeddable":true,"href":"https:\/\/staging.nbg.eu\/cs\/wp-json\/wp\/v2\/media\/107607"}],"wp:attachment":[{"href":"https:\/\/staging.nbg.eu\/cs\/wp-json\/wp\/v2\/media?parent=63126"}],"wp:term":[{"taxonomy":"product_brand","embeddable":true,"href":"https:\/\/staging.nbg.eu\/cs\/wp-json\/wp\/v2\/product_brand?post=63126"},{"taxonomy":"product_cat","embeddable":true,"href":"https:\/\/staging.nbg.eu\/cs\/wp-json\/wp\/v2\/product_cat?post=63126"},{"taxonomy":"product_tag","embeddable":true,"href":"https:\/\/staging.nbg.eu\/cs\/wp-json\/wp\/v2\/product_tag?post=63126"}],"curies":[{"name":"wp","href":"https:\/\/api.w.org\/{rel}","templated":true}]}}