{"id":63080,"date":"2024-01-24T18:43:40","date_gmt":"2024-09-16T12:55:52","guid":{"rendered":"https:\/\/staging.nbg.eu\/product\/iosso-ar-bolt-carrier-key-tube-brush\/"},"modified":"2024-09-16T12:56:32","modified_gmt":"2024-09-16T12:56:32","slug":"iosso-kartac-na-trubici-klice-zaveru-ar","status":"publish","type":"product","link":"https:\/\/staging.nbg.eu\/cs\/produkt\/iosso-kartac-na-trubici-klice-zaveru-ar\/","title":{"rendered":"Iosso kart\u00e1\u010d na trubici kl\u00ed\u010de z\u00e1v\u011bru AR"},"content":{"rendered":"<p>\nKart\u00e1\u010dek Iosso na nosi\u010d z\u00e1v\u011bru pu\u0161ky AR: P\u0159esn\u011b padne, odstra\u0148uje usazeniny uhl\u00edku. Pou\u017e\u00edvejte s olejem Iosso. Nezanech\u00e1v\u00e1 vl\u00e1kna. Vhodn\u00fd pro \u00fadr\u017ebu pu\u0161ky AR.<\/p>\n","protected":false},"excerpt":{"rendered":"<p>Kart\u00e1\u010dek Iosso AR na \u010di\u0161t\u011bn\u00ed nosi\u010de z\u00e1v\u011bru: Efektivn\u011b odstra\u0148uje n\u00e1nosy uhl\u00edku.<\/p>\n","protected":false},"featured_media":102277,"template":"","meta":{"_acf_changed":false},"product_brand":[11469],"product_cat":[12690,12717],"product_tag":[],"class_list":{"0":"post-63080","1":"product","2":"type-product","3":"status-publish","4":"has-post-thumbnail","6":"product_brand-iosso","7":"product_cat-cisteni-zbrani","8":"product_cat-kartace","10":"first","11":"instock","12":"taxable","13":"shipping-taxable","14":"purchasable","15":"product-type-simple"},"acf":[],"_links":{"self":[{"href":"https:\/\/staging.nbg.eu\/cs\/wp-json\/wp\/v2\/product\/63080","targetHints":{"allow":["GET"]}}],"collection":[{"href":"https:\/\/staging.nbg.eu\/cs\/wp-json\/wp\/v2\/product"}],"about":[{"href":"https:\/\/staging.nbg.eu\/cs\/wp-json\/wp\/v2\/types\/product"}],"wp:featuredmedia":[{"embeddable":true,"href":"https:\/\/staging.nbg.eu\/cs\/wp-json\/wp\/v2\/media\/102277"}],"wp:attachment":[{"href":"https:\/\/staging.nbg.eu\/cs\/wp-json\/wp\/v2\/media?parent=63080"}],"wp:term":[{"taxonomy":"product_brand","embeddable":true,"href":"https:\/\/staging.nbg.eu\/cs\/wp-json\/wp\/v2\/product_brand?post=63080"},{"taxonomy":"product_cat","embeddable":true,"href":"https:\/\/staging.nbg.eu\/cs\/wp-json\/wp\/v2\/product_cat?post=63080"},{"taxonomy":"product_tag","embeddable":true,"href":"https:\/\/staging.nbg.eu\/cs\/wp-json\/wp\/v2\/product_tag?post=63080"}],"curies":[{"name":"wp","href":"https:\/\/api.w.org\/{rel}","templated":true}]}}