{"id":63038,"date":"2024-01-24T18:50:37","date_gmt":"2024-01-24T18:50:37","guid":{"rendered":"https:\/\/staging.nbg.eu\/product\/iosso-cleaning-brush-2-sided-2-pk\/"},"modified":"2024-09-16T12:54:01","modified_gmt":"2024-09-16T12:54:01","slug":"iosso-cistici-kartac-oboustranny-2-ks","status":"publish","type":"product","link":"https:\/\/staging.nbg.eu\/cs\/produkt\/iosso-cistici-kartac-oboustranny-2-ks\/","title":{"rendered":"Iosso \u010distic\u00ed kart\u00e1\u010d oboustrann\u00fd &#8211; 2 ks"},"content":{"rendered":"<p>\n\u010cistic\u00ed kart\u00e1\u010d Iosso oboustrann\u00fd &#8211; 2 ks m\u00e1 nylonov\u00e9 \u0161t\u011btiny pro \u00fa\u010dinn\u00e9 \u010di\u0161t\u011bn\u00ed. Ka\u017ed\u00e9 balen\u00ed obsahuje dva kart\u00e1\u010de s \u0161irokou, dlouhou stranou a \u00fazkou stranou. Vhodn\u00e9 pro pou\u017eit\u00ed s Iosso Triple Action Oil, \u010disti\u010dem hlavn\u011b nebo le\u0161tidlem na kov. Pou\u017e\u00edv\u00e1 se k odstran\u011bn\u00ed uhl\u00edkov\u00fdch usazenin a zbytk\u016f st\u0159eln\u00e9ho prachu ve zbran\u00edch nebo v pr\u016fmyslov\u00fdch aplikac\u00edch.<\/p>\n","protected":false},"excerpt":{"rendered":"<p>Oboustrann\u00fd nylonov\u00fd kart\u00e1\u010d pro v\u0161estrann\u00e9 \u010di\u0161t\u011bn\u00ed. Balen\u00ed po 2 kusech.<\/p>\n","protected":false},"featured_media":63039,"template":"","meta":{"_acf_changed":false},"product_brand":[11469],"product_cat":[12690,12717],"product_tag":[],"class_list":{"0":"post-63038","1":"product","2":"type-product","3":"status-publish","4":"has-post-thumbnail","6":"product_brand-iosso","7":"product_cat-cisteni-zbrani","8":"product_cat-kartace","10":"first","11":"instock","12":"taxable","13":"shipping-taxable","14":"purchasable","15":"product-type-simple"},"acf":[],"_links":{"self":[{"href":"https:\/\/staging.nbg.eu\/cs\/wp-json\/wp\/v2\/product\/63038","targetHints":{"allow":["GET"]}}],"collection":[{"href":"https:\/\/staging.nbg.eu\/cs\/wp-json\/wp\/v2\/product"}],"about":[{"href":"https:\/\/staging.nbg.eu\/cs\/wp-json\/wp\/v2\/types\/product"}],"wp:featuredmedia":[{"embeddable":true,"href":"https:\/\/staging.nbg.eu\/cs\/wp-json\/wp\/v2\/media\/63039"}],"wp:attachment":[{"href":"https:\/\/staging.nbg.eu\/cs\/wp-json\/wp\/v2\/media?parent=63038"}],"wp:term":[{"taxonomy":"product_brand","embeddable":true,"href":"https:\/\/staging.nbg.eu\/cs\/wp-json\/wp\/v2\/product_brand?post=63038"},{"taxonomy":"product_cat","embeddable":true,"href":"https:\/\/staging.nbg.eu\/cs\/wp-json\/wp\/v2\/product_cat?post=63038"},{"taxonomy":"product_tag","embeddable":true,"href":"https:\/\/staging.nbg.eu\/cs\/wp-json\/wp\/v2\/product_tag?post=63038"}],"curies":[{"name":"wp","href":"https:\/\/api.w.org\/{rel}","templated":true}]}}