{"id":62874,"date":"2024-01-25T20:19:03","date_gmt":"2024-09-16T12:21:00","guid":{"rendered":"https:\/\/staging.nbg.eu\/product\/iosso-chamber-brushes-2-pack\/"},"modified":"2024-09-16T12:21:48","modified_gmt":"2024-09-16T12:21:48","slug":"iosso-kartace-na-komoru-2-kusy","status":"publish","type":"product","link":"https:\/\/staging.nbg.eu\/cs\/produkt\/iosso-kartace-na-komoru-2-kusy\/","title":{"rendered":"Iosso kart\u00e1\u010de na komoru 2 kusy"},"content":{"rendered":"<p style=\"text-align: center\"><strong><span style=\"font-size: 170%\">Kart\u00e1\u010de na komoru losso (2 balen\u00ed)<\/span><\/strong><\/p>\n<p>Prvn\u00ed kart\u00e1\u010d pro \u010di\u0161t\u011bn\u00ed komory 6.5 Creedmoor. Jsou p\u0159esn\u011b dimenzov\u00e1ny pro precizn\u00ed \u010di\u0161t\u011bn\u00ed. Vyrobeny z modr\u00e9ho vl\u00e1kna, kter\u00e9 je siln\u00e9, tuh\u00e9 a dr\u017e\u00ed tvar l\u00e9pe ne\u017e tradi\u010dn\u00ed mosazn\u00e9 a bronzov\u00e9 kart\u00e1\u010de. Lze je pou\u017e\u00edt n\u011bkolikr\u00e1t, ne\u017e se opot\u0159ebuj\u00ed. Balen\u00ed obsahuje 2 kart\u00e1\u010de. Doporu\u010den\u00e9 \u010distic\u00ed prost\u0159edky pro pou\u017eit\u00ed s t\u00edmto kart\u00e1\u010dem jsou Iosso Bore Cleaner a Iosso Triple Action Oil. <strong>Modr\u00e9 kart\u00e1\u010de jsou ochrannou zn\u00e1mkou spole\u010dnosti Iosso Products.<\/strong><\/p>\n<table width=\"305\">\n<tbody>\n<tr>\n<td width=\"305\"><strong>Kart\u00e1\u010d na komoru AR-15 s \u010depem, 2 ks<\/strong><\/td>\n<\/tr>\n<tr>\n<td><strong>Kart\u00e1\u010d na komoru Grendel AR-15 6.5, 2 ks<\/strong><\/td>\n<\/tr>\n<tr>\n<td><strong>Kart\u00e1\u010d na komoru Creedmoor 6.5, 2 ks<\/strong><\/td>\n<\/tr>\n<tr>\n<td><strong>Kart\u00e1\u010d na komoru pu\u0161ky AR.308 s \u010depem, 2 ks<\/strong><\/td>\n<\/tr>\n<\/tbody>\n<\/table>\n","protected":false},"excerpt":{"rendered":"<p><strong>Prvn\u00ed kart\u00e1\u010dek na \u010di\u0161t\u011bn\u00ed komory r\u00e1\u017ee 6.5 Creedmoor<\/strong><\/p>\n","protected":false},"featured_media":107676,"template":"","meta":{"_acf_changed":false},"product_brand":[11469],"product_cat":[12690,12717],"product_tag":[],"class_list":{"0":"post-62874","1":"product","2":"type-product","3":"status-publish","4":"has-post-thumbnail","6":"product_brand-iosso","7":"product_cat-cisteni-zbrani","8":"product_cat-kartace","9":"pa_model-6-5-creedmoor-cs","10":"pa_model-6-5-grendel-cs","11":"pa_model-ar-308-cs","12":"pa_model-ar-15-cs","14":"first","15":"instock","16":"taxable","17":"shipping-taxable","18":"purchasable","19":"product-type-variable","20":"wvs-archive-product-wrapper"},"acf":[],"_links":{"self":[{"href":"https:\/\/staging.nbg.eu\/cs\/wp-json\/wp\/v2\/product\/62874","targetHints":{"allow":["GET"]}}],"collection":[{"href":"https:\/\/staging.nbg.eu\/cs\/wp-json\/wp\/v2\/product"}],"about":[{"href":"https:\/\/staging.nbg.eu\/cs\/wp-json\/wp\/v2\/types\/product"}],"wp:featuredmedia":[{"embeddable":true,"href":"https:\/\/staging.nbg.eu\/cs\/wp-json\/wp\/v2\/media\/107676"}],"wp:attachment":[{"href":"https:\/\/staging.nbg.eu\/cs\/wp-json\/wp\/v2\/media?parent=62874"}],"wp:term":[{"taxonomy":"product_brand","embeddable":true,"href":"https:\/\/staging.nbg.eu\/cs\/wp-json\/wp\/v2\/product_brand?post=62874"},{"taxonomy":"product_cat","embeddable":true,"href":"https:\/\/staging.nbg.eu\/cs\/wp-json\/wp\/v2\/product_cat?post=62874"},{"taxonomy":"product_tag","embeddable":true,"href":"https:\/\/staging.nbg.eu\/cs\/wp-json\/wp\/v2\/product_tag?post=62874"}],"curies":[{"name":"wp","href":"https:\/\/api.w.org\/{rel}","templated":true}]}}