{"id":62824,"date":"2024-01-25T20:40:36","date_gmt":"2024-09-16T12:17:12","guid":{"rendered":"https:\/\/staging.nbg.eu\/product\/iosso-shotgun-adapter-brass-8-32-to-5-16-27\/"},"modified":"2024-09-16T12:17:52","modified_gmt":"2024-09-16T12:17:52","slug":"iosso-adapter-na-brokovnici-mosazny-832-na-516-27","status":"publish","type":"product","link":"https:\/\/staging.nbg.eu\/cs\/produkt\/iosso-adapter-na-brokovnici-mosazny-832-na-516-27\/","title":{"rendered":"Iosso adapt\u00e9r na brokovnici mosazn\u00fd 8\/32 na 5\/16-27"},"content":{"rendered":"<p>\nAdapt\u00e9r Iosso pro brokovnici: 8\/32 samec na 5\/16-27 samice. P\u0159ev\u00e1d\u00ed ty\u010dky pro kart\u00e1\u010de na brokovnice. Vyrobeno z mosazi v USA.<\/p>\n","protected":false},"excerpt":{"rendered":"<p>Mosazn\u00fd adapt\u00e9r: 8\/32 samec na 5\/16-27 samice. Pro kart\u00e1\u010de na brokovnice. Vyrobeno v USA.<\/p>\n","protected":false},"featured_media":107301,"template":"","meta":{"_acf_changed":false},"product_brand":[11469],"product_cat":[12690,12715,12717],"product_tag":[],"class_list":{"0":"post-62824","1":"product","2":"type-product","3":"status-publish","4":"has-post-thumbnail","6":"product_brand-iosso","7":"product_cat-cisteni-zbrani","8":"product_cat-jehly-na-cisteni","9":"product_cat-kartace","11":"first","12":"instock","13":"taxable","14":"shipping-taxable","15":"purchasable","16":"product-type-simple"},"acf":[],"_links":{"self":[{"href":"https:\/\/staging.nbg.eu\/cs\/wp-json\/wp\/v2\/product\/62824","targetHints":{"allow":["GET"]}}],"collection":[{"href":"https:\/\/staging.nbg.eu\/cs\/wp-json\/wp\/v2\/product"}],"about":[{"href":"https:\/\/staging.nbg.eu\/cs\/wp-json\/wp\/v2\/types\/product"}],"wp:featuredmedia":[{"embeddable":true,"href":"https:\/\/staging.nbg.eu\/cs\/wp-json\/wp\/v2\/media\/107301"}],"wp:attachment":[{"href":"https:\/\/staging.nbg.eu\/cs\/wp-json\/wp\/v2\/media?parent=62824"}],"wp:term":[{"taxonomy":"product_brand","embeddable":true,"href":"https:\/\/staging.nbg.eu\/cs\/wp-json\/wp\/v2\/product_brand?post=62824"},{"taxonomy":"product_cat","embeddable":true,"href":"https:\/\/staging.nbg.eu\/cs\/wp-json\/wp\/v2\/product_cat?post=62824"},{"taxonomy":"product_tag","embeddable":true,"href":"https:\/\/staging.nbg.eu\/cs\/wp-json\/wp\/v2\/product_tag?post=62824"}],"curies":[{"name":"wp","href":"https:\/\/api.w.org\/{rel}","templated":true}]}}