{"id":62352,"date":"2024-02-14T06:58:29","date_gmt":"2024-09-16T11:49:48","guid":{"rendered":"https:\/\/staging.nbg.eu\/product\/geissele-super-mcx-ssa-m4-curved-trigger\/"},"modified":"2024-09-16T11:50:29","modified_gmt":"2024-09-16T11:50:29","slug":"geissele-super-mcx-ssa-m4-zakrivena-spoust","status":"publish","type":"product","link":"https:\/\/staging.nbg.eu\/cs\/produkt\/geissele-super-mcx-ssa-m4-zakrivena-spoust\/","title":{"rendered":"Geissele Super MCX SSA &#8211; M4 zak\u0159iven\u00e1 spou\u0161\u0165"},"content":{"rendered":"<div class=\"product-description\">\n<h2>Geissele Super MCX SSA &#8211; spou\u0161\u0165 M4 s prohnut\u00fdm lu\u010d\u00edkem<\/h2>\n<p>Geissele Super MCX SSA je dvoustup\u0148ov\u00e1 spou\u0161\u0165 inspirovan\u00e1 bojov\u00fdm pou\u017eit\u00edm. Odvozen\u00e1 od na\u0161eho CRANE Safety certifikovan\u00e9ho spou\u0161tov\u00e9ho mechanismu pro karabinu M4, tato nenastaviteln\u00e1 spou\u0161\u0165 s odporem p\u0159ibli\u017en\u011b 4,5 lb nab\u00edz\u00ed:<\/p>\n<ul>\n<li>P\u0159esn\u00e9 ovl\u00e1d\u00e1n\u00ed spou\u0161t\u011b<\/li>\n<li>Dostate\u010dn\u011b lehk\u00e1 pro p\u0159esn\u00e9 aplikace<\/li>\n<li>Vhodn\u00e1 pro n\u00e1ro\u010dn\u00e9 situace jako boj na kr\u00e1tkou vzd\u00e1lenost<\/li>\n<li>Ur\u010den\u00e1 pro lov, policejn\u00ed a vojensk\u00e9 pou\u017eit\u00ed<\/li>\n<\/ul>\n<p>Super MCX SSA kombinuje v\u00fdkon, spolehlivost, bezpe\u010dnost a v\u0161estrannost, co\u017e z n\u00ed \u010din\u00ed univerz\u00e1ln\u00ed spou\u0161\u0165 pro va\u0161i zbra\u0148.<\/p>\n<\/div>\n","protected":false},"excerpt":{"rendered":"<p>Vysoce v\u00fdkonn\u00e1 dvouf\u00e1zov\u00e1 spou\u0161\u0165 pro p\u0159esnou st\u0159elbu a boj na kr\u00e1tkou vzd\u00e1lenost. Odpor spou\u0161t\u011b 2 kg.<\/p>\n","protected":false},"featured_media":62353,"template":"","meta":{"_acf_changed":false},"product_brand":[11377],"product_cat":[12709,12658,12646],"product_tag":[],"class_list":{"0":"post-62352","1":"product","2":"type-product","3":"status-publish","4":"has-post-thumbnail","6":"product_brand-geissele","7":"product_cat-puska","8":"product_cat-rifle-tuning","9":"product_cat-spouste","11":"first","12":"instock","13":"taxable","14":"shipping-taxable","15":"product-type-simple"},"acf":[],"_links":{"self":[{"href":"https:\/\/staging.nbg.eu\/cs\/wp-json\/wp\/v2\/product\/62352","targetHints":{"allow":["GET"]}}],"collection":[{"href":"https:\/\/staging.nbg.eu\/cs\/wp-json\/wp\/v2\/product"}],"about":[{"href":"https:\/\/staging.nbg.eu\/cs\/wp-json\/wp\/v2\/types\/product"}],"wp:featuredmedia":[{"embeddable":true,"href":"https:\/\/staging.nbg.eu\/cs\/wp-json\/wp\/v2\/media\/62353"}],"wp:attachment":[{"href":"https:\/\/staging.nbg.eu\/cs\/wp-json\/wp\/v2\/media?parent=62352"}],"wp:term":[{"taxonomy":"product_brand","embeddable":true,"href":"https:\/\/staging.nbg.eu\/cs\/wp-json\/wp\/v2\/product_brand?post=62352"},{"taxonomy":"product_cat","embeddable":true,"href":"https:\/\/staging.nbg.eu\/cs\/wp-json\/wp\/v2\/product_cat?post=62352"},{"taxonomy":"product_tag","embeddable":true,"href":"https:\/\/staging.nbg.eu\/cs\/wp-json\/wp\/v2\/product_tag?post=62352"}],"curies":[{"name":"wp","href":"https:\/\/api.w.org\/{rel}","templated":true}]}}