{"id":62326,"date":"2024-02-14T07:09:17","date_gmt":"2024-09-16T11:47:12","guid":{"rendered":"https:\/\/staging.nbg.eu\/product\/geissele-super-semi-automatic-ssa-trigger\/"},"modified":"2024-09-16T11:47:52","modified_gmt":"2024-09-16T11:47:52","slug":"geissele-super-semi-automatic-ssa-spoust","status":"publish","type":"product","link":"https:\/\/staging.nbg.eu\/cs\/produkt\/geissele-super-semi-automatic-ssa-spoust\/","title":{"rendered":"Geissele Super Semi-Automatic (SSA\u00ae) spou\u0161\u0165"},"content":{"rendered":"<h2>Geissele Super Semi-Automatick\u00e1 (SSA\u00ae) Spou\u0161\u0165<\/h2>\n<p>Geissele SSA\u00ae spou\u0161\u0165 je semi-automatick\u00e1 adaptace spou\u0161t\u011b Super Select-Fire. Tato nenastaviteln\u00e1 dvouf\u00e1zov\u00e1 spou\u0161\u0165 nab\u00edz\u00ed:<\/p>\n<ul>\n<li>P\u0159esnost pro precizn\u00ed st\u0159elbu<\/li>\n<li>Vhodnost pro boj na kr\u00e1tkou vzd\u00e1lenost<\/li>\n<li>Bezpe\u010dnostn\u00ed certifikaci od Crane Naval Surface Warfare Center<\/li>\n<li>Vhodnost pro policii a dynamick\u00e9 prost\u0159ed\u00ed<\/li>\n<\/ul>\n<p>Konstrukce SSA\u00ae poskytuje lehk\u00fd dotyk pro p\u0159esnost na dlouh\u00e9 vzd\u00e1lenosti a z\u00e1rove\u0148 zachov\u00e1v\u00e1 vlastnosti pot\u0159ebn\u00e9 pro situace s rychlou st\u0159elbou. A\u0165 u\u017e se v\u011bnujete pr\u00e1ci s karabinou na st\u0159edn\u00ed vzd\u00e1lenost nebo operujete ve vysoce stresov\u00fdch situac\u00edch, Geissele SSA\u00ae spou\u0161\u0165 poskytuje konzistentn\u00ed a spolehliv\u00fd v\u00fdkon.<\/p>\n<p>Tento pr\u00e9miov\u00fd, v boji prov\u011b\u0159en\u00fd spou\u0161\u0165ov\u00fd syst\u00e9m zlep\u0161\u00ed schopnosti va\u0161\u00ed zbran\u011b.<\/p>\n","protected":false},"excerpt":{"rendered":"<p>Precizn\u00ed dvoustup\u0148ov\u00e1 spou\u0161\u0165 pro v\u0161estrann\u00e9 a p\u0159esn\u00e9 st\u0159\u00edlen\u00ed.<\/p>\n","protected":false},"featured_media":62227,"template":"","meta":{"_acf_changed":false},"product_brand":[11377],"product_cat":[12709,12658,12646],"product_tag":[],"class_list":{"0":"post-62326","1":"product","2":"type-product","3":"status-publish","4":"has-post-thumbnail","6":"product_brand-geissele","7":"product_cat-puska","8":"product_cat-rifle-tuning","9":"product_cat-spouste","11":"first","12":"instock","13":"taxable","14":"shipping-taxable","15":"product-type-simple"},"acf":[],"_links":{"self":[{"href":"https:\/\/staging.nbg.eu\/cs\/wp-json\/wp\/v2\/product\/62326","targetHints":{"allow":["GET"]}}],"collection":[{"href":"https:\/\/staging.nbg.eu\/cs\/wp-json\/wp\/v2\/product"}],"about":[{"href":"https:\/\/staging.nbg.eu\/cs\/wp-json\/wp\/v2\/types\/product"}],"wp:featuredmedia":[{"embeddable":true,"href":"https:\/\/staging.nbg.eu\/cs\/wp-json\/wp\/v2\/media\/62227"}],"wp:attachment":[{"href":"https:\/\/staging.nbg.eu\/cs\/wp-json\/wp\/v2\/media?parent=62326"}],"wp:term":[{"taxonomy":"product_brand","embeddable":true,"href":"https:\/\/staging.nbg.eu\/cs\/wp-json\/wp\/v2\/product_brand?post=62326"},{"taxonomy":"product_cat","embeddable":true,"href":"https:\/\/staging.nbg.eu\/cs\/wp-json\/wp\/v2\/product_cat?post=62326"},{"taxonomy":"product_tag","embeddable":true,"href":"https:\/\/staging.nbg.eu\/cs\/wp-json\/wp\/v2\/product_tag?post=62326"}],"curies":[{"name":"wp","href":"https:\/\/api.w.org\/{rel}","templated":true}]}}