{"id":62226,"date":"2024-02-14T07:22:04","date_gmt":"2024-02-14T07:22:04","guid":{"rendered":"https:\/\/staging.nbg.eu\/product\/geissele-super-semi-automatic-enhanced-ssa-e-trigger\/"},"modified":"2024-09-16T11:44:43","modified_gmt":"2024-09-16T11:44:43","slug":"geissele-super-semi-automatic-enhanced-ssa-e-spoust","status":"publish","type":"product","link":"https:\/\/staging.nbg.eu\/cs\/produkt\/geissele-super-semi-automatic-enhanced-ssa-e-spoust\/","title":{"rendered":"Geissele Super Semi-Automatic Enhanced (SSA-E\u2122) spou\u0161\u0165"},"content":{"rendered":"<div class=\"product-description\">\n<h2>Geissele Super Semi-Automatick\u00e1 Vylep\u0161en\u00e1 (SSA-E\u2122) Spou\u0161\u0165<\/h2>\n<p>Geissele SSA-E\u2122 spou\u0161\u0165 je zalo\u017eena na osv\u011bd\u010den\u00e9m r\u00e1mu SSA\u00ae. Tato vylep\u0161en\u00e1 dvoustup\u0148ov\u00e1 spou\u0161\u0165 nab\u00edz\u00ed:<\/p>\n<ul>\n<li>Sn\u00ed\u017een\u00e9 hmotnosti odporu pro plynulej\u0161\u00ed ovl\u00e1d\u00e1n\u00ed<\/li>\n<li>Lehk\u00fd prvn\u00ed stupe\u0148 odporu<\/li>\n<li>Ostr\u00fd druh\u00fd stupe\u0148 odporu<\/li>\n<li>Spolehlivost ov\u011b\u0159en\u00e1 v boji<\/li>\n<li>Nenastaviteln\u00fd design pro snadnou instalaci<\/li>\n<\/ul>\n<p>SSA-E\u2122 je vhodn\u00e1 pro p\u0159esn\u00e9 pu\u0161ky ur\u010den\u00e9 pro odst\u0159elova\u010de. Poskytuje lep\u0161\u00ed kontrolu spou\u0161t\u011b a p\u0159esnost zbran\u011b. Odvozena od na\u0161\u00ed pln\u011b automatick\u00e9 bojov\u00e9 spou\u0161t\u011b pou\u017e\u00edvan\u00e9 speci\u00e1ln\u00edmi jednotkami USA, tato poloautomatick\u00e1 verze zaji\u0161\u0165uje vysok\u00fd v\u00fdkon tam, kde je spolehlivost kl\u00ed\u010dov\u00e1.<\/p>\n<\/div>\n","protected":false},"excerpt":{"rendered":"<p>Zdokonalen\u00e1 p\u0159esn\u00e1 spou\u0161\u0165 pro st\u0159elce: plynul\u00fd n\u00e1tah, ostr\u00fd zlom.<\/p>\n","protected":false},"featured_media":62227,"template":"","meta":{"_acf_changed":false},"product_brand":[11377],"product_cat":[12709,12658,12646],"product_tag":[],"class_list":{"0":"post-62226","1":"product","2":"type-product","3":"status-publish","4":"has-post-thumbnail","6":"product_brand-geissele","7":"product_cat-puska","8":"product_cat-rifle-tuning","9":"product_cat-spouste","11":"first","12":"instock","13":"taxable","14":"shipping-taxable","15":"product-type-simple"},"acf":[],"_links":{"self":[{"href":"https:\/\/staging.nbg.eu\/cs\/wp-json\/wp\/v2\/product\/62226","targetHints":{"allow":["GET"]}}],"collection":[{"href":"https:\/\/staging.nbg.eu\/cs\/wp-json\/wp\/v2\/product"}],"about":[{"href":"https:\/\/staging.nbg.eu\/cs\/wp-json\/wp\/v2\/types\/product"}],"wp:featuredmedia":[{"embeddable":true,"href":"https:\/\/staging.nbg.eu\/cs\/wp-json\/wp\/v2\/media\/62227"}],"wp:attachment":[{"href":"https:\/\/staging.nbg.eu\/cs\/wp-json\/wp\/v2\/media?parent=62226"}],"wp:term":[{"taxonomy":"product_brand","embeddable":true,"href":"https:\/\/staging.nbg.eu\/cs\/wp-json\/wp\/v2\/product_brand?post=62226"},{"taxonomy":"product_cat","embeddable":true,"href":"https:\/\/staging.nbg.eu\/cs\/wp-json\/wp\/v2\/product_cat?post=62226"},{"taxonomy":"product_tag","embeddable":true,"href":"https:\/\/staging.nbg.eu\/cs\/wp-json\/wp\/v2\/product_tag?post=62226"}],"curies":[{"name":"wp","href":"https:\/\/api.w.org\/{rel}","templated":true}]}}