{"id":62084,"date":"2024-02-14T07:32:28","date_gmt":"2024-09-16T11:41:20","guid":{"rendered":"https:\/\/staging.nbg.eu\/product\/geissele-ssa-x-trigger-with-lightning-bow\/"},"modified":"2024-09-16T11:42:00","modified_gmt":"2024-09-16T11:42:00","slug":"geissele-ssa-x-spoust-s-lightning-bow","status":"publish","type":"product","link":"https:\/\/staging.nbg.eu\/cs\/produkt\/geissele-ssa-x-spoust-s-lightning-bow\/","title":{"rendered":"Geissele SSA X spou\u0161\u0165 s Lightning Bow\u00ae"},"content":{"rendered":"<div class=\"product-description\">\n<h2>Geissele SSA X spou\u0161\u0165 s technologi\u00ed Lightning Bow\u00ae<\/h2>\n<p>SSA-X s technologi\u00ed Lightning Bow\u00ae nab\u00edz\u00ed n\u00e1sleduj\u00edc\u00ed vlastnosti:<\/p>\n<ul>\n<li>\u010c\u00e1ste\u010dn\u011b zak\u0159iven\u00fd, \u0161irok\u00fd profil<\/li>\n<li>Kombinace vlastnost\u00ed standardn\u00edch zak\u0159iven\u00fdch AR spou\u0161t\u00ed a ploch\u00fdch design\u016f<\/li>\n<li>Nanoweapon povrchov\u00e1 \u00faprava pro zv\u00fd\u0161enou odolnost proti opot\u0159eben\u00ed a korozi<\/li>\n<li>Funk\u010dnost s minim\u00e1ln\u00edm maz\u00e1n\u00edm<\/li>\n<\/ul>\n<p>Navazuje na tradici SSA a nab\u00edz\u00ed:<\/p>\n<ul>\n<li>P\u0159esnost pro st\u0159elbu na dlouh\u00e9 vzd\u00e1lenosti<\/li>\n<li>Vhodnost pro boj na kr\u00e1tkou vzd\u00e1lenost (CQB)<\/li>\n<\/ul>\n<p>Geissele SSA X spou\u0161\u0165 je ur\u010dena pro zlep\u0161en\u00ed v\u00fdkonu AR zbran\u00ed.<\/p>\n<\/div>\n","protected":false},"excerpt":{"rendered":"<p>P\u0159esn\u011b navr\u017een\u00e1 AR spou\u0161\u0165 s hybridn\u00edm lu\u010d\u00edkem pro dokonalou kontrolu a odolnost.<\/p>\n","protected":false},"featured_media":62085,"template":"","meta":{"_acf_changed":false},"product_brand":[11377],"product_cat":[12709,12658,12646],"product_tag":[],"class_list":{"0":"post-62084","1":"product","2":"type-product","3":"status-publish","4":"has-post-thumbnail","6":"product_brand-geissele","7":"product_cat-puska","8":"product_cat-rifle-tuning","9":"product_cat-spouste","11":"first","12":"instock","13":"taxable","14":"shipping-taxable","15":"product-type-simple"},"acf":[],"_links":{"self":[{"href":"https:\/\/staging.nbg.eu\/cs\/wp-json\/wp\/v2\/product\/62084","targetHints":{"allow":["GET"]}}],"collection":[{"href":"https:\/\/staging.nbg.eu\/cs\/wp-json\/wp\/v2\/product"}],"about":[{"href":"https:\/\/staging.nbg.eu\/cs\/wp-json\/wp\/v2\/types\/product"}],"wp:featuredmedia":[{"embeddable":true,"href":"https:\/\/staging.nbg.eu\/cs\/wp-json\/wp\/v2\/media\/62085"}],"wp:attachment":[{"href":"https:\/\/staging.nbg.eu\/cs\/wp-json\/wp\/v2\/media?parent=62084"}],"wp:term":[{"taxonomy":"product_brand","embeddable":true,"href":"https:\/\/staging.nbg.eu\/cs\/wp-json\/wp\/v2\/product_brand?post=62084"},{"taxonomy":"product_cat","embeddable":true,"href":"https:\/\/staging.nbg.eu\/cs\/wp-json\/wp\/v2\/product_cat?post=62084"},{"taxonomy":"product_tag","embeddable":true,"href":"https:\/\/staging.nbg.eu\/cs\/wp-json\/wp\/v2\/product_tag?post=62084"}],"curies":[{"name":"wp","href":"https:\/\/api.w.org\/{rel}","templated":true}]}}