{"id":62021,"date":"2024-02-14T07:49:55","date_gmt":"2024-09-16T11:38:18","guid":{"rendered":"https:\/\/staging.nbg.eu\/product\/geissele-ssa-e-x-trigger-with-lightning-bow\/"},"modified":"2024-09-16T11:38:59","modified_gmt":"2024-09-16T11:38:59","slug":"geissele-ssa-e-x-spoust-s-lightning-bow","status":"publish","type":"product","link":"https:\/\/staging.nbg.eu\/cs\/produkt\/geissele-ssa-e-x-spoust-s-lightning-bow\/","title":{"rendered":"Geissele SSA-E X spou\u0161\u0165 s Lightning Bow\u00ae"},"content":{"rendered":"<div class=\"product-description\">\n<h2>Geissele SSA-E X spou\u0161\u0165 s Lightning Bow\u00ae<\/h2>\n<p>SSA-E X\u2122 s Lightning Bow\u00ae nab\u00edz\u00ed n\u00e1sleduj\u00edc\u00ed vlastnosti:<\/p>\n<ul>\n<li>\u010c\u00e1ste\u010dn\u011b zak\u0159iven\u00fd, \u0161irok\u00fd profil<\/li>\n<li>Nanoweapon povrchov\u00e1 \u00faprava pro zv\u00fd\u0161enou odolnost<\/li>\n<li>Plynul\u00fd, lehk\u00fd prvn\u00ed stupe\u0148 odporu<\/li>\n<li>P\u0159esn\u00fd druh\u00fd stupe\u0148 odporu<\/li>\n<\/ul>\n<p>Vhodn\u00e9 pro p\u0159esn\u00e9 pu\u0161ky odst\u0159elova\u010d\u016f. SSA-E X\u2122 poskytuje p\u0159esnost a spolehlivost. Jeho design kombinuje v\u00fdhody zak\u0159iven\u00fdch a ploch\u00fdch spou\u0161t\u00ed, zaji\u0161\u0165uj\u00edc\u00ed optim\u00e1ln\u00ed v\u00fdkon i s minim\u00e1ln\u00edm maz\u00e1n\u00edm.<\/p>\n<\/div>\n","protected":false},"excerpt":{"rendered":"<p>P\u0159esn\u00e1 AR spou\u0161\u0165 s hybridn\u00edm lu\u010dn\u00edm designem pro vynikaj\u00edc\u00ed ovl\u00e1d\u00e1n\u00ed a p\u0159esnost.<\/p>\n","protected":false},"featured_media":62022,"template":"","meta":{"_acf_changed":false},"product_brand":[11377],"product_cat":[12709,12658,12646],"product_tag":[],"class_list":{"0":"post-62021","1":"product","2":"type-product","3":"status-publish","4":"has-post-thumbnail","6":"product_brand-geissele","7":"product_cat-puska","8":"product_cat-rifle-tuning","9":"product_cat-spouste","11":"first","12":"instock","13":"taxable","14":"shipping-taxable","15":"product-type-simple"},"acf":[],"_links":{"self":[{"href":"https:\/\/staging.nbg.eu\/cs\/wp-json\/wp\/v2\/product\/62021","targetHints":{"allow":["GET"]}}],"collection":[{"href":"https:\/\/staging.nbg.eu\/cs\/wp-json\/wp\/v2\/product"}],"about":[{"href":"https:\/\/staging.nbg.eu\/cs\/wp-json\/wp\/v2\/types\/product"}],"wp:featuredmedia":[{"embeddable":true,"href":"https:\/\/staging.nbg.eu\/cs\/wp-json\/wp\/v2\/media\/62022"}],"wp:attachment":[{"href":"https:\/\/staging.nbg.eu\/cs\/wp-json\/wp\/v2\/media?parent=62021"}],"wp:term":[{"taxonomy":"product_brand","embeddable":true,"href":"https:\/\/staging.nbg.eu\/cs\/wp-json\/wp\/v2\/product_brand?post=62021"},{"taxonomy":"product_cat","embeddable":true,"href":"https:\/\/staging.nbg.eu\/cs\/wp-json\/wp\/v2\/product_cat?post=62021"},{"taxonomy":"product_tag","embeddable":true,"href":"https:\/\/staging.nbg.eu\/cs\/wp-json\/wp\/v2\/product_tag?post=62021"}],"curies":[{"name":"wp","href":"https:\/\/api.w.org\/{rel}","templated":true}]}}