{"id":61895,"date":"2024-02-14T11:24:38","date_gmt":"2024-09-16T11:18:15","guid":{"rendered":"https:\/\/staging.nbg.eu\/product\/geissele-super-dynamic-3-gun-sd-3g-trigger\/"},"modified":"2024-09-16T11:18:56","modified_gmt":"2024-09-16T11:18:56","slug":"geissele-super-dynamic-3-gun-sd-3g-spoust","status":"publish","type":"product","link":"https:\/\/staging.nbg.eu\/cs\/produkt\/geissele-super-dynamic-3-gun-sd-3g-spoust\/","title":{"rendered":"Geissele Super Dynamic 3 Gun (SD-3G) spou\u0161\u0165"},"content":{"rendered":"<div class=\"product-description\">\n<h2>Geissele Super Dynamic 3 Gun (SD-3G) spou\u0161\u0165<\/h2>\n<p>Geissele SD-3G spou\u0161\u0165 nab\u00edz\u00ed:<\/p>\n<ul>\n<li>Ploch\u00fd tvar spou\u0161t\u011b pro sn\u00ed\u017een\u00ed vn\u00edman\u00e9 hmotnosti spou\u0161t\u011b<\/li>\n<li>Hybridn\u00ed design kombinuj\u00edc\u00ed vlastnosti jednostup\u0148ov\u00e9 a dvoustup\u0148ov\u00e9 spou\u0161t\u011b<\/li>\n<li>Zkr\u00e1cen\u00e1 d\u00e9lka chodu a rychl\u00fd reset<\/li>\n<li>Zv\u00fd\u0161en\u00e1 hmatov\u00e1 zp\u011btn\u00e1 vazba pro lep\u0161\u00ed kontrolu<\/li>\n<li>Vhodn\u00e1 pro st\u0159eleck\u00e9 sout\u011b\u017ee 3 Gun<\/li>\n<\/ul>\n<p>Vhodn\u00e1 pro sout\u011b\u017ee na kr\u00e1tk\u00fdch trat\u00edch vy\u017eaduj\u00edc\u00ed rychl\u00e9 zasahov\u00e1n\u00ed c\u00edl\u016f a rychl\u00e9 n\u00e1sledn\u00e9 v\u00fdst\u0159ely. Nen\u00ed doporu\u010dena pro slu\u017eebn\u00ed pou\u017eit\u00ed, st\u0159elbu z op\u011bry nebo p\u0159esnou st\u0159elbu.<\/p>\n<p><strong>Pozn\u00e1mka:<\/strong> SD-3G poskytuje vysokou rychlost p\u0159i zachov\u00e1n\u00ed bezpe\u010dnosti a odolnosti dvoustup\u0148ov\u00e9 bojov\u00e9 spou\u0161t\u011b.<\/p>\n<\/div>\n","protected":false},"excerpt":{"rendered":"<p>Ploch\u00fd spou\u0161\u0165ov\u00fd mechanismus pro 3-gun: ultra rychl\u00fd, s kr\u00e1tk\u00fdm chodem a rychl\u00fdm resetem.<\/p>\n","protected":false},"featured_media":61896,"template":"","meta":{"_acf_changed":false},"product_brand":[11377],"product_cat":[12709,12658,12646],"product_tag":[],"class_list":{"0":"post-61895","1":"product","2":"type-product","3":"status-publish","4":"has-post-thumbnail","6":"product_brand-geissele","7":"product_cat-puska","8":"product_cat-rifle-tuning","9":"product_cat-spouste","11":"first","12":"outofstock","13":"taxable","14":"shipping-taxable","15":"product-type-simple"},"acf":[],"_links":{"self":[{"href":"https:\/\/staging.nbg.eu\/cs\/wp-json\/wp\/v2\/product\/61895","targetHints":{"allow":["GET"]}}],"collection":[{"href":"https:\/\/staging.nbg.eu\/cs\/wp-json\/wp\/v2\/product"}],"about":[{"href":"https:\/\/staging.nbg.eu\/cs\/wp-json\/wp\/v2\/types\/product"}],"wp:featuredmedia":[{"embeddable":true,"href":"https:\/\/staging.nbg.eu\/cs\/wp-json\/wp\/v2\/media\/61896"}],"wp:attachment":[{"href":"https:\/\/staging.nbg.eu\/cs\/wp-json\/wp\/v2\/media?parent=61895"}],"wp:term":[{"taxonomy":"product_brand","embeddable":true,"href":"https:\/\/staging.nbg.eu\/cs\/wp-json\/wp\/v2\/product_brand?post=61895"},{"taxonomy":"product_cat","embeddable":true,"href":"https:\/\/staging.nbg.eu\/cs\/wp-json\/wp\/v2\/product_cat?post=61895"},{"taxonomy":"product_tag","embeddable":true,"href":"https:\/\/staging.nbg.eu\/cs\/wp-json\/wp\/v2\/product_tag?post=61895"}],"curies":[{"name":"wp","href":"https:\/\/api.w.org\/{rel}","templated":true}]}}