{"id":61833,"date":"2024-02-14T19:46:21","date_gmt":"2024-09-16T11:14:07","guid":{"rendered":"https:\/\/staging.nbg.eu\/product\/geissele-hk-mr-556-trigger\/"},"modified":"2024-09-16T11:14:48","modified_gmt":"2024-09-16T11:14:48","slug":"geissele-hk-mr-556-spoust","status":"publish","type":"product","link":"https:\/\/staging.nbg.eu\/cs\/produkt\/geissele-hk-mr-556-spoust\/","title":{"rendered":"Geissele HK MR 556 spou\u0161\u0165"},"content":{"rendered":"<h2>Geissele HK MR 556 spou\u0161\u0165<\/h2>\n<p>Vylep\u0161ete svou HK 556 nebo poloautomatickou HK 416 spou\u0161t\u00ed Geissele HK MR 556. Podobn\u00e1 na\u0161\u00ed SSA spou\u0161ti, tato n\u00e1hradn\u00ed spou\u0161\u0165 nab\u00edz\u00ed:<\/p>\n<ul>\n<li>Zv\u00fd\u0161enou p\u0159esnost<\/li>\n<li>Plynulej\u0161\u00ed stisk<\/li>\n<li>Rychlej\u0161\u00ed n\u00e1sledn\u00e9 v\u00fdst\u0159ely<\/li>\n<li>Kompatibilitu s HK 556 a poloautomatickou HK 416<\/li>\n<\/ul>\n<p>Zlep\u0161ete sv\u016fj st\u0159eleck\u00fd z\u00e1\u017eitek s Geissele.<\/p>\n","protected":false},"excerpt":{"rendered":"<p>P\u0159esn\u00e1 spou\u0161\u0165 pro HK MR 556\/416. V\u00fdkon podobn\u00fd SSA pro zv\u00fd\u0161enou p\u0159esnost.<\/p>\n","protected":false},"featured_media":61834,"template":"","meta":{"_acf_changed":false},"product_brand":[11377],"product_cat":[12709,12658,12646],"product_tag":[],"class_list":{"0":"post-61833","1":"product","2":"type-product","3":"status-publish","4":"has-post-thumbnail","6":"product_brand-geissele","7":"product_cat-puska","8":"product_cat-rifle-tuning","9":"product_cat-spouste","11":"first","12":"instock","13":"taxable","14":"shipping-taxable","15":"product-type-simple"},"acf":[],"_links":{"self":[{"href":"https:\/\/staging.nbg.eu\/cs\/wp-json\/wp\/v2\/product\/61833","targetHints":{"allow":["GET"]}}],"collection":[{"href":"https:\/\/staging.nbg.eu\/cs\/wp-json\/wp\/v2\/product"}],"about":[{"href":"https:\/\/staging.nbg.eu\/cs\/wp-json\/wp\/v2\/types\/product"}],"wp:featuredmedia":[{"embeddable":true,"href":"https:\/\/staging.nbg.eu\/cs\/wp-json\/wp\/v2\/media\/61834"}],"wp:attachment":[{"href":"https:\/\/staging.nbg.eu\/cs\/wp-json\/wp\/v2\/media?parent=61833"}],"wp:term":[{"taxonomy":"product_brand","embeddable":true,"href":"https:\/\/staging.nbg.eu\/cs\/wp-json\/wp\/v2\/product_brand?post=61833"},{"taxonomy":"product_cat","embeddable":true,"href":"https:\/\/staging.nbg.eu\/cs\/wp-json\/wp\/v2\/product_cat?post=61833"},{"taxonomy":"product_tag","embeddable":true,"href":"https:\/\/staging.nbg.eu\/cs\/wp-json\/wp\/v2\/product_tag?post=61833"}],"curies":[{"name":"wp","href":"https:\/\/api.w.org\/{rel}","templated":true}]}}