{"id":61771,"date":"2024-02-14T19:52:46","date_gmt":"2024-09-16T11:12:15","guid":{"rendered":"https:\/\/staging.nbg.eu\/product\/geissele-hk-mr-762-trigger\/"},"modified":"2024-09-16T11:12:56","modified_gmt":"2024-09-16T11:12:56","slug":"geissele-hk-mr-762-spoust","status":"publish","type":"product","link":"https:\/\/staging.nbg.eu\/cs\/produkt\/geissele-hk-mr-762-spoust\/","title":{"rendered":"Geissele HK MR 762 spou\u0161\u0165"},"content":{"rendered":"<div class=\"product-description\">\n<h2>Geissele HK MR 762 spou\u0161\u0165<\/h2>\n<p>Vylep\u0161ete svou HK 762 nebo poloautomatickou HK 417. Spou\u0161\u0165 Geissele HK MR 762, podobn\u00e1 na\u0161emu SSA spou\u0161t\u011bc\u00edmu mechanismu, nab\u00edz\u00ed:<\/p>\n<ul>\n<li>Plynul\u00fd chod<\/li>\n<li>Zv\u00fd\u0161en\u00e1 p\u0159esnost<\/li>\n<li>Kompatibilita s modely HK 762 a HK 417<\/li>\n<li>Odoln\u00e1 konstrukce<\/li>\n<\/ul>\n<p>Geissele nab\u00edz\u00ed technologii spou\u0161t\u011bc\u00edch mechanism\u016f.<\/p>\n<\/div>\n","protected":false},"excerpt":{"rendered":"<p>P\u0159esn\u00e1 spou\u0161\u0165 typu SSA pro pu\u0161ky HK 762 a samonab\u00edjec\u00ed HK 417.<\/p>\n","protected":false},"featured_media":61772,"template":"","meta":{"_acf_changed":false},"product_brand":[11377],"product_cat":[12709,12658,12646],"product_tag":[],"class_list":{"0":"post-61771","1":"product","2":"type-product","3":"status-publish","4":"has-post-thumbnail","6":"product_brand-geissele","7":"product_cat-puska","8":"product_cat-rifle-tuning","9":"product_cat-spouste","11":"first","12":"instock","13":"taxable","14":"shipping-taxable","15":"product-type-simple"},"acf":[],"_links":{"self":[{"href":"https:\/\/staging.nbg.eu\/cs\/wp-json\/wp\/v2\/product\/61771","targetHints":{"allow":["GET"]}}],"collection":[{"href":"https:\/\/staging.nbg.eu\/cs\/wp-json\/wp\/v2\/product"}],"about":[{"href":"https:\/\/staging.nbg.eu\/cs\/wp-json\/wp\/v2\/types\/product"}],"wp:featuredmedia":[{"embeddable":true,"href":"https:\/\/staging.nbg.eu\/cs\/wp-json\/wp\/v2\/media\/61772"}],"wp:attachment":[{"href":"https:\/\/staging.nbg.eu\/cs\/wp-json\/wp\/v2\/media?parent=61771"}],"wp:term":[{"taxonomy":"product_brand","embeddable":true,"href":"https:\/\/staging.nbg.eu\/cs\/wp-json\/wp\/v2\/product_brand?post=61771"},{"taxonomy":"product_cat","embeddable":true,"href":"https:\/\/staging.nbg.eu\/cs\/wp-json\/wp\/v2\/product_cat?post=61771"},{"taxonomy":"product_tag","embeddable":true,"href":"https:\/\/staging.nbg.eu\/cs\/wp-json\/wp\/v2\/product_tag?post=61771"}],"curies":[{"name":"wp","href":"https:\/\/api.w.org\/{rel}","templated":true}]}}