{"id":61689,"date":"2024-02-14T19:58:42","date_gmt":"2024-09-16T11:07:29","guid":{"rendered":"https:\/\/staging.nbg.eu\/product\/geissele-10-5-super-modular-rail-mk16-m-lok\/"},"modified":"2024-09-16T11:08:14","modified_gmt":"2024-09-16T11:08:14","slug":"geissele-105-super-modular-rail-mk16-m-lok","status":"publish","type":"product","link":"https:\/\/staging.nbg.eu\/cs\/produkt\/geissele-105-super-modular-rail-mk16-m-lok\/","title":{"rendered":"Geissele 10.5&#8243; Super Modular Rail MK16 M-LOK\u00ae"},"content":{"rendered":"<h2 style=\"text-align: center\"><b>10,5\u2033 Super modul\u00e1rn\u00ed li\u0161ta MK16 M-LOK\u00ae<\/b><\/h2>\n<p>Geissele Super modul\u00e1rn\u00ed li\u0161ta MK16 nab\u00edz\u00ed v\u00fdkon pro n\u00e1ro\u010dn\u00e9 st\u0159elce. Montuje se na horn\u00ed \u010d\u00e1st pu\u0161ky AR-15 pomoc\u00ed aktualizovan\u00e9 verze osv\u011bd\u010den\u00e9ho designu matice hlavn\u011b Geissele. MK16 se snadno instaluje a udr\u017euje a nab\u00edz\u00ed vynikaj\u00edc\u00ed tuhost. Zar\u00e1\u017eky proti ot\u00e1\u010den\u00ed a stav\u011bc\u00ed \u0161rouby zaji\u0161\u0165uj\u00ed, \u017ee se li\u0161ta nebude ot\u00e1\u010det ani p\u0159i extr\u00e9mn\u00edm pou\u017eit\u00ed. <b>Picatinny li\u0161ta M1913 naho\u0159e a sloty M-LOK\u2122<\/b> na ka\u017ed\u00e9m kvadrantu zaji\u0161\u0165uj\u00ed maxim\u00e1ln\u00ed p\u0159izp\u016fsoben\u00ed pro v\u0161echno p\u0159\u00edslu\u0161enstv\u00ed. Geissele SMR MK16 je p\u0159esn\u011b obr\u00e1b\u011bn z <b>hlin\u00edku \u0159ady 7000<\/b> d\u00edky jeho pevn\u00fdm, tuh\u00fdm a lehk\u00fdm vlastnostem a je povrchov\u011b upraven tvrd\u00fdm eloxov\u00e1n\u00edm typu 3.<\/p>\n<p>Super modul\u00e1rn\u00ed li\u0161ta 13,5&#8243; (SMR) MK16 M-LOK\u00ae, NSN# 1005-01-672-4794 (13,5&#8243;), <b>byla p\u0159ijata USASOC pro program URG-I (Vylep\u0161en\u00e1 skupina horn\u00edho p\u0159ij\u00edma\u010de)<\/b>.<\/p>\n<p>&nbsp;<\/p>\n<h2 style=\"text-align: center\"><strong>SPECIFIKACE<\/strong><\/h2>\n<hr \/>\n<table border=\"1\">\n<tbody>\n<tr>\n<td><strong>V\u00dd\u0160KA: <\/strong><\/td>\n<td> 2,39&#8243;<\/td>\n<\/tr>\n<tr>\n<td><strong>BARVA: <\/strong><\/td>\n<td> \u010cern\u00e1, DDC, \u0160ed\u00e1, ODG<\/td>\n<\/tr>\n<tr>\n<td><strong>MATERI\u00c1L: <\/strong><\/td>\n<td> Hlin\u00edk \u0159ady 7000<\/td>\n<\/tr>\n<tr>\n<td><strong>POVRCHOV\u00c1 \u00daPRAVA: <\/strong><\/td>\n<td> Tvrd\u00e9 eloxov\u00e1n\u00ed typu 3<\/td>\n<\/tr>\n<tr>\n<td><strong>DOSTUPN\u00c9 D\u00c9LKY: <\/strong><\/td>\n<td> 9,3&#8243;, 10,5&#8243;, 13,5&#8243;, 15&#8243;<\/td>\n<\/tr>\n<tr>\n<td><strong>VNIT\u0158N\u00cd PR\u016eM\u011aR: <\/strong><\/td>\n<td> 1,26&#8243;<\/td>\n<\/tr>\n<tr>\n<td><strong>VN\u011aJ\u0160\u00cd PR\u016eM\u011aR (DAQ*): <\/strong><\/td>\n<td> 1,59&#8243;<\/td>\n<\/tr>\n<tr>\n<td><strong>HMOTNOST SMR MK16 9,3&#8243;: <\/strong><\/td>\n<td> 286 g (333 g s matic\u00ed hlavn\u011b)<\/td>\n<\/tr>\n<tr>\n<td><strong>HMOTNOST SMR MK16 10,5&#8243;: <\/strong><\/td>\n<td> 312 g (357 g s matic\u00ed hlavn\u011b)<\/td>\n<\/tr>\n<tr>\n<td><strong>HMOTNOST SMR MK16 13,5&#8243;: <\/strong><\/td>\n<td> 380 g (422 g s matic\u00ed hlavn\u011b)<\/td>\n<\/tr>\n<tr>\n<td><strong>HMOTNOST SMR MK16 15&#8243;: <\/strong><\/td>\n<td> 403 g (448 g s matic\u00ed hlavn\u011b)<\/td>\n<\/tr>\n<\/tbody>\n<\/table>\n<p><em>*DAQ &#8211; Vzd\u00e1lenost nap\u0159\u00ed\u010d kvadranty<\/em><\/p>\n","protected":false},"excerpt":{"rendered":"<p><strong>Bezkonkuren\u010dn\u00ed v\u00fdkon pro ty nejn\u00e1ro\u010dn\u011bj\u0161\u00ed st\u0159elce<\/strong><\/p>\n","protected":false},"featured_media":61690,"template":"","meta":{"_acf_changed":false},"product_brand":[11377],"product_cat":[12706,12657,12709,12658],"product_tag":[],"class_list":{"0":"post-61689","1":"product","2":"type-product","3":"status-publish","4":"has-post-thumbnail","6":"product_brand-geissele","7":"product_cat-karabiny","8":"product_cat-listy","9":"product_cat-puska","10":"product_cat-rifle-tuning","12":"first","13":"instock","14":"taxable","15":"shipping-taxable","16":"product-type-variable","17":"wvs-archive-product-wrapper"},"acf":[],"_links":{"self":[{"href":"https:\/\/staging.nbg.eu\/cs\/wp-json\/wp\/v2\/product\/61689","targetHints":{"allow":["GET"]}}],"collection":[{"href":"https:\/\/staging.nbg.eu\/cs\/wp-json\/wp\/v2\/product"}],"about":[{"href":"https:\/\/staging.nbg.eu\/cs\/wp-json\/wp\/v2\/types\/product"}],"wp:featuredmedia":[{"embeddable":true,"href":"https:\/\/staging.nbg.eu\/cs\/wp-json\/wp\/v2\/media\/61690"}],"wp:attachment":[{"href":"https:\/\/staging.nbg.eu\/cs\/wp-json\/wp\/v2\/media?parent=61689"}],"wp:term":[{"taxonomy":"product_brand","embeddable":true,"href":"https:\/\/staging.nbg.eu\/cs\/wp-json\/wp\/v2\/product_brand?post=61689"},{"taxonomy":"product_cat","embeddable":true,"href":"https:\/\/staging.nbg.eu\/cs\/wp-json\/wp\/v2\/product_cat?post=61689"},{"taxonomy":"product_tag","embeddable":true,"href":"https:\/\/staging.nbg.eu\/cs\/wp-json\/wp\/v2\/product_tag?post=61689"}],"curies":[{"name":"wp","href":"https:\/\/api.w.org\/{rel}","templated":true}]}}