{"id":60909,"date":"2024-02-14T20:33:29","date_gmt":"2024-09-16T10:40:01","guid":{"rendered":"https:\/\/staging.nbg.eu\/product\/geissele-16-super-modular-rail-mk18-m-lok\/"},"modified":"2024-09-16T10:40:51","modified_gmt":"2024-09-16T10:40:51","slug":"geissele-16-super-modular-rail-mk18-m-lok","status":"publish","type":"product","link":"https:\/\/staging.nbg.eu\/cs\/produkt\/geissele-16-super-modular-rail-mk18-m-lok\/","title":{"rendered":"Geissele 16&#8243; Super Modular Rail MK18 M-LOK\u00ae"},"content":{"rendered":"<h2 style=\"text-align: center\"><b>16&#8243; Super modul\u00e1rn\u00ed li\u0161ta MK18 M-LOK\u00ae<\/b><\/h2>\n<p>MK18 je nejnov\u011bj\u0161\u00ed v \u0159ad\u011b Geissele Super modul\u00e1rn\u00edch li\u0161t a je specificky vyrobena pro rozhran\u00ed se syst\u00e9mem <b>Arca-Swiss Quick Release<\/b>. Tento nov\u00fd p\u0159edpa\u017eb\u00ed je zalo\u017een na MK16 M-LOK Super modul\u00e1rn\u00ed li\u0161t\u011b, nab\u00edzej\u00edc\u00ed mal\u00fd pr\u016fm\u011br a celkovou v\u00fd\u0161ku vytv\u00e1\u0159ej\u00edc\u00ed \u00fazk\u00fd profil. Ploch\u00e1 z\u00e1kladna MK18 m\u00e1 &#8222;Arca-Style&#8220; 35mm \u0161irokou formu s 45 stup\u0148ov\u00fdm ryb\u00edm ocasem, kter\u00fd umo\u017e\u0148uje rychl\u00e9 upevn\u011bn\u00ed na mont\u00e1\u017en\u00ed z\u00e1kladnu Arca-Swiss Quick Release, posouv\u00e1n\u00ed do jak\u00e9koli polohy pod\u00e9l li\u0161ty. MK18 obsahuje <b>vlastn\u00ed 2,25&#8243; dlouhou matici hlavn\u011b<\/b>. 16&#8243; dlouh\u00fd MK18 je 3D p\u0159esn\u011b obr\u00e1b\u011bn s pou\u017eit\u00edm hlin\u00edku \u0159ady 7000 d\u00edky jeho siln\u00fdm, pevn\u00fdm a lehk\u00fdm vlastnostem.<\/p>\n<p>Vyu\u017eit\u00ed <b>technologie Magpul M-LOK ve t\u0159ech hlavn\u00edch kvadrantech<\/b> (lev\u00fd, prav\u00fd a spodn\u00ed), stejn\u011b jako horn\u00ed 45\u00b0 d\u00e1v\u00e1 MK18 bezprecedentn\u00ed modularitu a schopnost p\u0159izp\u016fsoben\u00ed. MK18 Super modul\u00e1rn\u00ed li\u0161ta je <b>dokon\u010dena v odoln\u00e9m a dlouhotrvaj\u00edc\u00edm Type 3 tvrd\u00e9m anodizovan\u00e9m povrchu<\/b> dostupn\u00e9m bu\u010f v \u010dern\u00e9 nebo v Geissele DDC povrchov\u00e9 \u00faprav\u011b.<\/p>\n<p>Geissele Super modul\u00e1rn\u00ed li\u0161ta MK18 je <b>kompatibiln\u00ed s pu\u0161kami vzoru AR15 dle vojensk\u00e9 specifikace.<\/b><\/p>\n<h2 style=\"text-align: center\"><strong>SPECIFIKACE<\/strong><\/h2>\n<hr \/>\n<table border=\"1\">\n<tbody>\n<tr>\n<td><strong>V\u00dd\u0160KA: <\/strong><\/td>\n<td> 2,08<\/td>\n<\/tr>\n<tr>\n<td><strong>BARVA: <\/strong><\/td>\n<td> DDC \/ \u010cern\u00e1<\/td>\n<\/tr>\n<tr>\n<td><strong>MATERI\u00c1L: <\/strong><\/td>\n<td> Hlin\u00edk \u0159ady 7000<\/td>\n<\/tr>\n<tr>\n<td><strong>POVRCHOV\u00c1 \u00daPRAVA: <\/strong><\/td>\n<td> Type 3 tvrd\u00e9 anodizov\u00e1n\u00ed<\/td>\n<\/tr>\n<tr>\n<td><strong>D\u00c9LKA: <\/strong><\/td>\n<td> 16,5&#8243;<\/td>\n<\/tr>\n<tr>\n<td><strong>VNIT\u0158N\u00cd PR\u016eM\u011aR: <\/strong><\/td>\n<td> 1,26&#8243;<\/td>\n<\/tr>\n<tr>\n<td><strong>VN\u011aJ\u0160\u00cd PR\u016eM\u011aR (DAQ*): <\/strong><\/td>\n<td> 1,59&#8243;<\/td>\n<\/tr>\n<tr>\n<td><strong>HMOTNOST SMR MK18: <\/strong><\/td>\n<td> 17oz (18,4oz s matic\u00ed hlavn\u011b)<\/td>\n<\/tr>\n<\/tbody>\n<\/table>\n<p>&nbsp;<\/p>\n<p><em>*DAQ &#8211; Vzd\u00e1lenost nap\u0159\u00ed\u010d kvadranty<\/em><\/p>\n","protected":false},"excerpt":{"rendered":"<p><strong>Vyrobeno pro kompatibilitu s rychloup\u00ednac\u00edm syst\u00e9mem Arca-Swiss<\/strong><\/p>\n","protected":false},"featured_media":60910,"template":"","meta":{"_acf_changed":false},"product_brand":[11377],"product_cat":[12706,12657,12709,12658],"product_tag":[],"class_list":{"0":"post-60909","1":"product","2":"type-product","3":"status-publish","4":"has-post-thumbnail","6":"product_brand-geissele","7":"product_cat-karabiny","8":"product_cat-listy","9":"product_cat-puska","10":"product_cat-rifle-tuning","12":"first","13":"outofstock","14":"taxable","15":"shipping-taxable","16":"product-type-variable","17":"wvs-archive-product-wrapper"},"acf":[],"_links":{"self":[{"href":"https:\/\/staging.nbg.eu\/cs\/wp-json\/wp\/v2\/product\/60909","targetHints":{"allow":["GET"]}}],"collection":[{"href":"https:\/\/staging.nbg.eu\/cs\/wp-json\/wp\/v2\/product"}],"about":[{"href":"https:\/\/staging.nbg.eu\/cs\/wp-json\/wp\/v2\/types\/product"}],"wp:featuredmedia":[{"embeddable":true,"href":"https:\/\/staging.nbg.eu\/cs\/wp-json\/wp\/v2\/media\/60910"}],"wp:attachment":[{"href":"https:\/\/staging.nbg.eu\/cs\/wp-json\/wp\/v2\/media?parent=60909"}],"wp:term":[{"taxonomy":"product_brand","embeddable":true,"href":"https:\/\/staging.nbg.eu\/cs\/wp-json\/wp\/v2\/product_brand?post=60909"},{"taxonomy":"product_cat","embeddable":true,"href":"https:\/\/staging.nbg.eu\/cs\/wp-json\/wp\/v2\/product_cat?post=60909"},{"taxonomy":"product_tag","embeddable":true,"href":"https:\/\/staging.nbg.eu\/cs\/wp-json\/wp\/v2\/product_tag?post=60909"}],"curies":[{"name":"wp","href":"https:\/\/api.w.org\/{rel}","templated":true}]}}