{"id":60791,"date":"2024-02-14T20:38:31","date_gmt":"2024-09-16T10:31:57","guid":{"rendered":"https:\/\/staging.nbg.eu\/product\/alg-defense-emr-v3x-15-handguard-black\/"},"modified":"2024-09-16T10:32:37","modified_gmt":"2024-09-16T10:32:37","slug":"alg-defense-emr-v3x-15-predpazbi-cerne","status":"publish","type":"product","link":"https:\/\/staging.nbg.eu\/cs\/produkt\/alg-defense-emr-v3x-15-predpazbi-cerne\/","title":{"rendered":"ALG Defense EMR V3X 15&#8243; p\u0159edpa\u017eb\u00ed &#8211; \u010dern\u00e9"},"content":{"rendered":"<p>P\u0159edpa\u017eb\u00ed ALG Defense EMR V3X 15&#8243; v \u010dern\u00e9 barv\u011b nab\u00edz\u00ed mo\u017enost p\u0159izp\u016fsoben\u00ed d\u00edky syst\u00e9mu M-LOK. Umo\u017e\u0148uje mont\u00e1\u017e p\u0159\u00edslu\u0161enstv\u00ed v pozic\u00edch 2, 4, 6, 8 a 10 hodin. Je vybaveno li\u0161tou M1913 picatinny v cel\u00e9 d\u00e9lce na pozici 12 hodin pro upevn\u011bn\u00ed m\u00ed\u0159idel, laser\u016f, sv\u011btel a dal\u0161\u00ed optiky. Vhodn\u00e9 pro \u00fapravu zbran\u011b podle specifick\u00fdch pot\u0159eb.<\/p>\n","protected":false},"excerpt":{"rendered":"<p>Univerz\u00e1ln\u00ed 15&#8243; M-LOK p\u0159edpa\u017eb\u00ed s plnohodnotnou Picatinny li\u0161tou po cel\u00e9 d\u00e9lce.<\/p>\n","protected":false},"featured_media":60792,"template":"","meta":{"_acf_changed":false},"product_brand":[11377],"product_cat":[12657,12709,12658],"product_tag":[],"class_list":{"0":"post-60791","1":"product","2":"type-product","3":"status-publish","4":"has-post-thumbnail","6":"product_brand-geissele","7":"product_cat-listy","8":"product_cat-puska","9":"product_cat-rifle-tuning","11":"first","12":"instock","13":"taxable","14":"shipping-taxable","15":"product-type-simple"},"acf":[],"_links":{"self":[{"href":"https:\/\/staging.nbg.eu\/cs\/wp-json\/wp\/v2\/product\/60791","targetHints":{"allow":["GET"]}}],"collection":[{"href":"https:\/\/staging.nbg.eu\/cs\/wp-json\/wp\/v2\/product"}],"about":[{"href":"https:\/\/staging.nbg.eu\/cs\/wp-json\/wp\/v2\/types\/product"}],"wp:featuredmedia":[{"embeddable":true,"href":"https:\/\/staging.nbg.eu\/cs\/wp-json\/wp\/v2\/media\/60792"}],"wp:attachment":[{"href":"https:\/\/staging.nbg.eu\/cs\/wp-json\/wp\/v2\/media?parent=60791"}],"wp:term":[{"taxonomy":"product_brand","embeddable":true,"href":"https:\/\/staging.nbg.eu\/cs\/wp-json\/wp\/v2\/product_brand?post=60791"},{"taxonomy":"product_cat","embeddable":true,"href":"https:\/\/staging.nbg.eu\/cs\/wp-json\/wp\/v2\/product_cat?post=60791"},{"taxonomy":"product_tag","embeddable":true,"href":"https:\/\/staging.nbg.eu\/cs\/wp-json\/wp\/v2\/product_tag?post=60791"}],"curies":[{"name":"wp","href":"https:\/\/api.w.org\/{rel}","templated":true}]}}