{"id":60389,"date":"2024-02-15T07:17:14","date_gmt":"2024-02-15T07:17:14","guid":{"rendered":"https:\/\/staging.nbg.eu\/product\/geissele-super-42-rifle-length-spring\/"},"modified":"2024-09-13T16:16:14","modified_gmt":"2024-09-13T16:16:14","slug":"geissele-super-42-pruzina-rifle-delky","status":"publish","type":"product","link":"https:\/\/staging.nbg.eu\/cs\/produkt\/geissele-super-42-pruzina-rifle-delky\/","title":{"rendered":"Geissele Super 42 pru\u017eina rifle d\u00e9lky"},"content":{"rendered":"<p>\nZlep\u0161ete v\u00fdkon va\u0161\u00ed M-16\/AR-15 pomoc\u00ed pru\u017einy Geissele Super 42 d\u00e9lky pu\u0161ky. Jej\u00ed konstrukce s trojit\u00fdm dr\u00e1tem funguje jako harmonick\u00fd tlumi\u010d, absorbuje energii a sni\u017euje selh\u00e1n\u00ed pru\u017einy. Pru\u017eina zlep\u0161uje spolehlivost, sni\u017euje zvuk &#8222;brnknut\u00ed&#8220; a je kompatibiln\u00ed se standardn\u00edmi pufry a trubicemi d\u00e9lky pu\u0161ky.<\/p>\n","protected":false},"excerpt":{"rendered":"<p>Zlep\u0161ete v\u00fdkon AR-15 s inovativn\u00ed t\u0159\u00edvl\u00e1knovou pru\u017einou od Geissele.<\/p>\n","protected":false},"featured_media":60390,"template":"","meta":{"_acf_changed":false},"product_brand":[11377],"product_cat":[12720,12709,12658],"product_tag":[],"class_list":{"0":"post-60389","1":"product","2":"type-product","3":"status-publish","4":"has-post-thumbnail","6":"product_brand-geissele","7":"product_cat-pruziny","8":"product_cat-puska","9":"product_cat-rifle-tuning","11":"first","12":"instock","13":"taxable","14":"shipping-taxable","15":"product-type-simple"},"acf":[],"_links":{"self":[{"href":"https:\/\/staging.nbg.eu\/cs\/wp-json\/wp\/v2\/product\/60389","targetHints":{"allow":["GET"]}}],"collection":[{"href":"https:\/\/staging.nbg.eu\/cs\/wp-json\/wp\/v2\/product"}],"about":[{"href":"https:\/\/staging.nbg.eu\/cs\/wp-json\/wp\/v2\/types\/product"}],"wp:featuredmedia":[{"embeddable":true,"href":"https:\/\/staging.nbg.eu\/cs\/wp-json\/wp\/v2\/media\/60390"}],"wp:attachment":[{"href":"https:\/\/staging.nbg.eu\/cs\/wp-json\/wp\/v2\/media?parent=60389"}],"wp:term":[{"taxonomy":"product_brand","embeddable":true,"href":"https:\/\/staging.nbg.eu\/cs\/wp-json\/wp\/v2\/product_brand?post=60389"},{"taxonomy":"product_cat","embeddable":true,"href":"https:\/\/staging.nbg.eu\/cs\/wp-json\/wp\/v2\/product_cat?post=60389"},{"taxonomy":"product_tag","embeddable":true,"href":"https:\/\/staging.nbg.eu\/cs\/wp-json\/wp\/v2\/product_tag?post=60389"}],"curies":[{"name":"wp","href":"https:\/\/api.w.org\/{rel}","templated":true}]}}