{"id":60172,"date":"2024-02-15T07:27:09","date_gmt":"2024-09-13T16:10:41","guid":{"rendered":"https:\/\/staging.nbg.eu\/product\/geissele-super-charging-handle-sch-5-56\/"},"modified":"2024-09-13T16:11:27","modified_gmt":"2024-09-13T16:11:27","slug":"geissele-super-napinaci-tahlo-sch-556","status":"publish","type":"product","link":"https:\/\/staging.nbg.eu\/cs\/produkt\/geissele-super-napinaci-tahlo-sch-556\/","title":{"rendered":"Geissele Super nap\u00ednac\u00ed t\u00e1hlo (SCH) 5.56"},"content":{"rendered":"<div class=\"product-description\">\n<h2>Geissele nab\u00edjec\u00ed p\u00e1ka (SCH\u00ae) 5,56<\/h2>\n<p>P\u0159esn\u011b obroben\u00e1 ze slitiny hlin\u00edku 7075-T6, tato oboustrann\u00e1 nab\u00edjec\u00ed p\u00e1ka obsahuje:<\/p>\n<ul>\n<li>Dv\u011b tvarovan\u00e9 p\u00e1ky s vroubkovan\u00fdm \u00fachopem<\/li>\n<li>Vylep\u0161en\u00e9 odv\u00e1d\u011bn\u00ed plyn\u016f pro tlumen\u00e9 syst\u00e9my<\/li>\n<li>Povrchov\u00e1 \u00faprava tvrd\u00fdm eloxov\u00e1n\u00edm typu 3<\/li>\n<li>Dostupn\u00e1 v \u010dern\u00e9 barv\u011b a DDC<\/li>\n<\/ul>\n<p>Zlep\u0161uje ergonomii a odolnost AR-15.<\/p>\n<\/div>\n","protected":false},"excerpt":{"rendered":"<p>Oboustrann\u00e1 nab\u00edjec\u00ed p\u00e1ka z hlin\u00edku 7075-T6. Konstrukce sni\u017euj\u00edc\u00ed \u00fanik plyn\u016f.<\/p>\n","protected":false},"featured_media":60173,"template":"","meta":{"_acf_changed":false},"product_brand":[11377],"product_cat":[12709,12658],"product_tag":[],"class_list":{"0":"post-60172","1":"product","2":"type-product","3":"status-publish","4":"has-post-thumbnail","6":"product_brand-geissele","7":"product_cat-puska","8":"product_cat-rifle-tuning","10":"first","11":"instock","12":"taxable","13":"shipping-taxable","14":"product-type-variable","15":"wvs-archive-product-wrapper"},"acf":[],"_links":{"self":[{"href":"https:\/\/staging.nbg.eu\/cs\/wp-json\/wp\/v2\/product\/60172","targetHints":{"allow":["GET"]}}],"collection":[{"href":"https:\/\/staging.nbg.eu\/cs\/wp-json\/wp\/v2\/product"}],"about":[{"href":"https:\/\/staging.nbg.eu\/cs\/wp-json\/wp\/v2\/types\/product"}],"wp:featuredmedia":[{"embeddable":true,"href":"https:\/\/staging.nbg.eu\/cs\/wp-json\/wp\/v2\/media\/60173"}],"wp:attachment":[{"href":"https:\/\/staging.nbg.eu\/cs\/wp-json\/wp\/v2\/media?parent=60172"}],"wp:term":[{"taxonomy":"product_brand","embeddable":true,"href":"https:\/\/staging.nbg.eu\/cs\/wp-json\/wp\/v2\/product_brand?post=60172"},{"taxonomy":"product_cat","embeddable":true,"href":"https:\/\/staging.nbg.eu\/cs\/wp-json\/wp\/v2\/product_cat?post=60172"},{"taxonomy":"product_tag","embeddable":true,"href":"https:\/\/staging.nbg.eu\/cs\/wp-json\/wp\/v2\/product_tag?post=60172"}],"curies":[{"name":"wp","href":"https:\/\/api.w.org\/{rel}","templated":true}]}}