{"id":59946,"date":"2024-02-15T07:54:43","date_gmt":"2024-09-13T16:09:02","guid":{"rendered":"https:\/\/staging.nbg.eu\/product\/geissele-super-charging-handle-sch-7-62\/"},"modified":"2024-09-13T16:09:48","modified_gmt":"2024-09-13T16:09:48","slug":"geissele-super-napinaci-tahlo-sch-762","status":"publish","type":"product","link":"https:\/\/staging.nbg.eu\/cs\/produkt\/geissele-super-napinaci-tahlo-sch-762\/","title":{"rendered":"Geissele Super nap\u00ednac\u00ed t\u00e1hlo (SCH) 7.62"},"content":{"rendered":"<div class=\"product-description\">\n<h2>Geissele nab\u00edjec\u00ed p\u00e1ka (SCH\u00ae) 7.62<\/h2>\n<p>SCH\u00ae 7.62 je oboustrann\u00e1 nab\u00edjec\u00ed p\u00e1ka vyroben\u00e1 z hlin\u00edku 7075-T6. M\u00e1 tvarovan\u00e9 p\u00e1\u010dky s vroubkovan\u00fdm povrchem pro lep\u0161\u00ed \u00fachop. Zv\u00fd\u0161en\u00fd zadn\u00ed okraj sni\u017euje \u00fanik plynu, co\u017e je vhodn\u00e9 pro kr\u00e1tk\u00e9 hlavn\u011b a tlumi\u010de. Anodizov\u00e1no pro odolnost, dostupn\u00e9 v \u010dern\u00e9 a pou\u0161tn\u00ed barv\u011b.<\/p>\n<p>Kompatibiln\u00ed s v\u011bt\u0161inou zbran\u00ed typu SR25, DPMS\/LR308 a AR10. P\u0159ed instalac\u00ed ov\u011b\u0159te kompatibilitu u v\u00fdrobce va\u0161\u00ed zbran\u011b.<\/p>\n<p><strong>Nen\u00ed kompatibiln\u00ed s:<\/strong> HK 762, Colt 901, DPMS GII, Adams Arms .308 Patrol Rifle, Daniel Defense DD5, Sig 716, BPM Long Range Marksman .308, Smith &amp; Wesson MP-10, Bushmaster BAR-10, Rock River Arms LAR-8.<\/p>\n<\/div>\n","protected":false},"excerpt":{"rendered":"<p>Oboustrann\u00e1 nab\u00edjec\u00ed p\u00e1ka z hlin\u00edku 7075-T6 pro pu\u0161ky r\u00e1\u017ee 7,62 mm.<\/p>\n","protected":false},"featured_media":59947,"template":"","meta":{"_acf_changed":false},"product_brand":[11377],"product_cat":[12709,12658],"product_tag":[],"class_list":{"0":"post-59946","1":"product","2":"type-product","3":"status-publish","4":"has-post-thumbnail","6":"product_brand-geissele","7":"product_cat-puska","8":"product_cat-rifle-tuning","10":"first","11":"instock","12":"taxable","13":"shipping-taxable","14":"product-type-variable","15":"wvs-archive-product-wrapper"},"acf":[],"_links":{"self":[{"href":"https:\/\/staging.nbg.eu\/cs\/wp-json\/wp\/v2\/product\/59946","targetHints":{"allow":["GET"]}}],"collection":[{"href":"https:\/\/staging.nbg.eu\/cs\/wp-json\/wp\/v2\/product"}],"about":[{"href":"https:\/\/staging.nbg.eu\/cs\/wp-json\/wp\/v2\/types\/product"}],"wp:featuredmedia":[{"embeddable":true,"href":"https:\/\/staging.nbg.eu\/cs\/wp-json\/wp\/v2\/media\/59947"}],"wp:attachment":[{"href":"https:\/\/staging.nbg.eu\/cs\/wp-json\/wp\/v2\/media?parent=59946"}],"wp:term":[{"taxonomy":"product_brand","embeddable":true,"href":"https:\/\/staging.nbg.eu\/cs\/wp-json\/wp\/v2\/product_brand?post=59946"},{"taxonomy":"product_cat","embeddable":true,"href":"https:\/\/staging.nbg.eu\/cs\/wp-json\/wp\/v2\/product_cat?post=59946"},{"taxonomy":"product_tag","embeddable":true,"href":"https:\/\/staging.nbg.eu\/cs\/wp-json\/wp\/v2\/product_tag?post=59946"}],"curies":[{"name":"wp","href":"https:\/\/api.w.org\/{rel}","templated":true}]}}