{"id":59836,"date":"2024-02-15T10:31:20","date_gmt":"2024-09-13T16:05:24","guid":{"rendered":"https:\/\/staging.nbg.eu\/product\/geissele-super-configurable-safety-selector-black\/"},"modified":"2024-09-13T16:06:04","modified_gmt":"2024-09-13T16:06:04","slug":"geissele-super-konfigurovatelna-pojistka-cerna","status":"publish","type":"product","link":"https:\/\/staging.nbg.eu\/cs\/produkt\/geissele-super-konfigurovatelna-pojistka-cerna\/","title":{"rendered":"Geissele Super konfigurovateln\u00e1 pojistka &#8211; \u010cern\u00e1"},"content":{"rendered":"<div class=\"product-description\">\n<h2>Geissele Super Configurable bezpe\u010dnostn\u00ed p\u0159ep\u00edna\u010d &#8211; \u010cern\u00fd<\/h2>\n<p>Oboustrann\u00fd bezpe\u010dnostn\u00ed p\u0159ep\u00edna\u010d pro karabinu. M\u00e1 vym\u011bniteln\u00e9 p\u00e1\u010dky pro p\u0159izp\u016fsoben\u00ed. Zaji\u0161t\u011bn\u00fd pru\u017einov\u00fdm mechanismem proti ztr\u00e1t\u011b p\u0159i \u010di\u0161t\u011bn\u00ed. Hlave\u0148 z nerezov\u00e9 oceli odoln\u00e1 proti korozi. Slou\u017e\u00ed ke zlep\u0161en\u00ed bezpe\u010dnosti a ovl\u00e1d\u00e1n\u00ed zbran\u011b.<\/p>\n<\/div>\n","protected":false},"excerpt":{"rendered":"<p>Oboustrann\u00fd, konfigurovateln\u00fd bezpe\u010dnostn\u00ed voli\u010d pro AR-15. Odoln\u00e1 ocel.<\/p>\n","protected":false},"featured_media":59837,"template":"","meta":{"_acf_changed":false},"product_brand":[11377],"product_cat":[12709,12658],"product_tag":[],"class_list":{"0":"post-59836","1":"product","2":"type-product","3":"status-publish","4":"has-post-thumbnail","6":"product_brand-geissele","7":"product_cat-puska","8":"product_cat-rifle-tuning","10":"first","11":"instock","12":"taxable","13":"shipping-taxable","14":"product-type-simple"},"acf":[],"_links":{"self":[{"href":"https:\/\/staging.nbg.eu\/cs\/wp-json\/wp\/v2\/product\/59836","targetHints":{"allow":["GET"]}}],"collection":[{"href":"https:\/\/staging.nbg.eu\/cs\/wp-json\/wp\/v2\/product"}],"about":[{"href":"https:\/\/staging.nbg.eu\/cs\/wp-json\/wp\/v2\/types\/product"}],"wp:featuredmedia":[{"embeddable":true,"href":"https:\/\/staging.nbg.eu\/cs\/wp-json\/wp\/v2\/media\/59837"}],"wp:attachment":[{"href":"https:\/\/staging.nbg.eu\/cs\/wp-json\/wp\/v2\/media?parent=59836"}],"wp:term":[{"taxonomy":"product_brand","embeddable":true,"href":"https:\/\/staging.nbg.eu\/cs\/wp-json\/wp\/v2\/product_brand?post=59836"},{"taxonomy":"product_cat","embeddable":true,"href":"https:\/\/staging.nbg.eu\/cs\/wp-json\/wp\/v2\/product_cat?post=59836"},{"taxonomy":"product_tag","embeddable":true,"href":"https:\/\/staging.nbg.eu\/cs\/wp-json\/wp\/v2\/product_tag?post=59836"}],"curies":[{"name":"wp","href":"https:\/\/api.w.org\/{rel}","templated":true}]}}