{"id":59658,"date":"2024-02-15T10:48:43","date_gmt":"2024-09-13T16:01:45","guid":{"rendered":"https:\/\/staging.nbg.eu\/product\/geissele-maritime-bolt-catch\/"},"modified":"2024-09-13T16:02:26","modified_gmt":"2024-09-13T16:02:26","slug":"geissele-maritime-zachyt-zaveru","status":"publish","type":"product","link":"https:\/\/staging.nbg.eu\/cs\/produkt\/geissele-maritime-zachyt-zaveru\/","title":{"rendered":"Geissele Maritime z\u00e1chyt z\u00e1v\u011bru"},"content":{"rendered":"<p>\nGeissele Maritime Bolt Catch zlep\u0161uje funk\u010dnost va\u0161eho AR-15:<\/p>\n<ul>\n<li>Kompatibiln\u00ed s lower receivery M16\/M4 dle vojensk\u00e9 specifikace<\/li>\n<li>Zv\u011bt\u0161en\u00e1 plocha pro snadn\u011bj\u0161\u00ed ovl\u00e1d\u00e1n\u00ed<\/li>\n<li>Prodlou\u017een\u00e9 ovl\u00e1dac\u00ed prvky pro st\u0159elce lev\u00e1ky<\/li>\n<li>V\u00fdrazn\u00e9 vroubkov\u00e1n\u00ed pro lep\u0161\u00ed \u00fachop<\/li>\n<li>Vhodn\u00e9 pro pou\u017eit\u00ed v rukavic\u00edch nebo p\u0159i slab\u00e9m osv\u011btlen\u00ed<\/li>\n<\/ul>\n<p>Vylep\u0161ete svou pu\u0161ku t\u00edmto bolt catchem navr\u017een\u00fdm pro voj\u00e1ky a nad\u0161ence.<\/p>\n","protected":false},"excerpt":{"rendered":"<p>Vylep\u0161en\u00e1 z\u00e1padka z\u00e1v\u011bru s v\u011bt\u0161\u00ed plochou pro snadn\u011bj\u0161\u00ed ovl\u00e1d\u00e1n\u00ed.<\/p>\n","protected":false},"featured_media":59659,"template":"","meta":{"_acf_changed":false},"product_brand":[11377],"product_cat":[12709,12658],"product_tag":[],"class_list":{"0":"post-59658","1":"product","2":"type-product","3":"status-publish","4":"has-post-thumbnail","6":"product_brand-geissele","7":"product_cat-puska","8":"product_cat-rifle-tuning","10":"first","11":"instock","12":"taxable","13":"shipping-taxable","14":"product-type-simple"},"acf":[],"_links":{"self":[{"href":"https:\/\/staging.nbg.eu\/cs\/wp-json\/wp\/v2\/product\/59658","targetHints":{"allow":["GET"]}}],"collection":[{"href":"https:\/\/staging.nbg.eu\/cs\/wp-json\/wp\/v2\/product"}],"about":[{"href":"https:\/\/staging.nbg.eu\/cs\/wp-json\/wp\/v2\/types\/product"}],"wp:featuredmedia":[{"embeddable":true,"href":"https:\/\/staging.nbg.eu\/cs\/wp-json\/wp\/v2\/media\/59659"}],"wp:attachment":[{"href":"https:\/\/staging.nbg.eu\/cs\/wp-json\/wp\/v2\/media?parent=59658"}],"wp:term":[{"taxonomy":"product_brand","embeddable":true,"href":"https:\/\/staging.nbg.eu\/cs\/wp-json\/wp\/v2\/product_brand?post=59658"},{"taxonomy":"product_cat","embeddable":true,"href":"https:\/\/staging.nbg.eu\/cs\/wp-json\/wp\/v2\/product_cat?post=59658"},{"taxonomy":"product_tag","embeddable":true,"href":"https:\/\/staging.nbg.eu\/cs\/wp-json\/wp\/v2\/product_tag?post=59658"}],"curies":[{"name":"wp","href":"https:\/\/api.w.org\/{rel}","templated":true}]}}