{"id":58817,"date":"2024-02-15T19:41:39","date_gmt":"2024-09-13T15:17:16","guid":{"rendered":"https:\/\/staging.nbg.eu\/product\/geissele-super-gas-block-black\/"},"modified":"2024-09-13T15:17:56","modified_gmt":"2024-09-13T15:17:56","slug":"geissele-super-plynovy-nasadec-cerny","status":"publish","type":"product","link":"https:\/\/staging.nbg.eu\/cs\/produkt\/geissele-super-plynovy-nasadec-cerny\/","title":{"rendered":"Geissele Super plynov\u00fd n\u00e1sadec &#8211; \u010cern\u00fd"},"content":{"rendered":"<div class=\"product-description\">\n<h2>Geissele Super plynov\u00fd blok &#8211; \u010cern\u00fd<\/h2>\n<p>Geissele Super plynov\u00fd blok je n\u00edzkoprofilov\u00fd, p\u0159esn\u011b vyroben\u00fd komponent navr\u017een\u00fd pro pou\u017eit\u00ed pod v\u011bt\u0161inou voln\u011b plovouc\u00edch p\u0159edpa\u017eb\u00ed. Je vyroben z precipita\u010dn\u011b vytvrzen\u00e9 nerezov\u00e9 oceli 17-4, kter\u00e1 poskytuje odolnost proti korozi a trvanlivost.<\/p>\n<ul>\n<li>Vydr\u017e\u00ed tis\u00edce v\u00fdst\u0159el\u016f<\/li>\n<li>Zahrnuje standardn\u00ed stav\u011bc\u00ed \u0161roub a metody &#8222;Bombproof Installation&#8220;<\/li>\n<li>Spir\u00e1lov\u00fd kol\u00edk zaji\u0161\u0165uje plynov\u00fd blok pro maxim\u00e1ln\u00ed stabilitu<\/li>\n<li>Nerezov\u00fd kol\u00edk zaji\u0161\u0165uje p\u0159esn\u00e9 zarovn\u00e1n\u00ed s hlavn\u011bmi Geissele CHF<\/li>\n<\/ul>\n<p>Geissele Super plynov\u00fd blok je navr\u017een tak, aby fungoval spolehliv\u011b za v\u0161ech provozn\u00edch podm\u00ednek.<\/p>\n<\/div>\n","protected":false},"excerpt":{"rendered":"<p>N\u00edzkoprofilov\u00fd, odoln\u00fd plynov\u00fd blok z nerezov\u00e9 oceli pro pu\u0161ky AR-15.<\/p>\n","protected":false},"featured_media":58818,"template":"","meta":{"_acf_changed":false},"product_brand":[11377],"product_cat":[12709,12658],"product_tag":[],"class_list":{"0":"post-58817","1":"product","2":"type-product","3":"status-publish","4":"has-post-thumbnail","6":"product_brand-geissele","7":"product_cat-puska","8":"product_cat-rifle-tuning","10":"first","11":"instock","12":"taxable","13":"shipping-taxable","14":"product-type-simple"},"acf":[],"_links":{"self":[{"href":"https:\/\/staging.nbg.eu\/cs\/wp-json\/wp\/v2\/product\/58817","targetHints":{"allow":["GET"]}}],"collection":[{"href":"https:\/\/staging.nbg.eu\/cs\/wp-json\/wp\/v2\/product"}],"about":[{"href":"https:\/\/staging.nbg.eu\/cs\/wp-json\/wp\/v2\/types\/product"}],"wp:featuredmedia":[{"embeddable":true,"href":"https:\/\/staging.nbg.eu\/cs\/wp-json\/wp\/v2\/media\/58818"}],"wp:attachment":[{"href":"https:\/\/staging.nbg.eu\/cs\/wp-json\/wp\/v2\/media?parent=58817"}],"wp:term":[{"taxonomy":"product_brand","embeddable":true,"href":"https:\/\/staging.nbg.eu\/cs\/wp-json\/wp\/v2\/product_brand?post=58817"},{"taxonomy":"product_cat","embeddable":true,"href":"https:\/\/staging.nbg.eu\/cs\/wp-json\/wp\/v2\/product_cat?post=58817"},{"taxonomy":"product_tag","embeddable":true,"href":"https:\/\/staging.nbg.eu\/cs\/wp-json\/wp\/v2\/product_tag?post=58817"}],"curies":[{"name":"wp","href":"https:\/\/api.w.org\/{rel}","templated":true}]}}