{"id":583703,"date":"2025-10-10T23:40:13","date_gmt":"2025-10-10T20:40:13","guid":{"rendered":"https:\/\/staging.nbg.eu\/product\/dillon-4-pack-primer-pickup-tubes-small-primer\/"},"modified":"2025-10-16T15:28:42","modified_gmt":"2025-10-16T12:28:42","slug":"dillon-4-pack-trubicky-na-zapalky-male-zapalky","status":"publish","type":"product","link":"https:\/\/staging.nbg.eu\/cs\/produkt\/dillon-4-pack-trubicky-na-zapalky-male-zapalky\/","title":{"rendered":"Dillon 4-pack trubi\u010dky na z\u00e1palky &#8211; mal\u00e9 z\u00e1palky"},"content":{"rendered":"<div class=\"product-description\">\n<h2>Dillon 4 balen\u00ed z\u00e1sobn\u00edk\u016f na mal\u00e9 z\u00e1palky<\/h2>\n<p>Z\u00e1sobn\u00edky Dillon pro mal\u00e9 z\u00e1palky jsou ur\u010deny k usnadn\u011bn\u00ed procesu p\u0159eb\u00edjen\u00ed.<\/p>\n<ul>\n<li>Sada 4 z\u00e1sobn\u00edk\u016f pro mal\u00e9 z\u00e1palky<\/li>\n<li>Mo\u017enost p\u0159edpln\u011bn\u00ed z\u00e1sobn\u00edk\u016f pro rychlej\u0161\u00ed p\u0159eb\u00edjen\u00ed<\/li>\n<li>Kompatibiln\u00ed s lisy Dillon<\/li>\n<li>Zvy\u0161uje produktivitu a \u0161et\u0159\u00ed \u010das<\/li>\n<\/ul>\n<p>Napln\u011bn\u00e9 z\u00e1sobn\u00edky jsou p\u0159ipraveny k pou\u017eit\u00ed pro nep\u0159etr\u017eit\u00e9 p\u0159eb\u00edjen\u00ed. Vhodn\u00e9 pro sportovn\u00ed st\u0159elce a st\u0159elce s vysok\u00fdm objemem p\u0159eb\u00edjen\u00ed.<\/p>\n<\/div>\n","protected":false},"excerpt":{"rendered":"<p>4 mal\u00e9 trubi\u010dky na z\u00e1palky pro rychl\u00e9 a efektivn\u00ed p\u0159eb\u00edjen\u00ed.<\/p>\n","protected":false},"featured_media":583729,"template":"","meta":{"_acf_changed":false},"product_brand":[],"product_cat":[12705,12659],"product_tag":[],"class_list":{"0":"post-583703","1":"product","2":"type-product","3":"status-publish","4":"has-post-thumbnail","6":"product_cat-prebijeni","7":"product_cat-prislusenstvi-pro-prebijeni","9":"first","10":"instock","11":"taxable","12":"shipping-taxable","13":"purchasable","14":"product-type-simple"},"acf":[],"_links":{"self":[{"href":"https:\/\/staging.nbg.eu\/cs\/wp-json\/wp\/v2\/product\/583703","targetHints":{"allow":["GET"]}}],"collection":[{"href":"https:\/\/staging.nbg.eu\/cs\/wp-json\/wp\/v2\/product"}],"about":[{"href":"https:\/\/staging.nbg.eu\/cs\/wp-json\/wp\/v2\/types\/product"}],"wp:featuredmedia":[{"embeddable":true,"href":"https:\/\/staging.nbg.eu\/cs\/wp-json\/wp\/v2\/media\/583729"}],"wp:attachment":[{"href":"https:\/\/staging.nbg.eu\/cs\/wp-json\/wp\/v2\/media?parent=583703"}],"wp:term":[{"taxonomy":"product_brand","embeddable":true,"href":"https:\/\/staging.nbg.eu\/cs\/wp-json\/wp\/v2\/product_brand?post=583703"},{"taxonomy":"product_cat","embeddable":true,"href":"https:\/\/staging.nbg.eu\/cs\/wp-json\/wp\/v2\/product_cat?post=583703"},{"taxonomy":"product_tag","embeddable":true,"href":"https:\/\/staging.nbg.eu\/cs\/wp-json\/wp\/v2\/product_tag?post=583703"}],"curies":[{"name":"wp","href":"https:\/\/api.w.org\/{rel}","templated":true}]}}