{"id":58260,"date":"2024-02-20T19:05:47","date_gmt":"2024-02-20T19:05:47","guid":{"rendered":"https:\/\/staging.nbg.eu\/product\/grovtec-heavy-duty-push-button-qd-sling-swivel\/"},"modified":"2024-09-13T15:04:39","modified_gmt":"2024-09-13T15:04:39","slug":"grovtec-heavy-duty-rychloupinaci-qd-otocny-prvek-pro-popruh","status":"publish","type":"product","link":"https:\/\/staging.nbg.eu\/cs\/produkt\/grovtec-heavy-duty-rychloupinaci-qd-otocny-prvek-pro-popruh\/","title":{"rendered":"GROVTEC Heavy Duty rychloup\u00ednac\u00ed QD oto\u010dn\u00fd prvek pro popruh"},"content":{"rendered":"<p>GROVTEC Push Button QD Sling Swivel je p\u0159\u00edslu\u0161enstv\u00ed pro 1-1\/4&#8243; popruhy. Tento samostatn\u011b balen\u00fd oto\u010dn\u00fd z\u00e1v\u011bs m\u00e1:<\/p>\n<ul>\n<li>Testov\u00e1no na zat\u00ed\u017een\u00ed a\u017e 450 liber<\/li>\n<li>Matn\u00e1 manganov\u00e1 fosf\u00e1tov\u00e1 povrchov\u00e1 \u00faprava<\/li>\n<li>Tla\u010d\u00edtkov\u00fd mechanismus pro rychl\u00e9 odpojen\u00ed<\/li>\n<li>Odoln\u00e1 konstrukce pro dlouhodob\u00e9 pou\u017e\u00edv\u00e1n\u00ed<\/li>\n<\/ul>\n<p>Tento oto\u010dn\u00fd z\u00e1v\u011bs je p\u0159\u00edslu\u0161enstv\u00ed pro va\u0161i st\u0159elnou zbra\u0148.<\/p>\n","protected":false},"excerpt":{"rendered":"<p>Odoln\u00fd popruhov\u00fd z\u00e1v\u011bs 1,25&#8243;, testovan\u00fd na 450 liber, s tla\u010d\u00edtkov\u00fdm rychl\u00fdm odpojen\u00edm, matn\u00e1 povrchov\u00e1 \u00faprava.<\/p>\n","protected":false},"featured_media":58261,"template":"","meta":{"_acf_changed":false},"product_brand":[],"product_cat":[12709,12672],"product_tag":[],"class_list":{"0":"post-58260","1":"product","2":"type-product","3":"status-publish","4":"has-post-thumbnail","6":"product_cat-puska","7":"product_cat-remeny","9":"first","10":"instock","11":"taxable","12":"shipping-taxable","13":"product-type-simple"},"acf":[],"_links":{"self":[{"href":"https:\/\/staging.nbg.eu\/cs\/wp-json\/wp\/v2\/product\/58260","targetHints":{"allow":["GET"]}}],"collection":[{"href":"https:\/\/staging.nbg.eu\/cs\/wp-json\/wp\/v2\/product"}],"about":[{"href":"https:\/\/staging.nbg.eu\/cs\/wp-json\/wp\/v2\/types\/product"}],"wp:featuredmedia":[{"embeddable":true,"href":"https:\/\/staging.nbg.eu\/cs\/wp-json\/wp\/v2\/media\/58261"}],"wp:attachment":[{"href":"https:\/\/staging.nbg.eu\/cs\/wp-json\/wp\/v2\/media?parent=58260"}],"wp:term":[{"taxonomy":"product_brand","embeddable":true,"href":"https:\/\/staging.nbg.eu\/cs\/wp-json\/wp\/v2\/product_brand?post=58260"},{"taxonomy":"product_cat","embeddable":true,"href":"https:\/\/staging.nbg.eu\/cs\/wp-json\/wp\/v2\/product_cat?post=58260"},{"taxonomy":"product_tag","embeddable":true,"href":"https:\/\/staging.nbg.eu\/cs\/wp-json\/wp\/v2\/product_tag?post=58260"}],"curies":[{"name":"wp","href":"https:\/\/api.w.org\/{rel}","templated":true}]}}