{"id":582556,"date":"2025-10-10T18:10:11","date_gmt":"2025-10-10T15:10:11","guid":{"rendered":"https:\/\/staging.nbg.eu\/product\/daa-gripz-grip-enhancer-75-ml\/"},"modified":"2025-10-16T13:57:07","modified_gmt":"2025-10-16T10:57:07","slug":"daa-gripz-zlepsovac-uchopu-75-ml","status":"publish","type":"product","link":"https:\/\/staging.nbg.eu\/cs\/produkt\/daa-gripz-zlepsovac-uchopu-75-ml\/","title":{"rendered":"DAA GRIPZ &#8211; zlep\u0161ova\u010d \u00fachopu 75 ml"},"content":{"rendered":"<div class=\"product-description\">\n<h2>DAA GRIPZ &#8211; Prost\u0159edek na zlep\u0161en\u00ed \u00fachopu 75 ml<\/h2>\n<p>DAA GRIPZ je lotion pro zlep\u0161en\u00ed \u00fachopu navr\u017een\u00fd pro st\u0159elce IPSC a USPSA. Tato 75ml l\u00e1hev zaji\u0161\u0165uje bezpe\u010dn\u00fd \u00fachop bez klouz\u00e1n\u00ed ve vlhk\u00fdch podm\u00ednk\u00e1ch a extr\u00e9mn\u00edm teple.<\/p>\n<ul>\n<li>Slo\u017een\u00ed na b\u00e1zi k\u0159em\u00edku s alkoholem a stabiliz\u00e1tory pro optim\u00e1ln\u00ed v\u00fdkon a trvanlivost<\/li>\n<li>Uz\u00e1v\u011br &#8222;Snap-cap&#8220; pro snadn\u00fd p\u0159\u00edstup jednou rukou<\/li>\n<li>\u010cist\u0161\u00ed aplikace &#8211; nezanech\u00e1v\u00e1 b\u00edl\u00e9 stopy a snadno se neot\u00edr\u00e1 o oble\u010den\u00ed a rukoje\u0165 pistole<\/li>\n<li>Vhodn\u00e9 pro udr\u017een\u00ed such\u00fdch dlan\u00ed a bezpe\u010dn\u00e9ho \u00fachopu p\u0159i rychl\u00e9 a p\u0159esn\u00e9 st\u0159elb\u011b<\/li>\n<\/ul>\n<p>Vyzkou\u0161ejte DAA GRIPZ a zlep\u0161ete svou st\u0159elbu.<\/p>\n<\/div>\n","protected":false},"excerpt":{"rendered":"<p>DAA GRIPZ: Zlep\u0161ete \u00fachop pro p\u0159esnou st\u0159elbu. 75ml lahvi\u010dka.<\/p>\n","protected":false},"featured_media":582630,"template":"","meta":{"_acf_changed":false},"product_brand":[],"product_cat":[12725],"product_tag":[],"class_list":{"0":"post-582556","1":"product","2":"type-product","3":"status-publish","4":"has-post-thumbnail","6":"product_cat-nezarazeno","8":"first","9":"instock","10":"taxable","11":"shipping-taxable","12":"purchasable","13":"product-type-simple"},"acf":[],"_links":{"self":[{"href":"https:\/\/staging.nbg.eu\/cs\/wp-json\/wp\/v2\/product\/582556","targetHints":{"allow":["GET"]}}],"collection":[{"href":"https:\/\/staging.nbg.eu\/cs\/wp-json\/wp\/v2\/product"}],"about":[{"href":"https:\/\/staging.nbg.eu\/cs\/wp-json\/wp\/v2\/types\/product"}],"wp:featuredmedia":[{"embeddable":true,"href":"https:\/\/staging.nbg.eu\/cs\/wp-json\/wp\/v2\/media\/582630"}],"wp:attachment":[{"href":"https:\/\/staging.nbg.eu\/cs\/wp-json\/wp\/v2\/media?parent=582556"}],"wp:term":[{"taxonomy":"product_brand","embeddable":true,"href":"https:\/\/staging.nbg.eu\/cs\/wp-json\/wp\/v2\/product_brand?post=582556"},{"taxonomy":"product_cat","embeddable":true,"href":"https:\/\/staging.nbg.eu\/cs\/wp-json\/wp\/v2\/product_cat?post=582556"},{"taxonomy":"product_tag","embeddable":true,"href":"https:\/\/staging.nbg.eu\/cs\/wp-json\/wp\/v2\/product_tag?post=582556"}],"curies":[{"name":"wp","href":"https:\/\/api.w.org\/{rel}","templated":true}]}}