{"id":582280,"date":"2025-10-10T18:10:10","date_gmt":"2025-10-10T15:10:10","guid":{"rendered":"https:\/\/staging.nbg.eu\/product\/daa-magnet-inc-screw-and-thermal-nut-for-racer-pouch\/"},"modified":"2025-10-16T13:40:09","modified_gmt":"2025-10-16T10:40:09","slug":"daa-magnet-vc-sroubu-a-tepelne-matice-pro-zavodni-pouzdro","status":"publish","type":"product","link":"https:\/\/staging.nbg.eu\/cs\/produkt\/daa-magnet-vc-sroubu-a-tepelne-matice-pro-zavodni-pouzdro\/","title":{"rendered":"DAA magnet v\u010d. \u0161roubu a tepeln\u00e9 matice pro z\u00e1vodn\u00ed pouzdro"},"content":{"rendered":"<div class=\"product-description\">\n<h2>DAA Magnetick\u00e1 sada pro z\u00e1sobn\u00edkov\u00e9 pouzdro Single Stack Racer<\/h2>\n<p>Vylep\u0161ete sv\u00e9 DAA z\u00e1sobn\u00edkov\u00e9 pouzdro Single Stack Racer touto magnetickou mont\u00e1\u017en\u00ed sadou. Na\u0161e sada obsahuje:<\/p>\n<ul>\n<li>Velk\u00fd 42mm N42 magnet<\/li>\n<li>Zapu\u0161t\u011bn\u00e1 matice M5<\/li>\n<li>12mm \u0161roub M5<\/li>\n<\/ul>\n<p>Instalace je rychl\u00e1 a snadn\u00e1, vyu\u017e\u00edvaj\u00edc\u00ed existuj\u00edc\u00ed otvor na vn\u011bj\u0161\u00ed stran\u011b pouzdra. Pro optim\u00e1ln\u00ed v\u00fdsledky:<\/p>\n<ol>\n<li>P\u0159ed instalac\u00ed ur\u010dete a zajist\u011bte po\u017eadovan\u00fd \u00fahel pouzdra<\/li>\n<li>Nainstalujte magnet pomoc\u00ed dodan\u00e9ho p\u0159\u00edslu\u0161enstv\u00ed<\/li>\n<\/ol>\n<p><strong>Pozn\u00e1mka:<\/strong> Po instalaci m\u016f\u017ee b\u00fdt p\u0159\u00edstup k st\u0159edov\u00e9mu mont\u00e1\u017en\u00edmu \u0161roubu omezen. Zva\u017ete vytvo\u0159en\u00ed vlastn\u00edho 3mm \u0161estihrann\u00e9ho kl\u00ed\u010de s kr\u00e1tk\u00fdm ramenem pro budouc\u00ed \u00fapravy.<\/p>\n<p>Tato magnetick\u00e1 mont\u00e1\u017en\u00ed sada roz\u0161\u00ed\u0159\u00ed mo\u017enosti pou\u017eit\u00ed va\u0161eho pouzdra.<\/p>\n<\/div>\n","protected":false},"excerpt":{"rendered":"<p>Magnetick\u00e1 mont\u00e1\u017en\u00ed sada pro DAA Single Stack Racer pouzdra. Snadn\u00e1 instalace.<\/p>\n","protected":false},"featured_media":582339,"template":"","meta":{"_acf_changed":false},"product_brand":[],"product_cat":[12667,12679,12676],"product_tag":[],"class_list":{"0":"post-582280","1":"product","2":"type-product","3":"status-publish","4":"has-post-thumbnail","6":"product_cat-kapsy","7":"product_cat-sportovni-pasy","8":"product_cat-vybaveni","10":"first","11":"instock","12":"taxable","13":"shipping-taxable","14":"purchasable","15":"product-type-simple"},"acf":[],"_links":{"self":[{"href":"https:\/\/staging.nbg.eu\/cs\/wp-json\/wp\/v2\/product\/582280","targetHints":{"allow":["GET"]}}],"collection":[{"href":"https:\/\/staging.nbg.eu\/cs\/wp-json\/wp\/v2\/product"}],"about":[{"href":"https:\/\/staging.nbg.eu\/cs\/wp-json\/wp\/v2\/types\/product"}],"wp:featuredmedia":[{"embeddable":true,"href":"https:\/\/staging.nbg.eu\/cs\/wp-json\/wp\/v2\/media\/582339"}],"wp:attachment":[{"href":"https:\/\/staging.nbg.eu\/cs\/wp-json\/wp\/v2\/media?parent=582280"}],"wp:term":[{"taxonomy":"product_brand","embeddable":true,"href":"https:\/\/staging.nbg.eu\/cs\/wp-json\/wp\/v2\/product_brand?post=582280"},{"taxonomy":"product_cat","embeddable":true,"href":"https:\/\/staging.nbg.eu\/cs\/wp-json\/wp\/v2\/product_cat?post=582280"},{"taxonomy":"product_tag","embeddable":true,"href":"https:\/\/staging.nbg.eu\/cs\/wp-json\/wp\/v2\/product_tag?post=582280"}],"curies":[{"name":"wp","href":"https:\/\/api.w.org\/{rel}","templated":true}]}}