{"id":582032,"date":"2025-10-10T18:10:00","date_gmt":"2025-10-10T15:10:00","guid":{"rendered":"https:\/\/staging.nbg.eu\/product\/daa-magnet-with-m4-screw-for-x-ray-pouches\/"},"modified":"2025-10-16T11:53:44","modified_gmt":"2025-10-16T08:53:44","slug":"daa-magnet-s-m4-sroubem-pro-x-ray-pouzdra","status":"publish","type":"product","link":"https:\/\/staging.nbg.eu\/cs\/produkt\/daa-magnet-s-m4-sroubem-pro-x-ray-pouzdra\/","title":{"rendered":"DAA magnet s M4 \u0161roubem pro X-Ray pouzdra"},"content":{"rendered":"<div class=\"product-description\">\n<h2>DAA magnet s \u0161roubem M4 pro rentgenov\u00e9 pouzdra<\/h2>\n<p>Dopl\u0148te sv\u00e9 rentgenov\u00e9 hlin\u00edkov\u00e9 a plastov\u00e9 pouzdra na\u0161imi 48mm magnety pro uchycen\u00ed z\u00e1sobn\u00edk\u016f. Tyto magnety maj\u00ed vlo\u017eku se z\u00e1vitem M4, kter\u00e1 odpov\u00edd\u00e1 z\u00e1vitov\u00e9mu otvoru v rentgenov\u00fdch pouzdrech.<\/p>\n<h3>Hlavn\u00ed vlastnosti:<\/h3>\n<ul>\n<li>Magnet N54: Tlou\u0161\u0165ka 8mm a hmotnost 90g<\/li>\n<li>Nov\u00fd design: 30% sn\u00ed\u017een\u00ed tlou\u0161\u0165ky a hmotnosti<\/li>\n<li>Kompatibiln\u00ed s DAA krytem magnetu<\/li>\n<\/ul>\n<h3>Sada obsahuje:<\/h3>\n<ul>\n<li>48mm magnet N54<\/li>\n<li>\u0160roub M4 s \u0161irokou hlavou Torx<\/li>\n<li>Velk\u00e1 podlo\u017eka M4<\/li>\n<\/ul>\n<p><strong>Pozn\u00e1mka:<\/strong> Podlo\u017eku pou\u017eijte pouze pro plastov\u00e1 pouzdra. Pro zaji\u0161t\u011bn\u00ed pou\u017eijte Loctite. Nep\u0159etahujte.<\/p>\n<\/div>\n","protected":false},"excerpt":{"rendered":"<p>Ultra tenk\u00fd N54 magnet pro rentgenov\u00e9 kapsy. Bezpe\u010dn\u00e9 a lehk\u00e9 uchycen\u00ed.<\/p>\n","protected":false},"featured_media":582056,"template":"","meta":{"_acf_changed":false},"product_brand":[],"product_cat":[12679,12701,12676],"product_tag":[],"class_list":{"0":"post-582032","1":"product","2":"type-product","3":"status-publish","4":"has-post-thumbnail","6":"product_cat-sportovni-pasy","7":"product_cat-sportovni-pouzdro","8":"product_cat-vybaveni","10":"first","11":"instock","12":"taxable","13":"shipping-taxable","14":"purchasable","15":"product-type-simple"},"acf":[],"_links":{"self":[{"href":"https:\/\/staging.nbg.eu\/cs\/wp-json\/wp\/v2\/product\/582032","targetHints":{"allow":["GET"]}}],"collection":[{"href":"https:\/\/staging.nbg.eu\/cs\/wp-json\/wp\/v2\/product"}],"about":[{"href":"https:\/\/staging.nbg.eu\/cs\/wp-json\/wp\/v2\/types\/product"}],"wp:featuredmedia":[{"embeddable":true,"href":"https:\/\/staging.nbg.eu\/cs\/wp-json\/wp\/v2\/media\/582056"}],"wp:attachment":[{"href":"https:\/\/staging.nbg.eu\/cs\/wp-json\/wp\/v2\/media?parent=582032"}],"wp:term":[{"taxonomy":"product_brand","embeddable":true,"href":"https:\/\/staging.nbg.eu\/cs\/wp-json\/wp\/v2\/product_brand?post=582032"},{"taxonomy":"product_cat","embeddable":true,"href":"https:\/\/staging.nbg.eu\/cs\/wp-json\/wp\/v2\/product_cat?post=582032"},{"taxonomy":"product_tag","embeddable":true,"href":"https:\/\/staging.nbg.eu\/cs\/wp-json\/wp\/v2\/product_tag?post=582032"}],"curies":[{"name":"wp","href":"https:\/\/api.w.org\/{rel}","templated":true}]}}