{"id":581586,"date":"2025-10-10T18:09:59","date_gmt":"2025-10-10T15:09:59","guid":{"rendered":"https:\/\/staging.nbg.eu\/product\/daa-x-ray-polymer-pouch-black\/"},"modified":"2025-10-16T11:21:59","modified_gmt":"2025-10-16T08:21:59","slug":"daa-x-ray-polymerove-pouzdro-cerne","status":"publish","type":"product","link":"https:\/\/staging.nbg.eu\/cs\/produkt\/daa-x-ray-polymerove-pouzdro-cerne\/","title":{"rendered":"DAA X-Ray polymerov\u00e9 pouzdro &#8211; \u010dern\u00e9"},"content":{"rendered":"<h2>DAA X-Ray polymerov\u00e9 pouzdro &#8211; \u010cern\u00e9<\/h2>\n<p>DAA X-Ray polymerov\u00e9 pouzdro na z\u00e1sobn\u00edky m\u00e1 tyto vlastnosti:<\/p>\n<ul>\n<li>Vy\u0159ez\u00e1van\u00fd vzhled pro ni\u017e\u0161\u00ed hmotnost<\/li>\n<li>8 mont\u00e1\u017en\u00edch bod\u016f pro oboustrann\u00e9 pou\u017eit\u00ed a r\u016fzn\u00e9 um\u00edst\u011bn\u00ed<\/li>\n<li>3 sady distan\u010dn\u00edch podlo\u017eek kompatibiln\u00ed s v\u011bt\u0161inou dvou\u0159ad\u00fdch z\u00e1sobn\u00edk\u016f<\/li>\n<li>Konstrukce z polymeru vyztu\u017een\u00e9ho vl\u00e1kny<\/li>\n<li>Upraven\u00e1 horn\u00ed hrana pro snadn\u011bj\u0161\u00ed vlo\u017een\u00ed z\u00e1sobn\u00edku<\/li>\n<li>Pojistn\u00fd \u0161roub proti n\u00e1hodn\u00e9mu uvoln\u011bn\u00ed<\/li>\n<li>Zv\u011bt\u0161en\u00fd 13mm kulov\u00fd kloub pro lep\u0161\u00ed stabilitu<\/li>\n<li>Nastaven\u00ed nap\u011bt\u00ed bez n\u00e1stroj\u016f pomoc\u00ed velk\u00e9ho kole\u010dka<\/li>\n<\/ul>\n<p>DAA X-Ray polymerov\u00e9 pouzdro je ur\u010deno pro pou\u017eit\u00ed na st\u0159elnici.<\/p>\n","protected":false},"excerpt":{"rendered":"<p>DAA rentgenov\u00fd polymerov\u00fd pouzdro: Elegantn\u00ed, v\u0161estrann\u00fd a bezpe\u010dn\u00fd dr\u017e\u00e1k z\u00e1sobn\u00edku pro z\u00e1vodn\u00edky.<\/p>\n","protected":false},"featured_media":581692,"template":"","meta":{"_acf_changed":false},"product_brand":[],"product_cat":[12667,12679,12701,12676],"product_tag":[],"class_list":{"0":"post-581586","1":"product","2":"type-product","3":"status-publish","4":"has-post-thumbnail","6":"product_cat-kapsy","7":"product_cat-sportovni-pasy","8":"product_cat-sportovni-pouzdro","9":"product_cat-vybaveni","11":"first","12":"instock","13":"taxable","14":"shipping-taxable","15":"purchasable","16":"product-type-simple"},"acf":[],"_links":{"self":[{"href":"https:\/\/staging.nbg.eu\/cs\/wp-json\/wp\/v2\/product\/581586","targetHints":{"allow":["GET"]}}],"collection":[{"href":"https:\/\/staging.nbg.eu\/cs\/wp-json\/wp\/v2\/product"}],"about":[{"href":"https:\/\/staging.nbg.eu\/cs\/wp-json\/wp\/v2\/types\/product"}],"wp:featuredmedia":[{"embeddable":true,"href":"https:\/\/staging.nbg.eu\/cs\/wp-json\/wp\/v2\/media\/581692"}],"wp:attachment":[{"href":"https:\/\/staging.nbg.eu\/cs\/wp-json\/wp\/v2\/media?parent=581586"}],"wp:term":[{"taxonomy":"product_brand","embeddable":true,"href":"https:\/\/staging.nbg.eu\/cs\/wp-json\/wp\/v2\/product_brand?post=581586"},{"taxonomy":"product_cat","embeddable":true,"href":"https:\/\/staging.nbg.eu\/cs\/wp-json\/wp\/v2\/product_cat?post=581586"},{"taxonomy":"product_tag","embeddable":true,"href":"https:\/\/staging.nbg.eu\/cs\/wp-json\/wp\/v2\/product_tag?post=581586"}],"curies":[{"name":"wp","href":"https:\/\/api.w.org\/{rel}","templated":true}]}}