{"id":581252,"date":"2025-10-10T18:09:52","date_gmt":"2025-10-10T15:09:52","guid":{"rendered":"https:\/\/staging.nbg.eu\/product\/jack-556x45mm-223-rem-polymer\/"},"modified":"2025-10-17T17:31:23","modified_gmt":"2025-10-17T14:31:23","slug":"jack-556x45mm223-rem-polymer","status":"publish","type":"product","link":"https:\/\/staging.nbg.eu\/cs\/produkt\/jack-556x45mm223-rem-polymer\/","title":{"rendered":"Jack 5,56x45mm\/.223 REM Polymer"},"content":{"rendered":"<div class=\"product-description\">\n<h2>Jack 5,56x45mm\/.223 REM Polymer<\/h2>\n<p>Jack 5,56x45mm\/.223 REM Polymer je modern\u00ed pu\u0161ka kombinuj\u00edc\u00ed p\u0159esn\u00e9 in\u017een\u00fdrstv\u00ed, pokro\u010dil\u00e9 materi\u00e1ly a ergonomick\u00fd design.<\/p>\n<h2>Kl\u00ed\u010dov\u00e9 vlastnosti:<\/h2>\n<ul>\n<li>R\u00e1\u017ee: 5.56x45mm \/.223 Rem<\/li>\n<li>D\u00e9lka hlavn\u011b: 415mm<\/li>\n<li>Stoup\u00e1n\u00ed v\u00fdvrtu: 1:8<\/li>\n<li>Z\u00e1vit \u00fast\u00ed: 14\u00d71 lev\u00fd<\/li>\n<li>Hmotnost bez n\u00e1boj\u016f: 3.1kg<\/li>\n<li>\u00das\u0165ov\u00e1 rychlost: 920 m\/s<\/li>\n<li>Funkce: Rota\u010dn\u00ed z\u00e1v\u011br<\/li>\n<li>Typ: Samonab\u00edjec\u00ed<\/li>\n<\/ul>\n<h2>Design:<\/h2>\n<ul>\n<li>Fr\u00e9zovan\u00e1 bo\u010dn\u00ed li\u0161ta pro mont\u00e1\u017e optiky<\/li>\n<li>N\u00fdtovan\u00e1 li\u0161ta na pouzd\u0159e z\u00e1v\u011bru<\/li>\n<li>Polymerov\u00e1 pa\u017eba pro odolnost a sn\u00ed\u017een\u00ed hmotnosti<\/li>\n<li>Ergonomick\u00e9 polymerov\u00e9 lo\u017ee<\/li>\n<li>Polymerov\u00fd kryt plynov\u00e9 trubice pro odvod tepla<\/li>\n<li>Zv\u011bt\u0161en\u00fd voli\u010d re\u017eimu st\u0159elby pro lep\u0161\u00ed ovl\u00e1d\u00e1n\u00ed<\/li>\n<li>Zv\u011bt\u0161en\u00e9 uvoln\u011bn\u00ed z\u00e1sobn\u00edku pro rychl\u00e9 p\u0159eb\u00edjen\u00ed<\/li>\n<li>Spodn\u00ed li\u0161ta (rybina) pro mont\u00e1\u017e p\u0159\u00edslu\u0161enstv\u00ed<\/li>\n<\/ul>\n<p>Jack 5,56x45mm\/.223 REM Polymer je pu\u0161ka s kombinac\u00ed spolehlivosti, p\u0159esnosti a modern\u00edho designu.<\/p>\n<\/div>\n","protected":false},"excerpt":{"rendered":"<p>Kompaktn\u00ed, lehk\u00e1 pu\u0161ka r\u00e1\u017ee 5,56 mm s polymerov\u00fdmi komponenty. Poloautomatick\u00e1. P\u0159izp\u016fsobiteln\u00e1 li\u0161tou pro optiku.<\/p>\n","protected":false},"featured_media":581286,"template":"","meta":{"_acf_changed":false},"product_brand":[],"product_cat":[12706,12709],"product_tag":[],"class_list":{"0":"post-581252","1":"product","2":"type-product","3":"status-publish","4":"has-post-thumbnail","6":"product_cat-karabiny","7":"product_cat-puska","9":"first","10":"outofstock","11":"taxable","12":"shipping-taxable","13":"product-type-simple"},"acf":[],"_links":{"self":[{"href":"https:\/\/staging.nbg.eu\/cs\/wp-json\/wp\/v2\/product\/581252","targetHints":{"allow":["GET"]}}],"collection":[{"href":"https:\/\/staging.nbg.eu\/cs\/wp-json\/wp\/v2\/product"}],"about":[{"href":"https:\/\/staging.nbg.eu\/cs\/wp-json\/wp\/v2\/types\/product"}],"wp:featuredmedia":[{"embeddable":true,"href":"https:\/\/staging.nbg.eu\/cs\/wp-json\/wp\/v2\/media\/581286"}],"wp:attachment":[{"href":"https:\/\/staging.nbg.eu\/cs\/wp-json\/wp\/v2\/media?parent=581252"}],"wp:term":[{"taxonomy":"product_brand","embeddable":true,"href":"https:\/\/staging.nbg.eu\/cs\/wp-json\/wp\/v2\/product_brand?post=581252"},{"taxonomy":"product_cat","embeddable":true,"href":"https:\/\/staging.nbg.eu\/cs\/wp-json\/wp\/v2\/product_cat?post=581252"},{"taxonomy":"product_tag","embeddable":true,"href":"https:\/\/staging.nbg.eu\/cs\/wp-json\/wp\/v2\/product_tag?post=581252"}],"curies":[{"name":"wp","href":"https:\/\/api.w.org\/{rel}","templated":true}]}}