{"id":580963,"date":"2025-10-10T18:09:47","date_gmt":"2025-10-10T15:09:47","guid":{"rendered":"https:\/\/staging.nbg.eu\/product\/jack-762x39-mm-polymer\/"},"modified":"2025-10-17T17:28:52","modified_gmt":"2025-10-17T14:28:52","slug":"jack-762x39-mm-polymer","status":"publish","type":"product","link":"https:\/\/staging.nbg.eu\/cs\/produkt\/jack-762x39-mm-polymer\/","title":{"rendered":"Jack 7,62&#215;39 mm Polymer"},"content":{"rendered":"<div class=\"product-description\">\n<h2>Jack 7,62&#215;39 mm Polymer<\/h2>\n<p>Jack 7,62&#215;39 mm Polymer je poloautomatick\u00e1 pu\u0161ka navr\u017een\u00e1 pro p\u0159esnost a spolehlivost. Tato st\u0159eln\u00e1 zbra\u0148 kombinuje pokro\u010dilou technologii s ergonomick\u00fdm designem a je vhodn\u00e1 pro profesion\u00e1ln\u00ed u\u017eivatele i nad\u0161ence.<\/p>\n<h2>Kl\u00ed\u010dov\u00e9 vlastnosti:<\/h2>\n<ul>\n<li>R\u00e1\u017ee: 7,62x39mm<\/li>\n<li>D\u00e9lka: 880mm<\/li>\n<li>D\u00e9lka hlavn\u011b: 415mm<\/li>\n<li>Hmotnost bez n\u00e1boj\u016f: 3,1kg<\/li>\n<li>\u00das\u0165ov\u00e1 rychlost: 715 m\/s<\/li>\n<li>Zp\u016fsob funkce: Z\u00e1v\u011br uzam\u010den\u00fd rotac\u00ed<\/li>\n<li>Typ: Poloautomatick\u00e1<\/li>\n<\/ul>\n<p>Jack 7,62&#215;39 mm Polymer m\u00e1 fr\u00e9zovanou bo\u010dn\u00ed li\u0161tu pro snadnou instalaci optiky, kter\u00e1 je n\u00fdtov\u00e1na p\u0159\u00edmo k uzamykac\u00ed komo\u0159e pro zv\u00fd\u0161enou stabilitu. Tato funkce umo\u017e\u0148uje rychl\u00e9 a bezpe\u010dn\u00e9 p\u0159ipevn\u011bn\u00ed r\u016fzn\u00fdch optick\u00fdch zam\u011b\u0159ova\u010d\u016f, co\u017e zlep\u0161uje p\u0159esnost a zam\u011b\u0159ov\u00e1n\u00ed c\u00edle.<\/p>\n<h2>Vylep\u0161en\u00e9 komponenty:<\/h2>\n<ul>\n<li>Polymerov\u00e1 pa\u017eba pro n\u00edzkou hmotnost a odolnost<\/li>\n<li>Polymerov\u00e9 lo\u017ee pro lep\u0161\u00ed ergonomii<\/li>\n<li>Polymerov\u00fd kryt plynov\u00e9 trubice pro odvod tepla<\/li>\n<li>Zv\u011bt\u0161en\u00fd p\u0159ep\u00edna\u010d re\u017eimu st\u0159elby pro snadn\u00e9 ovl\u00e1d\u00e1n\u00ed<\/li>\n<li>Zv\u011bt\u0161en\u00e9 uvoln\u011bn\u00ed z\u00e1sobn\u00edku pro rychl\u00e9 p\u0159eb\u00edjen\u00ed<\/li>\n<li>Li\u0161ta pod bo\u010dn\u00edm d\u00edlem (rybinov\u00e1) pro dal\u0161\u00ed p\u0159\u00edslu\u0161enstv\u00ed<\/li>\n<\/ul>\n<\/div>\n","protected":false},"excerpt":{"rendered":"<p>Jack 7.62x39mm polymer: Polymerov\u00e1 pu\u0161ka, 880 mm, poloautomatick\u00e1, fr\u00e9zovan\u00e1 li\u0161ta pro optiku.<\/p>\n","protected":false},"featured_media":581101,"template":"","meta":{"_acf_changed":false},"product_brand":[],"product_cat":[12706,12709],"product_tag":[],"class_list":{"0":"post-580963","1":"product","2":"type-product","3":"status-publish","4":"has-post-thumbnail","6":"product_cat-karabiny","7":"product_cat-puska","9":"first","10":"outofstock","11":"taxable","12":"shipping-taxable","13":"product-type-simple"},"acf":[],"_links":{"self":[{"href":"https:\/\/staging.nbg.eu\/cs\/wp-json\/wp\/v2\/product\/580963","targetHints":{"allow":["GET"]}}],"collection":[{"href":"https:\/\/staging.nbg.eu\/cs\/wp-json\/wp\/v2\/product"}],"about":[{"href":"https:\/\/staging.nbg.eu\/cs\/wp-json\/wp\/v2\/types\/product"}],"wp:featuredmedia":[{"embeddable":true,"href":"https:\/\/staging.nbg.eu\/cs\/wp-json\/wp\/v2\/media\/581101"}],"wp:attachment":[{"href":"https:\/\/staging.nbg.eu\/cs\/wp-json\/wp\/v2\/media?parent=580963"}],"wp:term":[{"taxonomy":"product_brand","embeddable":true,"href":"https:\/\/staging.nbg.eu\/cs\/wp-json\/wp\/v2\/product_brand?post=580963"},{"taxonomy":"product_cat","embeddable":true,"href":"https:\/\/staging.nbg.eu\/cs\/wp-json\/wp\/v2\/product_cat?post=580963"},{"taxonomy":"product_tag","embeddable":true,"href":"https:\/\/staging.nbg.eu\/cs\/wp-json\/wp\/v2\/product_tag?post=580963"}],"curies":[{"name":"wp","href":"https:\/\/api.w.org\/{rel}","templated":true}]}}