{"id":58084,"date":"2024-02-20T19:21:46","date_gmt":"2024-09-13T15:01:20","guid":{"rendered":"https:\/\/staging.nbg.eu\/product\/geissele-super-precision-compm5s-series-optic-mounts-black-absolute-co-witness\/"},"modified":"2024-09-13T15:02:01","modified_gmt":"2024-09-13T15:02:01","slug":"geissele-super-precision-montaze-pro-optiku-compm5s-cerna-absolutni-co-witness","status":"publish","type":"product","link":"https:\/\/staging.nbg.eu\/cs\/produkt\/geissele-super-precision-montaze-pro-optiku-compm5s-cerna-absolutni-co-witness\/","title":{"rendered":"Geissele Super Precision &#8211; Mont\u00e1\u017ee pro optiku CompM5s, \u010cern\u00e1 (Absolutn\u00ed Co-Witness)"},"content":{"rendered":"<h2>Geissele Super Precision\u00ae &#8211; Mont\u00e1\u017ee optiky pro s\u00e9rii CompM5s<\/h2>\n<h3>\u010cern\u00e1 (Absolutn\u00ed spolusledov\u00e1n\u00ed)<\/h3>\n<p>Mont\u00e1\u017e optiky Geissele Super Precision\u00ae pro s\u00e9rii CompM5s. Navr\u017eeno pro Aimpoint CompM5s a podobn\u00e9 kolim\u00e1tory.<\/p>\n<ul>\n<li>P\u0159esn\u011b obr\u00e1b\u011bno z jednoho kusu vysoce pevn\u00e9ho hlin\u00edku 7075-T6<\/li>\n<li>Mo\u017enost v\u00fd\u0161ky pro absolutn\u00ed spolusledov\u00e1n\u00ed<\/li>\n<li>Metoda upevn\u011bn\u00ed pomoc\u00ed matice a \u0161roubu s up\u00ednac\u00ed silou 635 kg<\/li>\n<li>3 st\u0159i\u017en\u00e9 v\u00fdstupky pro maxim\u00e1ln\u00ed tuhost a lep\u0161\u00ed n\u00e1vrat do nulov\u00e9 polohy<\/li>\n<li>Povrchov\u00e1 \u00faprava tvrd\u00fdm eloxov\u00e1n\u00edm typu 3 v \u010dern\u00e9 barv\u011b<\/li>\n<\/ul>\n<p>Geissele nab\u00edz\u00ed \u0159e\u0161en\u00ed pro mont\u00e1\u017e optiky, kter\u00e1 zlep\u0161uj\u00ed v\u00fdkon a spolehlivost va\u0161\u00ed st\u0159eln\u00e9 zbran\u011b.<\/p>\n","protected":false},"excerpt":{"rendered":"<p>P\u0159esn\u011b obr\u00e1b\u011bn\u00fd dr\u017e\u00e1k pro Aimpoint CompM5s. Robustn\u00ed, pevn\u00fd a spolehliv\u00fd.<\/p>\n","protected":false},"featured_media":58085,"template":"","meta":{"_acf_changed":false},"product_brand":[11377],"product_cat":[12709],"product_tag":[],"class_list":{"0":"post-58084","1":"product","2":"type-product","3":"status-publish","4":"has-post-thumbnail","6":"product_brand-geissele","7":"product_cat-puska","9":"first","10":"instock","11":"taxable","12":"shipping-taxable","13":"product-type-simple"},"acf":[],"_links":{"self":[{"href":"https:\/\/staging.nbg.eu\/cs\/wp-json\/wp\/v2\/product\/58084","targetHints":{"allow":["GET"]}}],"collection":[{"href":"https:\/\/staging.nbg.eu\/cs\/wp-json\/wp\/v2\/product"}],"about":[{"href":"https:\/\/staging.nbg.eu\/cs\/wp-json\/wp\/v2\/types\/product"}],"wp:featuredmedia":[{"embeddable":true,"href":"https:\/\/staging.nbg.eu\/cs\/wp-json\/wp\/v2\/media\/58085"}],"wp:attachment":[{"href":"https:\/\/staging.nbg.eu\/cs\/wp-json\/wp\/v2\/media?parent=58084"}],"wp:term":[{"taxonomy":"product_brand","embeddable":true,"href":"https:\/\/staging.nbg.eu\/cs\/wp-json\/wp\/v2\/product_brand?post=58084"},{"taxonomy":"product_cat","embeddable":true,"href":"https:\/\/staging.nbg.eu\/cs\/wp-json\/wp\/v2\/product_cat?post=58084"},{"taxonomy":"product_tag","embeddable":true,"href":"https:\/\/staging.nbg.eu\/cs\/wp-json\/wp\/v2\/product_tag?post=58084"}],"curies":[{"name":"wp","href":"https:\/\/api.w.org\/{rel}","templated":true}]}}