{"id":57921,"date":"2024-02-20T19:33:36","date_gmt":"2024-09-13T14:53:21","guid":{"rendered":"https:\/\/staging.nbg.eu\/product\/geissele-super-precision-compm5s-series-optic-mounts-black-1-93\/"},"modified":"2024-09-13T14:54:02","modified_gmt":"2024-09-13T14:54:02","slug":"geissele-super-precision-montaze-pro-optiku-compm5s-cerna-193","status":"publish","type":"product","link":"https:\/\/staging.nbg.eu\/cs\/produkt\/geissele-super-precision-montaze-pro-optiku-compm5s-cerna-193\/","title":{"rendered":"Geissele Super Precision &#8211; Mont\u00e1\u017ee pro optiku CompM5s, \u010cern\u00e1 (1.93&#8243;)"},"content":{"rendered":"<div class=\"product-description\">\n<h2>Geissele Super Precision\u00ae &#8211; Mont\u00e1\u017ee optiky \u0159ady CompM5s, \u010cern\u00e1 (1,93&#8243;)<\/h2>\n<p>Geissele Super Precision\u00ae mont\u00e1\u017e optiky \u0159ady CompM5s. Navr\u017eeno pro Aimpoint CompM5s a podobn\u00e9 kolim\u00e1tory, tato mont\u00e1\u017e nab\u00edz\u00ed p\u0159esnost a odolnost.<\/p>\n<ul>\n<li>P\u0159esn\u011b obrobeno z jednoho kusu hlin\u00edku 7075-T6<\/li>\n<li>V\u00fd\u0161ka 1,93&#8243; pro optim\u00e1ln\u00ed z\u00e1m\u011brn\u00fd obraz<\/li>\n<li>Metoda upevn\u011bn\u00ed pomoc\u00ed matice a \u0161roubu s up\u00ednac\u00ed silou 1 400 liber<\/li>\n<li>3 st\u0159i\u017en\u00e9 v\u00fdstupky pro maxim\u00e1ln\u00ed tuhost a n\u00e1vrat do nulov\u00e9 polohy<\/li>\n<li>\u010cern\u00e1 povrchov\u00e1 \u00faprava tvrd\u00fdm eloxov\u00e1n\u00edm typu 3<\/li>\n<\/ul>\n<p>Tato mont\u00e1\u017e optiky poskytuje spolehlivost a v\u00fdkon.<\/p>\n<\/div>\n","protected":false},"excerpt":{"rendered":"<p>P\u0159esn\u011b obroben\u00fd dr\u017e\u00e1k pro Aimpoint CompM5s, ultra bezpe\u010dn\u00fd a odoln\u00fd.<\/p>\n","protected":false},"featured_media":57922,"template":"","meta":{"_acf_changed":false},"product_brand":[11377],"product_cat":[12709],"product_tag":[],"class_list":{"0":"post-57921","1":"product","2":"type-product","3":"status-publish","4":"has-post-thumbnail","6":"product_brand-geissele","7":"product_cat-puska","9":"first","10":"instock","11":"taxable","12":"shipping-taxable","13":"product-type-simple"},"acf":[],"_links":{"self":[{"href":"https:\/\/staging.nbg.eu\/cs\/wp-json\/wp\/v2\/product\/57921","targetHints":{"allow":["GET"]}}],"collection":[{"href":"https:\/\/staging.nbg.eu\/cs\/wp-json\/wp\/v2\/product"}],"about":[{"href":"https:\/\/staging.nbg.eu\/cs\/wp-json\/wp\/v2\/types\/product"}],"wp:featuredmedia":[{"embeddable":true,"href":"https:\/\/staging.nbg.eu\/cs\/wp-json\/wp\/v2\/media\/57922"}],"wp:attachment":[{"href":"https:\/\/staging.nbg.eu\/cs\/wp-json\/wp\/v2\/media?parent=57921"}],"wp:term":[{"taxonomy":"product_brand","embeddable":true,"href":"https:\/\/staging.nbg.eu\/cs\/wp-json\/wp\/v2\/product_brand?post=57921"},{"taxonomy":"product_cat","embeddable":true,"href":"https:\/\/staging.nbg.eu\/cs\/wp-json\/wp\/v2\/product_cat?post=57921"},{"taxonomy":"product_tag","embeddable":true,"href":"https:\/\/staging.nbg.eu\/cs\/wp-json\/wp\/v2\/product_tag?post=57921"}],"curies":[{"name":"wp","href":"https:\/\/api.w.org\/{rel}","templated":true}]}}