{"id":57795,"date":"2024-02-20T19:42:37","date_gmt":"2024-09-13T14:48:27","guid":{"rendered":"https:\/\/staging.nbg.eu\/product\/geissele-super-precision-t1-mount-lower-1-3-co-witness\/"},"modified":"2024-09-13T14:49:11","modified_gmt":"2024-09-13T14:49:11","slug":"geissele-super-precision-montaz-t1-spodni-13-co-witness","status":"publish","type":"product","link":"https:\/\/staging.nbg.eu\/cs\/produkt\/geissele-super-precision-montaz-t1-spodni-13-co-witness\/","title":{"rendered":"Geissele Super Precision mont\u00e1\u017e T1 &#8211; Spodn\u00ed 1\/3 Co-Witness"},"content":{"rendered":"<div class=\"product-description\">\n<h2>Geissele Super Precision T1 mont\u00e1\u017e &#8211; spodn\u00ed 1\/3 soub\u011b\u017en\u00e9 zobrazen\u00ed (DDC)<\/h2>\n<p>Geissele Super Precision T1 mont\u00e1\u017e pro optiky Aimpoint T1 a podobn\u00e9 \u010derven\u00e9 te\u010dky nab\u00edz\u00ed:<\/p>\n<ul>\n<li>P\u0159esn\u011b obrobeno z jednoho kusu vysoce pevn\u00e9ho hlin\u00edku 7075-T6<\/li>\n<li>Mo\u017enost spodn\u00edho 1\/3 soub\u011b\u017en\u00e9ho zobrazen\u00ed pro optim\u00e1ln\u00ed obraz<\/li>\n<li>DDC (Desert Dirt Color) povrchov\u00e1 \u00faprava tvrd\u00fdm eloxov\u00e1n\u00edm typu 3<\/li>\n<li>Upevn\u011bn\u00ed pomoc\u00ed matice a \u0161roubu poskytuj\u00edc\u00ed up\u00ednac\u00ed s\u00edlu 1 400 liber<\/li>\n<li>3 st\u0159i\u017en\u00e9 v\u00fdstupky pro maxim\u00e1ln\u00ed tuhost a n\u00e1vrat do nulov\u00e9 polohy<\/li>\n<\/ul>\n<p>Tato mont\u00e1\u017e je ur\u010dena pro st\u0159elce a profesion\u00e1ly.<\/p>\n<\/div>\n","protected":false},"excerpt":{"rendered":"<p>P\u0159esn\u00e1 mont\u00e1\u017e T1: Spodn\u00ed 1\/3 souosost, povrchov\u00e1 \u00faprava DDC, naprosto stabiln\u00ed.<\/p>\n","protected":false},"featured_media":57796,"template":"","meta":{"_acf_changed":false},"product_brand":[11377],"product_cat":[12709],"product_tag":[],"class_list":{"0":"post-57795","1":"product","2":"type-product","3":"status-publish","4":"has-post-thumbnail","6":"product_brand-geissele","7":"product_cat-puska","9":"first","10":"instock","11":"taxable","12":"shipping-taxable","13":"product-type-variable","14":"wvs-archive-product-wrapper"},"acf":[],"_links":{"self":[{"href":"https:\/\/staging.nbg.eu\/cs\/wp-json\/wp\/v2\/product\/57795","targetHints":{"allow":["GET"]}}],"collection":[{"href":"https:\/\/staging.nbg.eu\/cs\/wp-json\/wp\/v2\/product"}],"about":[{"href":"https:\/\/staging.nbg.eu\/cs\/wp-json\/wp\/v2\/types\/product"}],"wp:featuredmedia":[{"embeddable":true,"href":"https:\/\/staging.nbg.eu\/cs\/wp-json\/wp\/v2\/media\/57796"}],"wp:attachment":[{"href":"https:\/\/staging.nbg.eu\/cs\/wp-json\/wp\/v2\/media?parent=57795"}],"wp:term":[{"taxonomy":"product_brand","embeddable":true,"href":"https:\/\/staging.nbg.eu\/cs\/wp-json\/wp\/v2\/product_brand?post=57795"},{"taxonomy":"product_cat","embeddable":true,"href":"https:\/\/staging.nbg.eu\/cs\/wp-json\/wp\/v2\/product_cat?post=57795"},{"taxonomy":"product_tag","embeddable":true,"href":"https:\/\/staging.nbg.eu\/cs\/wp-json\/wp\/v2\/product_tag?post=57795"}],"curies":[{"name":"wp","href":"https:\/\/api.w.org\/{rel}","templated":true}]}}