{"id":577735,"date":"2025-10-10T16:07:00","date_gmt":"2025-10-10T13:07:00","guid":{"rendered":"https:\/\/staging.nbg.eu\/product\/polymer-magazine-762x39-mm-for-akm-rifle-10-rounds\/"},"modified":"2025-10-15T12:35:54","modified_gmt":"2025-10-15T09:35:54","slug":"polymerovy-zasobnik-762x39-mm-pro-pusku-akm-10-naboju","status":"publish","type":"product","link":"https:\/\/staging.nbg.eu\/cs\/produkt\/polymerovy-zasobnik-762x39-mm-pro-pusku-akm-10-naboju\/","title":{"rendered":"Polymerov\u00fd z\u00e1sobn\u00edk 7,62&#215;39 mm pro pu\u0161ku AKM 10 n\u00e1boj\u016f"},"content":{"rendered":"<h2>Magpul PMAG 10 AK\/AKM MOE z\u00e1sobn\u00edk<\/h2>\n<h2>7,62x39mm | Kapacita 10 n\u00e1boj\u016f<\/h2>\n<p><strong>Magpul PMAG 10 AK\/AKM MOE<\/strong> z\u00e1sobn\u00edk je ur\u010den pro pu\u0161ky typu AK v r\u00e1\u017ei 7,62x39mm, v\u010detn\u011b AK-47, AKM, AKS a SIG556R.<\/p>\n<h3>Hlavn\u00ed vlastnosti:<\/h3>\n<ul>\n<li>Polymerov\u00e1 konstrukce<\/li>\n<li>Kapacita 10 n\u00e1boj\u016f<\/li>\n<li>Geometrie s konstantn\u00edm zak\u0159iven\u00edm<\/li>\n<li>Pru\u017eina z nerezov\u00e9 oceli<\/li>\n<li>Podava\u010d s n\u00edzk\u00fdm t\u0159en\u00edm<\/li>\n<li>Odn\u00edmateln\u00e9 dno<\/li>\n<li>\u017debrovan\u00fd povrch pro uchopen\u00ed<\/li>\n<li>Matice te\u010dek pro identifikaci<\/li>\n<li>Po\u010d\u00edt\u00e1 se jako t\u0159i americk\u00e9 sou\u010d\u00e1sti pro 922(r)<\/li>\n<\/ul>\n<p>Tento kompaktn\u00ed z\u00e1sobn\u00edk je vhodn\u00fd pro st\u0159elbu vle\u017ee a z op\u011bry.<\/p>\n<p><em>Vyrobeno v USA<\/em><\/p>\n","protected":false},"excerpt":{"rendered":"<p>Spolehliv\u00fd 10-rann\u00fd z\u00e1sobn\u00edk r\u00e1\u017ee 7,62&#215;39 mm pro AKM. Lehk\u00fd polymer, vyrobeno v USA.<\/p>\n","protected":false},"featured_media":577857,"template":"","meta":{"_acf_changed":false},"product_brand":[],"product_cat":[12709,12692],"product_tag":[],"class_list":{"0":"post-577735","1":"product","2":"type-product","3":"status-publish","4":"has-post-thumbnail","6":"product_cat-puska","7":"product_cat-zasobniky-do-pusek","9":"first","10":"outofstock","11":"taxable","12":"shipping-taxable","13":"product-type-simple"},"acf":[],"_links":{"self":[{"href":"https:\/\/staging.nbg.eu\/cs\/wp-json\/wp\/v2\/product\/577735","targetHints":{"allow":["GET"]}}],"collection":[{"href":"https:\/\/staging.nbg.eu\/cs\/wp-json\/wp\/v2\/product"}],"about":[{"href":"https:\/\/staging.nbg.eu\/cs\/wp-json\/wp\/v2\/types\/product"}],"wp:featuredmedia":[{"embeddable":true,"href":"https:\/\/staging.nbg.eu\/cs\/wp-json\/wp\/v2\/media\/577857"}],"wp:attachment":[{"href":"https:\/\/staging.nbg.eu\/cs\/wp-json\/wp\/v2\/media?parent=577735"}],"wp:term":[{"taxonomy":"product_brand","embeddable":true,"href":"https:\/\/staging.nbg.eu\/cs\/wp-json\/wp\/v2\/product_brand?post=577735"},{"taxonomy":"product_cat","embeddable":true,"href":"https:\/\/staging.nbg.eu\/cs\/wp-json\/wp\/v2\/product_cat?post=577735"},{"taxonomy":"product_tag","embeddable":true,"href":"https:\/\/staging.nbg.eu\/cs\/wp-json\/wp\/v2\/product_tag?post=577735"}],"curies":[{"name":"wp","href":"https:\/\/api.w.org\/{rel}","templated":true}]}}