{"id":577576,"date":"2025-10-10T16:06:59","date_gmt":"2025-10-10T13:06:59","guid":{"rendered":"https:\/\/staging.nbg.eu\/product\/polymer-magazine-556x45-mm-for-akm-rifles-10-rounds\/"},"modified":"2025-10-15T12:30:27","modified_gmt":"2025-10-15T09:30:27","slug":"polymerovy-zasobnik-556x45-mm-pro-pusky-akm-10-naboju","status":"publish","type":"product","link":"https:\/\/staging.nbg.eu\/cs\/produkt\/polymerovy-zasobnik-556x45-mm-pro-pusky-akm-10-naboju\/","title":{"rendered":"Polymerov\u00fd z\u00e1sobn\u00edk 5,56&#215;45 mm pro pu\u0161ky AKM &#8211; 10 n\u00e1boj\u016f"},"content":{"rendered":"<h2>Polymerov\u00fd z\u00e1sobn\u00edk pro AK 5,56&#215;45 mm \/ .223 Rem &#8211; 10 n\u00e1boj\u016f<\/h2>\n<p>Polymerov\u00fd z\u00e1sobn\u00edk od WBP Rog\u00f3w pro pu\u0161ky AK. Ur\u010den\u00fd pro munici r\u00e1\u017ee 5,56&#215;45 mm \/ .223 Rem, tento 10rann\u00fd z\u00e1sobn\u00edk je kompatibiln\u00ed s karabinami Jack, Mini Jack, Beryl a Mini Beryl.<\/p>\n<h2>Hlavn\u00ed vlastnosti:<\/h2>\n<ul>\n<li>Polymerov\u00e1 konstrukce<\/li>\n<li>Lehk\u00fd design<\/li>\n<li>Polopr\u016fhledn\u00e9 t\u011blo pro kontrolu munice<\/li>\n<li>Ocelov\u00e1 podl\u00e1\u017eka<\/li>\n<\/ul>\n<h2>Technick\u00e9 specifikace:<\/h2>\n<ul>\n<li>T\u011blo: Polymer<\/li>\n<li>Podava\u010d: Ocel<\/li>\n<li>R\u00e1\u017ee: 5,56&#215;45 mm \/ .223 Rem<\/li>\n<li>Kapacita: 10 n\u00e1boj\u016f<\/li>\n<li>Hmotnost: 103 g<\/li>\n<li>Barva: Pr\u016fhledn\u00e1<\/li>\n<\/ul>\n<p>Tento z\u00e1sobn\u00edk je dostupn\u00fd pro va\u0161i pu\u0161ku AK.<\/p>\n","protected":false},"excerpt":{"rendered":"<p>Polymerov\u00fd z\u00e1sobn\u00edk AK, 10 n\u00e1boj\u016f, 5,56\u00d745\/.223, polopr\u016fhledn\u00fd, WBP Rog\u00f3w<\/p>\n","protected":false},"featured_media":577611,"template":"","meta":{"_acf_changed":false},"product_brand":[],"product_cat":[12709,12692],"product_tag":[],"class_list":{"0":"post-577576","1":"product","2":"type-product","3":"status-publish","4":"has-post-thumbnail","6":"product_cat-puska","7":"product_cat-zasobniky-do-pusek","9":"first","10":"outofstock","11":"taxable","12":"shipping-taxable","13":"product-type-simple"},"acf":[],"_links":{"self":[{"href":"https:\/\/staging.nbg.eu\/cs\/wp-json\/wp\/v2\/product\/577576","targetHints":{"allow":["GET"]}}],"collection":[{"href":"https:\/\/staging.nbg.eu\/cs\/wp-json\/wp\/v2\/product"}],"about":[{"href":"https:\/\/staging.nbg.eu\/cs\/wp-json\/wp\/v2\/types\/product"}],"wp:featuredmedia":[{"embeddable":true,"href":"https:\/\/staging.nbg.eu\/cs\/wp-json\/wp\/v2\/media\/577611"}],"wp:attachment":[{"href":"https:\/\/staging.nbg.eu\/cs\/wp-json\/wp\/v2\/media?parent=577576"}],"wp:term":[{"taxonomy":"product_brand","embeddable":true,"href":"https:\/\/staging.nbg.eu\/cs\/wp-json\/wp\/v2\/product_brand?post=577576"},{"taxonomy":"product_cat","embeddable":true,"href":"https:\/\/staging.nbg.eu\/cs\/wp-json\/wp\/v2\/product_cat?post=577576"},{"taxonomy":"product_tag","embeddable":true,"href":"https:\/\/staging.nbg.eu\/cs\/wp-json\/wp\/v2\/product_tag?post=577576"}],"curies":[{"name":"wp","href":"https:\/\/api.w.org\/{rel}","templated":true}]}}