{"id":577158,"date":"2025-10-10T16:06:54","date_gmt":"2025-10-10T13:06:54","guid":{"rendered":"https:\/\/staging.nbg.eu\/product\/polymer-magazine-556x45-mm-for-akm-rifles-30-rounds\/"},"modified":"2025-10-15T12:22:39","modified_gmt":"2025-10-15T09:22:39","slug":"polymerovy-zasobnik-556x45-mm-pro-pusky-akm-30-naboju","status":"publish","type":"product","link":"https:\/\/staging.nbg.eu\/cs\/produkt\/polymerovy-zasobnik-556x45-mm-pro-pusky-akm-30-naboju\/","title":{"rendered":"Polymerov\u00fd z\u00e1sobn\u00edk 5,56&#215;45 mm pro pu\u0161ky AKM &#8211; 30 n\u00e1boj\u016f"},"content":{"rendered":"<div class=\"product-description\">\n<h2>WBP\u00ae polymerov\u00fd z\u00e1sobn\u00edk pro pu\u0161ky AKM &#8211; 5,56x45mm (30 n\u00e1boj\u016f)<\/h2>\n<p>Z\u00e1sobn\u00edk pro pu\u0161ky AK\/AKM od WBP\u00ae. Vyroben z pr\u016fhledn\u00e9ho polymeru odoln\u00e9ho proti n\u00e1razu, nab\u00edz\u00ed:<\/p>\n<ul>\n<li>Vizu\u00e1ln\u00ed kontrolu munice<\/li>\n<li>Lehkou a odolnou konstrukci<\/li>\n<li>Ocelovou z\u00e1kladn\u00ed desku<\/li>\n<li>Kompatibilitu s v\u011bt\u0161inou platforem AK 5,56\u00d745mm<\/li>\n<\/ul>\n<p>Navr\u017een v Polsku a testov\u00e1n speci\u00e1ln\u00edmi jednotkami. WBP je rodinn\u00e1 firma s vlastn\u00ed v\u00fdrobou a kontrolou kvality.<\/p>\n<p>Z\u00e1sobn\u00edk je vhodn\u00fd pro nad\u0161ence i profesion\u00e1ly.<\/p>\n<\/div>\n","protected":false},"excerpt":{"rendered":"<p>Odoln\u00fd 30rann\u00fd z\u00e1sobn\u00edk pro AKM na n\u00e1boje 5,56&#215;45 mm. Pr\u016fhledn\u00fd polymer, ocelov\u00e1 z\u00e1kladna.<\/p>\n","protected":false},"featured_media":577200,"template":"","meta":{"_acf_changed":false},"product_brand":[],"product_cat":[12709,12692],"product_tag":[],"class_list":{"0":"post-577158","1":"product","2":"type-product","3":"status-publish","4":"has-post-thumbnail","6":"product_cat-puska","7":"product_cat-zasobniky-do-pusek","9":"first","10":"outofstock","11":"taxable","12":"shipping-taxable","13":"product-type-simple"},"acf":[],"_links":{"self":[{"href":"https:\/\/staging.nbg.eu\/cs\/wp-json\/wp\/v2\/product\/577158","targetHints":{"allow":["GET"]}}],"collection":[{"href":"https:\/\/staging.nbg.eu\/cs\/wp-json\/wp\/v2\/product"}],"about":[{"href":"https:\/\/staging.nbg.eu\/cs\/wp-json\/wp\/v2\/types\/product"}],"wp:featuredmedia":[{"embeddable":true,"href":"https:\/\/staging.nbg.eu\/cs\/wp-json\/wp\/v2\/media\/577200"}],"wp:attachment":[{"href":"https:\/\/staging.nbg.eu\/cs\/wp-json\/wp\/v2\/media?parent=577158"}],"wp:term":[{"taxonomy":"product_brand","embeddable":true,"href":"https:\/\/staging.nbg.eu\/cs\/wp-json\/wp\/v2\/product_brand?post=577158"},{"taxonomy":"product_cat","embeddable":true,"href":"https:\/\/staging.nbg.eu\/cs\/wp-json\/wp\/v2\/product_cat?post=577158"},{"taxonomy":"product_tag","embeddable":true,"href":"https:\/\/staging.nbg.eu\/cs\/wp-json\/wp\/v2\/product_tag?post=577158"}],"curies":[{"name":"wp","href":"https:\/\/api.w.org\/{rel}","templated":true}]}}