{"id":576660,"date":"2025-10-10T15:52:39","date_gmt":"2025-10-10T12:52:39","guid":{"rendered":"https:\/\/staging.nbg.eu\/product\/adapter-single-arta435-52-52mm\/"},"modified":"2025-10-15T12:10:51","modified_gmt":"2025-10-15T09:10:51","slug":"adapter-jednoduchy-arta435-52-52mm","status":"publish","type":"product","link":"https:\/\/staging.nbg.eu\/cs\/produkt\/adapter-jednoduchy-arta435-52-52mm\/","title":{"rendered":"Adapt\u00e9r jednoduch\u00fd ARTA435-52, 52mm"},"content":{"rendered":"<div class=\"product-description\">\n<h2>Adapt\u00e9r jednotliv\u00fd ARTA435-52, 52mm<\/h2>\n<p>ARTA435-52 je adapt\u00e9r s rychl\u00fdm uvoln\u011bn\u00edm pro za\u0159\u00edzen\u00ed Guide TA a TB Thermal Clip-On. Tento 52mm adapt\u00e9r slou\u017e\u00ed k p\u0159ipojen\u00ed denn\u00edho pu\u0161kohledu k term\u00e1ln\u00edmu clip-on za\u0159\u00edzen\u00ed.<\/p>\n<h2>Hlavn\u00ed vlastnosti:<\/h2>\n<ul>\n<li>Kompatibiln\u00ed se za\u0159\u00edzen\u00edmi pou\u017e\u00edvaj\u00edc\u00edmi z\u00e1vit M33.5&#215;0.75<\/li>\n<li>Vyroben z hlin\u00edku<\/li>\n<li>Pohybliv\u00e9 \u010d\u00e1sti z tvrzen\u00e9 oceli<\/li>\n<li>Speci\u00e1ln\u00ed vnit\u0159n\u00ed ochrann\u00fd povlak<\/li>\n<li>Zaji\u0161\u0165uje pevn\u00e9 uchycen\u00ed a chr\u00e1n\u00ed optiku<\/li>\n<li>Mechanismus rychl\u00e9ho uvoln\u011bn\u00ed pro snadn\u00e9 p\u0159ipevn\u011bn\u00ed<\/li>\n<\/ul>\n<h2>Kompatibilita:<\/h2>\n<p>Tento adapt\u00e9r je kompatibiln\u00ed s r\u016fzn\u00fdmi term\u00e1ln\u00edmi clip-on za\u0159\u00edzen\u00edmi, v\u010detn\u011b:<\/p>\n<ul>\n<li>Guide TB a TA s\u00e9rie<\/li>\n<li>Athlon Cronus ATS Pro<\/li>\n<li>Burris BTC50, BTC35 v2 a v3<\/li>\n<li>Steiner Nighthunter C35 Gen I a Gen II<\/li>\n<li>Konus Fiery<\/li>\n<li>Nitehog Viper<\/li>\n<\/ul>\n<p>P\u0159ed n\u00e1kupem se ujist\u011bte, \u017ee objektiv va\u0161eho pu\u0161kohledu m\u00e1 vn\u011bj\u0161\u00ed pr\u016fm\u011br 52mm. Pro alternativn\u00ed mo\u017enosti mont\u00e1\u017ee zva\u017ete na\u0161e adapt\u00e9ry na Picatinny li\u0161tu dostupn\u00e9 v r\u016fzn\u00fdch v\u00fd\u0161k\u00e1ch.<\/p>\n<p>Vyrobeno spole\u010dnost\u00ed Rusan-Mikron, tento adapt\u00e9r zaji\u0161\u0165uje p\u0159esn\u00e9 uchycen\u00ed a integraci s va\u0161\u00edm term\u00e1ln\u00edm zobrazovac\u00edm syst\u00e9mem.<\/p>\n<\/div>\n","protected":false},"excerpt":{"rendered":"<p>52mm adapt\u00e9r Rusan pro termovizn\u00ed p\u0159eds\u00e1dky Guide. Rychloup\u00ednac\u00ed, hlin\u00edkov\u00fd.<\/p>\n","protected":false},"featured_media":576752,"template":"","meta":{"_acf_changed":false},"product_brand":[],"product_cat":[12685,12642,12640],"product_tag":[],"class_list":{"0":"post-576660","1":"product","2":"type-product","3":"status-publish","4":"has-post-thumbnail","6":"product_cat-mireni","7":"product_cat-prislusenstvi-pro-mireni","8":"product_cat-termalni","10":"first","11":"outofstock","12":"taxable","13":"shipping-taxable","14":"purchasable","15":"product-type-simple"},"acf":[],"_links":{"self":[{"href":"https:\/\/staging.nbg.eu\/cs\/wp-json\/wp\/v2\/product\/576660","targetHints":{"allow":["GET"]}}],"collection":[{"href":"https:\/\/staging.nbg.eu\/cs\/wp-json\/wp\/v2\/product"}],"about":[{"href":"https:\/\/staging.nbg.eu\/cs\/wp-json\/wp\/v2\/types\/product"}],"wp:featuredmedia":[{"embeddable":true,"href":"https:\/\/staging.nbg.eu\/cs\/wp-json\/wp\/v2\/media\/576752"}],"wp:attachment":[{"href":"https:\/\/staging.nbg.eu\/cs\/wp-json\/wp\/v2\/media?parent=576660"}],"wp:term":[{"taxonomy":"product_brand","embeddable":true,"href":"https:\/\/staging.nbg.eu\/cs\/wp-json\/wp\/v2\/product_brand?post=576660"},{"taxonomy":"product_cat","embeddable":true,"href":"https:\/\/staging.nbg.eu\/cs\/wp-json\/wp\/v2\/product_cat?post=576660"},{"taxonomy":"product_tag","embeddable":true,"href":"https:\/\/staging.nbg.eu\/cs\/wp-json\/wp\/v2\/product_tag?post=576660"}],"curies":[{"name":"wp","href":"https:\/\/api.w.org\/{rel}","templated":true}]}}