{"id":575621,"date":"2025-10-10T12:35:07","date_gmt":"2025-10-10T09:35:07","guid":{"rendered":"https:\/\/staging.nbg.eu\/product\/grips-kmr-l-dotmatrix-ergo-short-for-orca-emiq-pink\/"},"modified":"2025-10-15T11:49:19","modified_gmt":"2025-10-15T08:49:19","slug":"rukojeti-kmr-l-dotmatrix-ergo-kratke-pro-orca-emiq-ruzove","status":"publish","type":"product","link":"https:\/\/staging.nbg.eu\/cs\/produkt\/rukojeti-kmr-l-dotmatrix-ergo-kratke-pro-orca-emiq-ruzove\/","title":{"rendered":"RUKOJETI KMR L DOTMATRIX ERGO KR\u00c1TK\u00c9 pro ORCA, EMIQ R\u016e\u017dOV\u00c9"},"content":{"rendered":"<h2>GRIPS KMR L DOTMATRIX ERGO SHORT pro ORCA, EMIQ &#8211; R\u016e\u017dOV\u00c9<\/h2>\n<p>GRIPS KMR L DOTMATRIX ERGO SHORT pro ORCA, EMIQ v r\u016f\u017eov\u00e9 barv\u011b. Tyto duralov\u00e9 gripy maj\u00ed golfov\u00fd vzor pro lep\u0161\u00ed \u00fachop.<\/p>\n<h2>Hlavn\u00ed vlastnosti:<\/h2>\n<ul>\n<li>Reference: 0611-03204-0110<\/li>\n<li>Zna\u010dka: KMR Precision Arms<\/li>\n<li>Velikost: Kr\u00e1tk\u00e1<\/li>\n<li>Materi\u00e1l: Eloxovan\u00fd dural<\/li>\n<li>Vzor: Golfov\u00fd m\u00ed\u010dek (Dotmatrix Ergo)<\/li>\n<li>Pou\u017eit\u00ed: S vod\u00edtkem z\u00e1sobn\u00edku<\/li>\n<li>Obsahuje: Torx \u0161rouby<\/li>\n<\/ul>\n<p>Vhodn\u00e9 pro vylep\u0161en\u00ed st\u00e1vaj\u00edc\u00ed pistole nebo pro z\u00e1vodn\u00ed zbran\u011b. Kompatibiln\u00ed s KMR L-02 EMIQ, KMR L-02 EMIQ (OR) a KMR L-02 ORCA (do roku 2023).<\/p>\n","protected":false},"excerpt":{"rendered":"<p>R\u016f\u017eov\u00e9 duralov\u00e9 gripy pro ORCA\/EMIQ. Textura golfov\u00e9ho m\u00ed\u010dku. Kr\u00e1tk\u00e9, ergonomick\u00e9.<\/p>\n","protected":false},"featured_media":575640,"template":"","meta":{"_acf_changed":false},"product_brand":[],"product_cat":[12661],"product_tag":[],"class_list":{"0":"post-575621","1":"product","2":"type-product","3":"status-publish","4":"has-post-thumbnail","6":"product_cat-kmr-dily","8":"first","9":"outofstock","10":"taxable","11":"shipping-taxable","12":"purchasable","13":"product-type-simple"},"acf":[],"_links":{"self":[{"href":"https:\/\/staging.nbg.eu\/cs\/wp-json\/wp\/v2\/product\/575621","targetHints":{"allow":["GET"]}}],"collection":[{"href":"https:\/\/staging.nbg.eu\/cs\/wp-json\/wp\/v2\/product"}],"about":[{"href":"https:\/\/staging.nbg.eu\/cs\/wp-json\/wp\/v2\/types\/product"}],"wp:featuredmedia":[{"embeddable":true,"href":"https:\/\/staging.nbg.eu\/cs\/wp-json\/wp\/v2\/media\/575640"}],"wp:attachment":[{"href":"https:\/\/staging.nbg.eu\/cs\/wp-json\/wp\/v2\/media?parent=575621"}],"wp:term":[{"taxonomy":"product_brand","embeddable":true,"href":"https:\/\/staging.nbg.eu\/cs\/wp-json\/wp\/v2\/product_brand?post=575621"},{"taxonomy":"product_cat","embeddable":true,"href":"https:\/\/staging.nbg.eu\/cs\/wp-json\/wp\/v2\/product_cat?post=575621"},{"taxonomy":"product_tag","embeddable":true,"href":"https:\/\/staging.nbg.eu\/cs\/wp-json\/wp\/v2\/product_tag?post=575621"}],"curies":[{"name":"wp","href":"https:\/\/api.w.org\/{rel}","templated":true}]}}