{"id":575087,"date":"2025-10-10T12:34:49","date_gmt":"2025-10-10T09:34:49","guid":{"rendered":"https:\/\/staging.nbg.eu\/product\/grips-kmr-l-modular-brass\/"},"modified":"2025-10-15T11:28:29","modified_gmt":"2025-10-15T08:28:29","slug":"rukojeti-kmr-l-modularni-mosazne","status":"publish","type":"product","link":"https:\/\/staging.nbg.eu\/cs\/produkt\/rukojeti-kmr-l-modularni-mosazne\/","title":{"rendered":"RUKOJETI KMR L MODUL\u00c1RN\u00cd MOSAZN\u00c9"},"content":{"rendered":"<h2>\u00daCHOPY KMR L MODUL\u00c1RN\u00cd MOSAZ<\/h2>\n<p><strong>Reference:<\/strong> 0611-04101-0316<\/p>\n<p>\u00daCHOPY KMR L MODUL\u00c1RN\u00cd MOSAZ jsou \u00fachopy pln\u00e9 velikosti navr\u017een\u00e9 pro pohodl\u00ed a kontrolu, kter\u00e9 se hod\u00ed na v\u00e1\u0161 KMR bez magwellu. Modul\u00e1rn\u00ed textura poskytuje p\u0159izp\u016fsobiteln\u00fd a bezpe\u010dn\u00fd \u00fachop.<\/p>\n<h2>Kompatibiln\u00ed zbran\u011b:<\/h2>\n<ul>\n<li>KMR L-02 SPECTRA (od roku 2024)<\/li>\n<li>KMR L-02 SPECTRA (do roku 2023)<\/li>\n<li>KMR L-02 UMBRA<\/li>\n<li>KMR L-02 UMBRA (od roku 2024)<\/li>\n<li>KMR L-02 UMBRA (do roku 2023)<\/li>\n<\/ul>\n<p>Tyto \u00fachopy jsou ur\u010deny pro zlep\u0161en\u00ed manipulace a v\u00fdkonu va\u0161eho KMR.<\/p>\n","protected":false},"excerpt":{"rendered":"<p>Celokovov\u00e1 modul\u00e1rn\u00ed mosazn\u00e1 rukoje\u0165 pro modely KMR L-02 SPECTRA\/UMBRA.<\/p>\n","protected":false},"featured_media":575126,"template":"","meta":{"_acf_changed":false},"product_brand":[],"product_cat":[12661],"product_tag":[],"class_list":{"0":"post-575087","1":"product","2":"type-product","3":"status-publish","4":"has-post-thumbnail","6":"product_cat-kmr-dily","8":"first","9":"instock","10":"taxable","11":"shipping-taxable","12":"purchasable","13":"product-type-simple"},"acf":[],"_links":{"self":[{"href":"https:\/\/staging.nbg.eu\/cs\/wp-json\/wp\/v2\/product\/575087","targetHints":{"allow":["GET"]}}],"collection":[{"href":"https:\/\/staging.nbg.eu\/cs\/wp-json\/wp\/v2\/product"}],"about":[{"href":"https:\/\/staging.nbg.eu\/cs\/wp-json\/wp\/v2\/types\/product"}],"wp:featuredmedia":[{"embeddable":true,"href":"https:\/\/staging.nbg.eu\/cs\/wp-json\/wp\/v2\/media\/575126"}],"wp:attachment":[{"href":"https:\/\/staging.nbg.eu\/cs\/wp-json\/wp\/v2\/media?parent=575087"}],"wp:term":[{"taxonomy":"product_brand","embeddable":true,"href":"https:\/\/staging.nbg.eu\/cs\/wp-json\/wp\/v2\/product_brand?post=575087"},{"taxonomy":"product_cat","embeddable":true,"href":"https:\/\/staging.nbg.eu\/cs\/wp-json\/wp\/v2\/product_cat?post=575087"},{"taxonomy":"product_tag","embeddable":true,"href":"https:\/\/staging.nbg.eu\/cs\/wp-json\/wp\/v2\/product_tag?post=575087"}],"curies":[{"name":"wp","href":"https:\/\/api.w.org\/{rel}","templated":true}]}}