{"id":574863,"date":"2025-10-10T12:34:48","date_gmt":"2025-10-10T09:34:48","guid":{"rendered":"https:\/\/staging.nbg.eu\/product\/trigger-kmr-sa-da-from-2024\/"},"modified":"2025-10-15T11:24:59","modified_gmt":"2025-10-15T08:24:59","slug":"spoust-kmr-sada-od-2024","status":"publish","type":"product","link":"https:\/\/staging.nbg.eu\/cs\/produkt\/spoust-kmr-sada-od-2024\/","title":{"rendered":"SPOU\u0160\u0164 KMR SA\/DA (od 2024)"},"content":{"rendered":"<h2>SPOU\u0160\u0164 KMR SA\/DA (od roku 2024)<\/h2>\n<h2>Reference: 0861-01503-0900 | Zna\u010dka: KMR Precision Arms<\/h2>\n<p>N\u00e1hradn\u00ed spou\u0161\u0165 pro pistole KMR. Ur\u010deno pro v\u0161echny pistole KMR s hlin\u00edkov\u00fdm a ocelov\u00fdm r\u00e1mem vyroben\u00e9 od roku 2024. Tato ocelov\u00e1 spou\u0161\u0165 SA\/DA nab\u00edz\u00ed zv\u00fd\u0161en\u00fd v\u00fdkon a spolehlivost.<\/p>\n<ul>\n<li>Kompatibiln\u00ed s 3 mm \u010depem spou\u0161t\u011b<\/li>\n<li>Funguje s t\u00e1hlem spou\u0161t\u011b L SA\/DA nebo W SA\/DA<\/li>\n<li>Tvar tov\u00e1rn\u00ed spou\u0161t\u011b s dr\u00e1\u017ekami pro lep\u0161\u00ed \u00fachop<\/li>\n<li>Vhodn\u00e9 pro modely KMR L-02 SPECTRA a UMBRA (od roku 2024)<\/li>\n<li>Kompatibiln\u00ed s KMR S-01 LANCE (OR) a S-02 (do roku 2023)<\/li>\n<li>Vhodn\u00e9 pro KMR W-02 UMBRA<\/li>\n<\/ul>\n<p>Vysoce kvalitn\u00ed spou\u0161\u0165 KMR pro lep\u0161\u00ed st\u0159eleck\u00fd z\u00e1\u017eitek.<\/p>\n","protected":false},"excerpt":{"rendered":"<p>N\u00e1hradn\u00ed ocelov\u00e1 spou\u0161\u0165 SA\/DA pro pistole KMR, dr\u00e1\u017ekovan\u00fd design.<\/p>\n","protected":false},"featured_media":574888,"template":"","meta":{"_acf_changed":false},"product_brand":[],"product_cat":[12661],"product_tag":[],"class_list":{"0":"post-574863","1":"product","2":"type-product","3":"status-publish","4":"has-post-thumbnail","6":"product_cat-kmr-dily","8":"first","9":"instock","10":"taxable","11":"shipping-taxable","12":"purchasable","13":"product-type-simple"},"acf":[],"_links":{"self":[{"href":"https:\/\/staging.nbg.eu\/cs\/wp-json\/wp\/v2\/product\/574863","targetHints":{"allow":["GET"]}}],"collection":[{"href":"https:\/\/staging.nbg.eu\/cs\/wp-json\/wp\/v2\/product"}],"about":[{"href":"https:\/\/staging.nbg.eu\/cs\/wp-json\/wp\/v2\/types\/product"}],"wp:featuredmedia":[{"embeddable":true,"href":"https:\/\/staging.nbg.eu\/cs\/wp-json\/wp\/v2\/media\/574888"}],"wp:attachment":[{"href":"https:\/\/staging.nbg.eu\/cs\/wp-json\/wp\/v2\/media?parent=574863"}],"wp:term":[{"taxonomy":"product_brand","embeddable":true,"href":"https:\/\/staging.nbg.eu\/cs\/wp-json\/wp\/v2\/product_brand?post=574863"},{"taxonomy":"product_cat","embeddable":true,"href":"https:\/\/staging.nbg.eu\/cs\/wp-json\/wp\/v2\/product_cat?post=574863"},{"taxonomy":"product_tag","embeddable":true,"href":"https:\/\/staging.nbg.eu\/cs\/wp-json\/wp\/v2\/product_tag?post=574863"}],"curies":[{"name":"wp","href":"https:\/\/api.w.org\/{rel}","templated":true}]}}