{"id":574733,"date":"2025-10-10T12:34:45","date_gmt":"2025-10-10T09:34:45","guid":{"rendered":"https:\/\/staging.nbg.eu\/product\/trigger-kmr-sa-da-straight-from-2024\/"},"modified":"2025-10-15T11:10:40","modified_gmt":"2025-10-15T08:10:40","slug":"spoust-kmr-sada-rovna-od-2024","status":"publish","type":"product","link":"https:\/\/staging.nbg.eu\/cs\/produkt\/spoust-kmr-sada-rovna-od-2024\/","title":{"rendered":"SPOU\u0160\u0164 KMR SA\/DA ROVN\u00c1 (od 2024)"},"content":{"rendered":"<h2>SPOU\u0160\u0164 KMR SA\/DA ROVN\u00c1 (od roku 2024)<\/h2>\n<h2>Reference: 0861-02301-0900<\/h2>\n<h3>Zna\u010dka: KMR Precision Arms<\/h3>\n<p>SPOU\u0160\u0164 KMR SA\/DA ROVN\u00c1 je ur\u010dena pro pistole KMR vyroben\u00e9 od roku 2024. Tato n\u00e1hradn\u00ed spou\u0161\u0165 je kompatibiln\u00ed s modely s hlin\u00edkov\u00fdm i ocelov\u00fdm r\u00e1mem.<\/p>\n<ul>\n<li>Rovn\u00fd design spou\u0161t\u011b<\/li>\n<li>Kompatibiln\u00ed s 3 mm spou\u0161\u0165ov\u00fdm \u010depem<\/li>\n<li>Funguje s L SA\/DA nebo W SA\/DA spou\u0161\u0165ovou p\u00e1kou<\/li>\n<li>Ocelov\u00e1 konstrukce<\/li>\n<li>Vhodn\u00e1 pro modely KMR: L-02 SPECTRA, L-02 UMBRA, S-01 LANCE (OR), S-02 a W-02 UMBRA<\/li>\n<\/ul>\n<p>Tato rovn\u00e1 spou\u0161\u0165 je navr\u017eena pro funkci v jedno\u010dinn\u00e9m i dvoj\u010dinn\u00e9m re\u017eimu. Je ur\u010dena pro pistole KMR.<\/p>\n","protected":false},"excerpt":{"rendered":"<p>Rovn\u00fd ocelov\u00fd spou\u0161\u0165ov\u00fd mechanismus SA\/DA pro pistole KMR od roku 2024. Kompatibiln\u00ed s 3mm \u010depem.<\/p>\n","protected":false},"featured_media":574767,"template":"","meta":{"_acf_changed":false},"product_brand":[],"product_cat":[12661],"product_tag":[],"class_list":{"0":"post-574733","1":"product","2":"type-product","3":"status-publish","4":"has-post-thumbnail","6":"product_cat-kmr-dily","8":"first","9":"instock","10":"taxable","11":"shipping-taxable","12":"purchasable","13":"product-type-simple"},"acf":[],"_links":{"self":[{"href":"https:\/\/staging.nbg.eu\/cs\/wp-json\/wp\/v2\/product\/574733","targetHints":{"allow":["GET"]}}],"collection":[{"href":"https:\/\/staging.nbg.eu\/cs\/wp-json\/wp\/v2\/product"}],"about":[{"href":"https:\/\/staging.nbg.eu\/cs\/wp-json\/wp\/v2\/types\/product"}],"wp:featuredmedia":[{"embeddable":true,"href":"https:\/\/staging.nbg.eu\/cs\/wp-json\/wp\/v2\/media\/574767"}],"wp:attachment":[{"href":"https:\/\/staging.nbg.eu\/cs\/wp-json\/wp\/v2\/media?parent=574733"}],"wp:term":[{"taxonomy":"product_brand","embeddable":true,"href":"https:\/\/staging.nbg.eu\/cs\/wp-json\/wp\/v2\/product_brand?post=574733"},{"taxonomy":"product_cat","embeddable":true,"href":"https:\/\/staging.nbg.eu\/cs\/wp-json\/wp\/v2\/product_cat?post=574733"},{"taxonomy":"product_tag","embeddable":true,"href":"https:\/\/staging.nbg.eu\/cs\/wp-json\/wp\/v2\/product_tag?post=574733"}],"curies":[{"name":"wp","href":"https:\/\/api.w.org\/{rel}","templated":true}]}}