{"id":57346,"date":"2024-02-20T19:53:48","date_gmt":"2024-09-13T14:32:54","guid":{"rendered":"https:\/\/staging.nbg.eu\/product\/geissele-ar15-super-precision-30mm-extended\/"},"modified":"2024-09-13T14:33:43","modified_gmt":"2024-09-13T14:33:43","slug":"geissele-ar15-super-precision-30mm-prodlouzena","status":"publish","type":"product","link":"https:\/\/staging.nbg.eu\/cs\/produkt\/geissele-ar15-super-precision-30mm-prodlouzena\/","title":{"rendered":"Geissele AR15 Super Precision 30mm, prodlou\u017een\u00e1"},"content":{"rendered":"<div class=\"product-description\">\n<h2>Geissele AR15 Super Precision\u00ae 30mm, Prodlou\u017een\u00fd<\/h2>\n<p>Navr\u017eeno pro pou\u017eit\u00ed s horn\u00edmi \u010d\u00e1stmi AR-15\/M4, mont\u00e1\u017e Geissele Super Precision\u00ae 30mm Prodlou\u017een\u00e1 nab\u00edz\u00ed stabilitu a p\u0159esnost. Hlavn\u00ed vlastnosti zahrnuj\u00ed:<\/p>\n<ul>\n<li>7-sek\u010dn\u00ed picatinny li\u0161ta se 4 st\u0159i\u017en\u00fdmi v\u00fdstupky pro bezpe\u010dn\u00e9 upevn\u011bn\u00ed<\/li>\n<li>Syst\u00e9m up\u00edn\u00e1n\u00ed matic\u00ed a \u0161roubem poskytuj\u00edc\u00ed s\u00edlu 1 400 liber na sadu<\/li>\n<li>Vyrobeno z jednoho kusu vysokopevnostn\u00edho hlin\u00edkov\u00e9ho bloku 7075-T6<\/li>\n<li>Zv\u00fd\u0161en\u00e1 pevnost a tuhost d\u00edky strategick\u00e9mu odleh\u010den\u00ed a \u017eebrov\u00e1n\u00ed<\/li>\n<li>P\u0159esn\u011b vyvrtan\u00e9 krytky pro lep\u0161\u00ed upevn\u011bn\u00ed a ochranu zam\u011b\u0159ova\u010de<\/li>\n<li>Variabiln\u00ed um\u00edst\u011bn\u00ed krytek pro r\u016fzn\u00e9 typy zam\u011b\u0159ova\u010d\u016f<\/li>\n<\/ul>\n<p>Tato mont\u00e1\u017e zam\u011b\u0159ova\u010de nab\u00edz\u00ed p\u0159esnost p\u0159i n\u00e1vratu do nulov\u00e9 polohy a odolnost, je navr\u017eena pro n\u00e1ro\u010dn\u00e9 podm\u00ednky.<\/p>\n<\/div>\n","protected":false},"excerpt":{"rendered":"<p>P\u0159esn\u00fd 30mm dr\u017e\u00e1k zam\u011b\u0159ova\u010de pro AR-15. Bezpe\u010dn\u00fd, odoln\u00fd, vyroben\u00fd z hlin\u00edku 7075-T6.<\/p>\n","protected":false},"featured_media":57347,"template":"","meta":{"_acf_changed":false},"product_brand":[11377],"product_cat":[12709],"product_tag":[],"class_list":{"0":"post-57346","1":"product","2":"type-product","3":"status-publish","4":"has-post-thumbnail","6":"product_brand-geissele","7":"product_cat-puska","9":"first","10":"instock","11":"taxable","12":"shipping-taxable","13":"product-type-variable","14":"wvs-archive-product-wrapper"},"acf":[],"_links":{"self":[{"href":"https:\/\/staging.nbg.eu\/cs\/wp-json\/wp\/v2\/product\/57346","targetHints":{"allow":["GET"]}}],"collection":[{"href":"https:\/\/staging.nbg.eu\/cs\/wp-json\/wp\/v2\/product"}],"about":[{"href":"https:\/\/staging.nbg.eu\/cs\/wp-json\/wp\/v2\/types\/product"}],"wp:featuredmedia":[{"embeddable":true,"href":"https:\/\/staging.nbg.eu\/cs\/wp-json\/wp\/v2\/media\/57347"}],"wp:attachment":[{"href":"https:\/\/staging.nbg.eu\/cs\/wp-json\/wp\/v2\/media?parent=57346"}],"wp:term":[{"taxonomy":"product_brand","embeddable":true,"href":"https:\/\/staging.nbg.eu\/cs\/wp-json\/wp\/v2\/product_brand?post=57346"},{"taxonomy":"product_cat","embeddable":true,"href":"https:\/\/staging.nbg.eu\/cs\/wp-json\/wp\/v2\/product_cat?post=57346"},{"taxonomy":"product_tag","embeddable":true,"href":"https:\/\/staging.nbg.eu\/cs\/wp-json\/wp\/v2\/product_tag?post=57346"}],"curies":[{"name":"wp","href":"https:\/\/api.w.org\/{rel}","templated":true}]}}