{"id":572760,"date":"2025-10-10T23:44:24","date_gmt":"2025-10-10T20:44:24","guid":{"rendered":"https:\/\/staging.nbg.eu\/product\/e-arthur-brown-company-inc-knob-s-lever-for-harris-type-bipods\/"},"modified":"2025-10-15T01:46:35","modified_gmt":"2025-10-14T22:46:35","slug":"knoflik-s-paka-pro-bipody-typu-harris-od-spolecnosti-e-arthur-brown-company-inc","status":"publish","type":"product","link":"https:\/\/staging.nbg.eu\/cs\/produkt\/knoflik-s-paka-pro-bipody-typu-harris-od-spolecnosti-e-arthur-brown-company-inc\/","title":{"rendered":"KNOFL\u00cdK S-P\u00c1KA PRO BIPODY TYPU HARRIS OD SPOLE\u010cNOSTI E. ARTHUR BROWN COMPANY, INC."},"content":{"rendered":"<h2>E. Arthur Brown Company S-Lever\u00ae Nap\u00edn\u00e1k<\/h2>\n<p>Vylep\u0161ete svou dvojno\u017eku typu Harris nebo Caldwell XLA s origin\u00e1ln\u00edm S-Lever\u00ae nap\u00edn\u00e1kem. Tato n\u00e1hrada za standardn\u00ed t\u0159ec\u00ed knofl\u00edk nab\u00edz\u00ed:<\/p>\n<ul>\n<li>Lep\u0161\u00ed ovl\u00e1d\u00e1n\u00ed a p\u00e1ku pro snadn\u00e9 nastaven\u00ed n\u00e1klonu<\/li>\n<li>Mo\u017enost jemn\u00e9ho dolad\u011bn\u00ed pro p\u0159esn\u00e9 polohov\u00e1n\u00ed<\/li>\n<li>Konstrukce z odoln\u00e9ho nylonu vyztu\u017een\u00e9ho vl\u00e1kny<\/li>\n<li>Bezpe\u010dnostn\u00ed design, kter\u00fd se ohne nebo zlom\u00ed p\u0159i extr\u00e9mn\u00edm nam\u00e1h\u00e1n\u00ed<\/li>\n<li>Jednoduch\u00fd proces instalace s p\u0159ilo\u017een\u00fdmi instrukcemi<\/li>\n<li>Vyrobeno v USA<\/li>\n<\/ul>\n<p>Navr\u017eeno pro dvojno\u017eky typu S-Harris a Caldwell XLA, tato \u010dern\u00e1 hlin\u00edkov\u00e1 p\u00e1ka zaji\u0161\u0165uje rychl\u00e9 a snadn\u00e9 nastaven\u00ed dvojno\u017eky v ter\u00e9nu. Zlep\u0161ete sv\u00e9 st\u0159eleck\u00e9 zku\u0161enosti s E. Arthur Brown Company S-Lever\u00ae nap\u00edn\u00e1kem.<\/p>\n","protected":false},"excerpt":{"rendered":"<p>Ergonomick\u00e1 S-p\u00e1\u010dka pro snadn\u00e9 nastaven\u00ed n\u00e1klonu dvojno\u017eky u dvojno\u017eek typu Harris.<\/p>\n","protected":false},"featured_media":572799,"template":"","meta":{"_acf_changed":false},"product_brand":[],"product_cat":[12702],"product_tag":[],"class_list":{"0":"post-572760","1":"product","2":"type-product","3":"status-publish","4":"has-post-thumbnail","6":"product_cat-dvojnozky","8":"first","9":"instock","10":"taxable","11":"shipping-taxable","12":"purchasable","13":"product-type-simple"},"acf":[],"_links":{"self":[{"href":"https:\/\/staging.nbg.eu\/cs\/wp-json\/wp\/v2\/product\/572760","targetHints":{"allow":["GET"]}}],"collection":[{"href":"https:\/\/staging.nbg.eu\/cs\/wp-json\/wp\/v2\/product"}],"about":[{"href":"https:\/\/staging.nbg.eu\/cs\/wp-json\/wp\/v2\/types\/product"}],"wp:featuredmedia":[{"embeddable":true,"href":"https:\/\/staging.nbg.eu\/cs\/wp-json\/wp\/v2\/media\/572799"}],"wp:attachment":[{"href":"https:\/\/staging.nbg.eu\/cs\/wp-json\/wp\/v2\/media?parent=572760"}],"wp:term":[{"taxonomy":"product_brand","embeddable":true,"href":"https:\/\/staging.nbg.eu\/cs\/wp-json\/wp\/v2\/product_brand?post=572760"},{"taxonomy":"product_cat","embeddable":true,"href":"https:\/\/staging.nbg.eu\/cs\/wp-json\/wp\/v2\/product_cat?post=572760"},{"taxonomy":"product_tag","embeddable":true,"href":"https:\/\/staging.nbg.eu\/cs\/wp-json\/wp\/v2\/product_tag?post=572760"}],"curies":[{"name":"wp","href":"https:\/\/api.w.org\/{rel}","templated":true}]}}