{"id":56880,"date":"2024-02-20T20:01:55","date_gmt":"2024-09-13T14:29:04","guid":{"rendered":"https:\/\/staging.nbg.eu\/product\/geissele-ar15-super-precision-34mm-extended\/"},"modified":"2024-09-13T14:30:03","modified_gmt":"2024-09-13T14:30:03","slug":"geissele-ar15-super-precision-34mm-prodlouzena","status":"publish","type":"product","link":"https:\/\/staging.nbg.eu\/cs\/produkt\/geissele-ar15-super-precision-34mm-prodlouzena\/","title":{"rendered":"Geissele AR15 Super Precision 34mm, prodlou\u017een\u00e1"},"content":{"rendered":"<div class=\"product-description\">\n<h2>Geissele AR15 Super Precision\u00ae 34mm, prodlou\u017een\u00fd<\/h2>\n<p>Zlep\u0161ete p\u0159esnost va\u0161\u00ed AR-15\/M4 s mont\u00e1\u017e\u00ed Geissele Super Precision\u00ae 34mm Extended. Tato mont\u00e1\u017e nab\u00edz\u00ed:<\/p>\n<ul>\n<li>7 picatinny sekc\u00ed se 4 st\u0159i\u017en\u00fdmi v\u00fdstupky pro vy\u0161\u0161\u00ed stabilitu<\/li>\n<li>Syst\u00e9m up\u00edn\u00e1n\u00ed pomoc\u00ed matice a \u0161roubu, poskytuj\u00edc\u00ed s\u00edlu 1 400 liber na p\u00e1r<\/li>\n<li>Vyrobeno z jednoho kusu vysokopevnostn\u00edho hlin\u00edkov\u00e9ho bloku 7075-T6<\/li>\n<li>Zv\u00fd\u0161en\u00e1 tuhost d\u00edky strategick\u00e9mu odleh\u010den\u00ed a \u017eebrov\u00e1n\u00ed<\/li>\n<li>Liniov\u011b vrtan\u00e9 obj\u00edmky pro p\u0159esn\u00e9 uchycen\u00ed a ochranu zam\u011b\u0159ova\u010de<\/li>\n<li>Serializovan\u00e9 obj\u00edmky pro zaji\u0161t\u011bn\u00ed spr\u00e1vn\u00e9ho zarovn\u00e1n\u00ed<\/li>\n<li>Univerz\u00e1ln\u00ed design vhodn\u00fd pro r\u016fzn\u00e9 typy zam\u011b\u0159ova\u010d\u016f<\/li>\n<\/ul>\n<p>Geissele nab\u00edz\u00ed p\u0159esnost p\u0159i n\u00e1vratu do nulov\u00e9 polohy a odolnost.<\/p>\n<\/div>\n","protected":false},"excerpt":{"rendered":"<p>Precizn\u011b navr\u017een\u00fd 34mm dr\u017e\u00e1k pu\u0161kohledu pro AR-15 poskytuj\u00edc\u00ed bezkonkuren\u010dn\u00ed stabilitu.<\/p>\n","protected":false},"featured_media":56882,"template":"","meta":{"_acf_changed":false},"product_brand":[11377],"product_cat":[12709],"product_tag":[],"class_list":{"0":"post-56880","1":"product","2":"type-product","3":"status-publish","4":"has-post-thumbnail","6":"product_brand-geissele","7":"product_cat-puska","9":"first","10":"instock","11":"taxable","12":"shipping-taxable","13":"product-type-variable","14":"wvs-archive-product-wrapper"},"acf":[],"_links":{"self":[{"href":"https:\/\/staging.nbg.eu\/cs\/wp-json\/wp\/v2\/product\/56880","targetHints":{"allow":["GET"]}}],"collection":[{"href":"https:\/\/staging.nbg.eu\/cs\/wp-json\/wp\/v2\/product"}],"about":[{"href":"https:\/\/staging.nbg.eu\/cs\/wp-json\/wp\/v2\/types\/product"}],"wp:featuredmedia":[{"embeddable":true,"href":"https:\/\/staging.nbg.eu\/cs\/wp-json\/wp\/v2\/media\/56882"}],"wp:attachment":[{"href":"https:\/\/staging.nbg.eu\/cs\/wp-json\/wp\/v2\/media?parent=56880"}],"wp:term":[{"taxonomy":"product_brand","embeddable":true,"href":"https:\/\/staging.nbg.eu\/cs\/wp-json\/wp\/v2\/product_brand?post=56880"},{"taxonomy":"product_cat","embeddable":true,"href":"https:\/\/staging.nbg.eu\/cs\/wp-json\/wp\/v2\/product_cat?post=56880"},{"taxonomy":"product_tag","embeddable":true,"href":"https:\/\/staging.nbg.eu\/cs\/wp-json\/wp\/v2\/product_tag?post=56880"}],"curies":[{"name":"wp","href":"https:\/\/api.w.org\/{rel}","templated":true}]}}