{"id":56585,"date":"2024-02-20T20:12:58","date_gmt":"2024-09-13T13:32:02","guid":{"rendered":"https:\/\/staging.nbg.eu\/product\/geissele-super-precision-scope-mount-30mm-for-ar-15-vortex-1-6\/"},"modified":"2024-09-13T13:32:48","modified_gmt":"2024-09-13T13:32:48","slug":"geissele-super-precision-montaz-pro-puskohled-30mm-pro-ar-15-vortex-1-6","status":"publish","type":"product","link":"https:\/\/staging.nbg.eu\/cs\/produkt\/geissele-super-precision-montaz-pro-puskohled-30mm-pro-ar-15-vortex-1-6\/","title":{"rendered":"Geissele Super Precision mont\u00e1\u017e pro pu\u0161kohled 30mm, pro AR-15 (Vortex 1-6)"},"content":{"rendered":"<div class=\"description-text\">\n<div class=\"exerpt\">\n<p>Tento dr\u017e\u00e1k pu\u0161kohledu AR-15 je sou\u010d\u00e1st\u00ed s\u00e9rie Geissele SOPMOD Certified. Zahrnuje produkty Geissele pou\u017e\u00edvan\u00e9 elitn\u00edmi vojensk\u00fdmi a protiteroristick\u00fdmi jednotkami v r\u00e1mci Velitelstv\u00ed speci\u00e1ln\u00edch operac\u00ed USA (USSOCOM). SOPMOD je program USSOCOM, kter\u00fd umo\u017e\u0148uje person\u00e1lu speci\u00e1ln\u00edch operac\u00ed konfigurovat sv\u00e9 zbran\u011b podle individu\u00e1ln\u00edch preferenc\u00ed a po\u017eadavk\u016f mise. Program je schv\u00e1len\u00fdm syst\u00e9mem p\u0159\u00edslu\u0161enstv\u00ed pro karabinu M4A1, FN SCAR Mk 16\/17 a dal\u0161\u00ed zbran\u011b pou\u017e\u00edvan\u00e9 USSOCOM. Ka\u017ed\u00e1 polo\u017eka Geissele nab\u00edzen\u00e1 v \u0159ad\u011b Geissele SOPMOD pro\u0161la d\u016fkladn\u00fdm testov\u00e1n\u00edm a certifikac\u00ed americk\u00e9 vl\u00e1dy prost\u0159ednictv\u00edm USSOCOM. Tyto dr\u017e\u00e1ky optiky jsou vyrobeny z jednoho 2 kg bloku leteck\u00e9ho hlin\u00edku 7075-T6.<\/p>\n<p>Jednotliv\u011b \u010d\u00edslovan\u00e9 krytky pu\u0161kohledu jsou vyvrt\u00e1ny v jedn\u00e9 linii s t\u011blem a vytvo\u0159eny v jedin\u00e9 operaci, co\u017e zaji\u0161\u0165uje nejlep\u0161\u00ed mo\u017en\u00e9 ulo\u017een\u00ed t\u011bla optiky. Dr\u017e\u00e1ky Geissele jsou zaji\u0161t\u011bny na m\u00edst\u011b pomoc\u00ed klasick\u00e9ho, osv\u011bd\u010den\u00e9ho syst\u00e9mu matice a svorky, kter\u00fd poskytuje 635 kg up\u00ednac\u00ed s\u00edly na matici. Tento syst\u00e9m poskytuje a\u017e 3kr\u00e1t v\u011bt\u0161\u00ed up\u00ednac\u00ed s\u00edlu ne\u017e jak\u00fdkoli p\u00e1kov\u00fd syst\u00e9m, zat\u00edmco p\u0159esn\u011b obroben\u00e9 st\u0159i\u017en\u00e9 v\u00fdstupky pom\u00e1haj\u00ed zajistit optiku na m\u00edst\u011b na p\u0159ij\u00edma\u010di b\u011bhem zp\u011btn\u00e9ho r\u00e1zu. Mont\u00e1\u017en\u00ed plocha pokr\u00fdv\u00e1 8 picatinny sekc\u00ed.<\/p>\n<h2 style=\"text-align: center\"><strong>&#8212; SPECIFIKACE &#8212;<\/strong><\/h2>\n<table border=\"1\">\n<tbody>\n<tr>\n<td><strong>MATERI\u00c1L: <\/strong><\/td>\n<td> 7075-T6<\/td>\n<\/tr>\n<tr>\n<td><strong>BARVA: <\/strong><\/td>\n<td> \u010cern\u00e1<\/td>\n<\/tr>\n<tr>\n<td><strong>POVRCHOV\u00c1 \u00daPRAVA: <\/strong><\/td>\n<td> Tvrd\u00e1 anodizace typu 3<\/td>\n<\/tr>\n<tr>\n<td><strong>HMOTNOST: <\/strong><\/td>\n<td> 201 g<\/td>\n<\/tr>\n<tr>\n<td><strong>VELIKOST KROU\u017dKU: <\/strong><\/td>\n<td> 30mm<\/td>\n<\/tr>\n<\/tbody>\n<\/table>\n<\/div>\n<\/div>\n","protected":false},"excerpt":{"rendered":"<p><strong>Sou\u010d\u00e1st s\u00e9rie Geissele SOPMOD Certified<\/strong><\/p>\n","protected":false},"featured_media":56586,"template":"","meta":{"_acf_changed":false},"product_brand":[11377],"product_cat":[12709],"product_tag":[],"class_list":{"0":"post-56585","1":"product","2":"type-product","3":"status-publish","4":"has-post-thumbnail","6":"product_brand-geissele","7":"product_cat-puska","9":"first","10":"instock","11":"taxable","12":"shipping-taxable","13":"product-type-variable","14":"wvs-archive-product-wrapper"},"acf":[],"_links":{"self":[{"href":"https:\/\/staging.nbg.eu\/cs\/wp-json\/wp\/v2\/product\/56585","targetHints":{"allow":["GET"]}}],"collection":[{"href":"https:\/\/staging.nbg.eu\/cs\/wp-json\/wp\/v2\/product"}],"about":[{"href":"https:\/\/staging.nbg.eu\/cs\/wp-json\/wp\/v2\/types\/product"}],"wp:featuredmedia":[{"embeddable":true,"href":"https:\/\/staging.nbg.eu\/cs\/wp-json\/wp\/v2\/media\/56586"}],"wp:attachment":[{"href":"https:\/\/staging.nbg.eu\/cs\/wp-json\/wp\/v2\/media?parent=56585"}],"wp:term":[{"taxonomy":"product_brand","embeddable":true,"href":"https:\/\/staging.nbg.eu\/cs\/wp-json\/wp\/v2\/product_brand?post=56585"},{"taxonomy":"product_cat","embeddable":true,"href":"https:\/\/staging.nbg.eu\/cs\/wp-json\/wp\/v2\/product_cat?post=56585"},{"taxonomy":"product_tag","embeddable":true,"href":"https:\/\/staging.nbg.eu\/cs\/wp-json\/wp\/v2\/product_tag?post=56585"}],"curies":[{"name":"wp","href":"https:\/\/api.w.org\/{rel}","templated":true}]}}