{"id":56472,"date":"2024-02-20T20:21:46","date_gmt":"2024-09-13T13:26:35","guid":{"rendered":"https:\/\/staging.nbg.eu\/product\/geissele-super-precision-zero-compromise-scope-mount-36mm-black\/"},"modified":"2024-09-13T13:27:16","modified_gmt":"2024-09-13T13:27:16","slug":"geissele-super-precision-zero-compromise-montaz-pro-puskohled-36mm-cerna","status":"publish","type":"product","link":"https:\/\/staging.nbg.eu\/cs\/produkt\/geissele-super-precision-zero-compromise-montaz-pro-puskohled-36mm-cerna\/","title":{"rendered":"Geissele Super Precision &#8211; Zero Compromise mont\u00e1\u017e pro pu\u0161kohled, 36mm &#8211; \u010cern\u00e1"},"content":{"rendered":"<div class=\"product-description\">\n<h2>Geissele Super Precision\u00ae &#8211; Mont\u00e1\u017e pro pu\u0161kohled Zero Compromise, 36mm &#8211; \u010cern\u00e1<\/h2>\n<p>Navr\u017eeno pro optick\u00e9 \u0159ady Zero Compromise ZC420, tato mont\u00e1\u017e je ur\u010dena pro st\u0159elce na extr\u00e9mn\u011b dlouh\u00e9 vzd\u00e1lenosti. Vlastnosti zahrnuj\u00ed:<\/p>\n<ul>\n<li>Vestav\u011bn\u00fd sklon 20 MOA (5,7 MIL) pro roz\u0161\u00ed\u0159en\u00fd rozsah v\u00fd\u0161kov\u00e9ho nastaven\u00ed<\/li>\n<li>2,5&#8243; prodlou\u017een\u00fd konzolov\u00fd design pro optim\u00e1ln\u00ed vzd\u00e1lenost oka<\/li>\n<li>P\u0159esn\u011b obroben\u00e9 smykov\u00e9 v\u00fdstupky pro stabilitu<\/li>\n<li>1 400 liber up\u00ednac\u00ed s\u00edly pomoc\u00ed aktualizovan\u00e9ho syst\u00e9mu matic a \u0161roub\u016f Geissele<\/li>\n<li>Rychl\u00e1 instalace a demont\u00e1\u017e pomoc\u00ed b\u011b\u017en\u00fdch n\u00e1stroj\u016f<\/li>\n<li>Schopnost n\u00e1vratu do nulov\u00e9 polohy<\/li>\n<li>Kompaktn\u00ed rozm\u011bry pro odolnost a v\u00fdkon<\/li>\n<\/ul>\n<p>Geissele Super Precision\u00ae mont\u00e1\u017e pro pu\u0161kohled Zero Compromise.<\/p>\n<\/div>\n","protected":false},"excerpt":{"rendered":"<p>Robustn\u00ed 36mm mont\u00e1\u017e pu\u0161kohledu pro extr\u00e9mn\u011b dlouh\u00e9 p\u0159esn\u00e9 st\u0159elby.<\/p>\n","protected":false},"featured_media":56473,"template":"","meta":{"_acf_changed":false},"product_brand":[11377],"product_cat":[12709],"product_tag":[],"class_list":{"0":"post-56472","1":"product","2":"type-product","3":"status-publish","4":"has-post-thumbnail","6":"product_brand-geissele","7":"product_cat-puska","9":"first","10":"instock","11":"taxable","12":"shipping-taxable","13":"product-type-simple"},"acf":[],"_links":{"self":[{"href":"https:\/\/staging.nbg.eu\/cs\/wp-json\/wp\/v2\/product\/56472","targetHints":{"allow":["GET"]}}],"collection":[{"href":"https:\/\/staging.nbg.eu\/cs\/wp-json\/wp\/v2\/product"}],"about":[{"href":"https:\/\/staging.nbg.eu\/cs\/wp-json\/wp\/v2\/types\/product"}],"wp:featuredmedia":[{"embeddable":true,"href":"https:\/\/staging.nbg.eu\/cs\/wp-json\/wp\/v2\/media\/56473"}],"wp:attachment":[{"href":"https:\/\/staging.nbg.eu\/cs\/wp-json\/wp\/v2\/media?parent=56472"}],"wp:term":[{"taxonomy":"product_brand","embeddable":true,"href":"https:\/\/staging.nbg.eu\/cs\/wp-json\/wp\/v2\/product_brand?post=56472"},{"taxonomy":"product_cat","embeddable":true,"href":"https:\/\/staging.nbg.eu\/cs\/wp-json\/wp\/v2\/product_cat?post=56472"},{"taxonomy":"product_tag","embeddable":true,"href":"https:\/\/staging.nbg.eu\/cs\/wp-json\/wp\/v2\/product_tag?post=56472"}],"curies":[{"name":"wp","href":"https:\/\/api.w.org\/{rel}","templated":true}]}}