{"id":55931,"date":"2024-01-30T18:03:59","date_gmt":"2024-09-13T13:18:54","guid":{"rendered":"https:\/\/staging.nbg.eu\/product\/fox-classic-hunter-30-multiple-gr\/"},"modified":"2024-09-13T13:19:48","modified_gmt":"2024-09-13T13:19:48","slug":"fox-classic-hunter-30-vice-grain","status":"publish","type":"product","link":"https:\/\/staging.nbg.eu\/cs\/produkt\/fox-classic-hunter-30-vice-grain\/","title":{"rendered":"Fox Classic Hunter .30 (V\u00edce grain)"},"content":{"rendered":"<div class=\"product-description\">\n<h2>Fox Classic Hunter<\/h2>\n<p>Fox Classic Hunter je st\u0159ela bez obsahu olova navr\u017een\u00e1 pro evropsk\u00e9 lovce. Hod\u00ed se pro r\u016fzn\u00e9 loveck\u00e9 situace, v\u010detn\u011b lovu divok\u00fdch prasat nebo kamz\u00edk\u016f v hor\u00e1ch. Tato st\u0159ela je vyrobena ze slitiny m\u011bdi a zinku.<\/p>\n<ul>\n<li>Slo\u017een\u00ed bez obsahu olova<\/li>\n<li>\u00da\u010dinn\u00e1 deformace p\u0159i ni\u017e\u0161\u00edch dopadov\u00fdch rychlostech (500 m\/s)<\/li>\n<li>Dr\u00e1\u017ekovan\u00fd design pro sn\u00ed\u017een\u00ed tlaku v hlavni a zv\u00fd\u0161en\u00ed rychlosti<\/li>\n<li>Plastov\u00e1 \u0161pi\u010dka odoln\u00e1 v\u016f\u010di teplot\u011b zlep\u0161uje balistiku a kone\u010dn\u00fd \u00fa\u010dinek<\/li>\n<li>Kontrolovan\u00e1 expanze pro optim\u00e1ln\u00ed p\u0159enos energie<\/li>\n<li>Houbovit\u00e1 deformace a\u017e na dvojn\u00e1sobek pr\u016fm\u011bru kalibru<\/li>\n<li>Vysok\u00e1 zastavovac\u00ed schopnost s minim\u00e1ln\u00edm po\u0161kozen\u00edm masa<\/li>\n<\/ul>\n<p>Fox Classic Hunter je vhodn\u00fd pro lov v cel\u00e9 Evrop\u011b.<\/p>\n<\/div>\n","protected":false},"excerpt":{"rendered":"<p>Bezolovnat\u00e1 st\u0159ela z m\u011bdi a zinku pro v\u0161estrann\u00e9 pou\u017eit\u00ed p\u0159i lovu. Rychl\u00e1 expanze, vysok\u00e1 p\u0159esnost.<\/p>\n","protected":false},"featured_media":55932,"template":"","meta":{"_acf_changed":false},"product_brand":[11334],"product_cat":[12705,12688],"product_tag":[],"class_list":{"0":"post-55931","1":"product","2":"type-product","3":"status-publish","4":"has-post-thumbnail","6":"product_brand-fox-bullets","7":"product_cat-prebijeni","8":"product_cat-strely","10":"first","11":"instock","12":"taxable","13":"shipping-taxable","14":"purchasable","15":"product-type-variable","16":"wvs-archive-product-wrapper"},"acf":[],"_links":{"self":[{"href":"https:\/\/staging.nbg.eu\/cs\/wp-json\/wp\/v2\/product\/55931","targetHints":{"allow":["GET"]}}],"collection":[{"href":"https:\/\/staging.nbg.eu\/cs\/wp-json\/wp\/v2\/product"}],"about":[{"href":"https:\/\/staging.nbg.eu\/cs\/wp-json\/wp\/v2\/types\/product"}],"wp:featuredmedia":[{"embeddable":true,"href":"https:\/\/staging.nbg.eu\/cs\/wp-json\/wp\/v2\/media\/55932"}],"wp:attachment":[{"href":"https:\/\/staging.nbg.eu\/cs\/wp-json\/wp\/v2\/media?parent=55931"}],"wp:term":[{"taxonomy":"product_brand","embeddable":true,"href":"https:\/\/staging.nbg.eu\/cs\/wp-json\/wp\/v2\/product_brand?post=55931"},{"taxonomy":"product_cat","embeddable":true,"href":"https:\/\/staging.nbg.eu\/cs\/wp-json\/wp\/v2\/product_cat?post=55931"},{"taxonomy":"product_tag","embeddable":true,"href":"https:\/\/staging.nbg.eu\/cs\/wp-json\/wp\/v2\/product_tag?post=55931"}],"curies":[{"name":"wp","href":"https:\/\/api.w.org\/{rel}","templated":true}]}}